{"id":4355,"date":"2025-06-12T13:11:49","date_gmt":"2025-06-12T11:11:49","guid":{"rendered":"https:\/\/vitaminai.lt\/?post_type=product&#038;p=4355"},"modified":"2026-04-02T15:04:35","modified_gmt":"2026-04-02T13:04:35","slug":"11-maisto-papildas-groziui-collagen-for-beauty-n90-2","status":"publish","type":"product","link":"https:\/\/vitaminai.lt\/en\/produktas\/11-maisto-papildas-groziui-collagen-for-beauty-n90-2\/","title":{"rendered":"1+1 Maisto papildas gro\u017eiui COLLAGEN FOR BEAUTY N90"},"content":{"rendered":"<h3 data-start=\"109\" data-end=\"136\"><strong data-start=\"113\" data-end=\"136\">COLLAGEN FOR BEAUTY<\/strong><\/h3>\n<p data-start=\"138\" data-end=\"171\"><strong data-start=\"138\" data-end=\"171\">Maisto papildas | 90 kapsuli\u0173<\/strong><\/p>\n<hr \/>\n<p data-start=\"474\" data-end=\"771\"><strong data-start=\"474\" data-end=\"497\">Collagen for Beauty<\/strong> \u2013 tai kompleksinis maisto papildas, sukurtas kasdien\u0117s mitybos papildymui ir gro\u017eio puosel\u0117jimui i\u0161 vidaus. Jo sud\u0117tyje esantys vitaminai ir mineralai parinkti taip, kad palaikyt\u0173 nat\u016bralius organizmo procesus, susijusius su odos, plauk\u0173 ir nag\u0173 b\u016bkle bei kolageno sinteze.<\/p>\n<p data-start=\"773\" data-end=\"1035\">Kolagenas yra svarbus strukt\u016brinis baltymas, nat\u016braliai gaminamas organizme, ta\u010diau su am\u017eiumi jo gamyba palaipsniui ma\u017e\u0117ja. Tod\u0117l tinkam\u0173 mikroelement\u0173 ir vitamin\u0173 kiekis mityboje tampa ypa\u010d svarbus siekiant palaikyti odos elastingum\u0105, tvirtus plaukus ir nagus.<\/p>\n<hr data-start=\"279\" data-end=\"282\" \/>\n<p data-start=\"284\" data-end=\"338\"><strong>Pagrindin\u0117s sudedamosios dalys ir j\u0173 poveikis:<\/strong><\/p>\n<p data-start=\"340\" data-end=\"427\"><strong data-start=\"340\" data-end=\"373\">Biotinas, cinkas, vitaminas A<\/strong> \u2013 padeda palaikyti sveik\u0105, elasting\u0105 ir \u0161vytin\u010di\u0105 od\u0105;<\/p>\n<p data-start=\"429\" data-end=\"519\"><strong data-start=\"429\" data-end=\"458\">Biotinas, cinkas, selenas<\/strong> \u2013 stiprina plaukus, padeda i\u0161vengti j\u0173 l\u016b\u017ein\u0117jimo ir sausumo;<\/p>\n<p data-start=\"521\" data-end=\"624\"><strong data-start=\"521\" data-end=\"540\">Cinkas, selenas<\/strong> \u2013 palaiko tvirtus, sveikus nagus, prisideda prie nat\u016bralios apsaugos nuo l\u016b\u017ein\u0117jimo;<\/p>\n<p data-start=\"626\" data-end=\"745\"><strong data-start=\"626\" data-end=\"641\">Vitaminas C<\/strong> \u2013 skatina nat\u016brali\u0105 kolageno sintez\u0119, svarbus odai, kaulams, dantims, dantenoms ir kraujagysli\u0173 veiklai;<\/p>\n<p data-start=\"747\" data-end=\"836\"><strong data-start=\"747\" data-end=\"757\">Cinkas<\/strong> \u2013 palaiko normali\u0105 vitamino A apykait\u0105, reikaling\u0105 odos sveikatai ir reg\u0117jimui;<\/p>\n<p data-start=\"838\" data-end=\"929\"><strong data-start=\"838\" data-end=\"850\">Biotinas<\/strong> \u2013 prisideda prie normalaus maistini\u0173 med\u017eiag\u0173 \u012fsisavinimo ir energijos gamybos.<\/p>\n<hr data-start=\"931\" data-end=\"934\" \/>\n<p data-start=\"936\" data-end=\"969\"><strong>Kam skirtas \u0161is papildas?<\/strong><\/p>\n<p data-start=\"971\" data-end=\"1196\">Tiems, kurie siekia palaikyti gro\u017e\u012f i\u0161 vidaus \u2013 od\u0105, plaukus ir nagus.<\/p>\n<p data-start=\"971\" data-end=\"1196\">Asmenims, norintiems stiprinti odos elastingum\u0105 ir ma\u017einti nuovarg\u012f.<\/p>\n<p data-start=\"971\" data-end=\"1196\">\u017dmon\u0117ms, kuriems svarbi nat\u016brali kolageno gamyba ir maistini\u0173 med\u017eiag\u0173 \u012fsisavinimas.<\/p>\n","protected":false},"excerpt":{"rendered":"<p>COLLAGEN FOR BEAUTY Maisto papildas | 90 kapsuli\u0173 Collagen for Beauty \u2013 tai kompleksinis maisto papildas, sukurtas kasdien\u0117s mitybos papildymui ir gro\u017eio puosel\u0117jimui i\u0161 vidaus. Jo sud\u0117tyje esantys vitaminai ir mineralai parinkti taip, kad palaikyt\u0173 nat\u016bralius organizmo procesus, susijusius su odos, plauk\u0173 ir nag\u0173 b\u016bkle bei kolageno sinteze. Kolagenas yra svarbus strukt\u016brinis baltymas, nat\u016braliai gaminamas [&hellip;]<\/p>\n","protected":false},"featured_media":4372,"comment_status":"open","ping_status":"closed","template":"","meta":[],"product_brand":[],"product_cat":[394,287,398,286,280,371,262,257,284,285,33,37,243,244,245,246,252,253,20,148,47,147,52,54,55,18,29,23,31,30,63,66,73,80,92,94,95],"product_tag":[],"class_list":{"0":"post-4355","1":"product","2":"type-product","3":"status-publish","4":"has-post-thumbnail","6":"product_cat-11-pasiulymai","7":"product_cat-baltymu-sintezei-privalumai","8":"product_cat-kolagenai","9":"product_cat-kolageno-sintezei-privalumai","10":"product_cat-medziagu-apykaitai-privalumai","11":"product_cat-nagams-pagrindines-kategorijos","12":"product_cat-odai-privalumai","13":"product_cat-privalumai","14":"product_cat-stipriems-nagams","15":"product_cat-zvilgantiems-plaukams","16":"product_cat-maisto-papildo-forma","17":"product_cat-kapsules","18":"product_cat-pagrindines-kategorijos","19":"product_cat-moterims","20":"product_cat-vyrams","21":"product_cat-groziui-2","22":"product_cat-odai-pagrindines-kategorijos","23":"product_cat-plaukams-pagrindines-kategorijos","24":"product_cat-paskirtis","25":"product_cat-baltymu-sintezei","26":"product_cat-groziui","27":"product_cat-kolageno-sintezei","28":"product_cat-nagams","29":"product_cat-odai","30":"product_cat-plaukams","31":"product_cat-vartotojas","32":"product_cat-moterys","33":"product_cat-paaugliai","34":"product_cat-senjorai","35":"product_cat-vyrai","36":"product_cat-biotinas","37":"product_cat-cinkas","38":"product_cat-hialurono-rugst","39":"product_cat-kolagenas","40":"product_cat-selenas","41":"product_cat-vitaminas-a","42":"product_cat-vitaminas-b","44":"first","45":"instock","46":"sale","47":"shipping-taxable","48":"purchasable","49":"product-type-simple"},"yoast_head":"<!-- This site is optimized with the Yoast SEO plugin v26.6 - https:\/\/yoast.com\/wordpress\/plugins\/seo\/ -->\n<title>1+1 Maisto papildas gro\u017eiui COLLAGEN FOR BEAUTY N90 - Vitaminai ir maisto papildai internetu | Vitaminai.lt<\/title>\n<meta name=\"robots\" content=\"index, follow, max-snippet:-1, max-image-preview:large, max-video-preview:-1\" \/>\n<link rel=\"canonical\" href=\"https:\/\/vitaminai.lt\/produktas\/11-maisto-papildas-groziui-collagen-for-beauty-n90-2\/\" \/>\n<meta property=\"og:locale\" content=\"en_US\" \/>\n<meta property=\"og:type\" content=\"article\" \/>\n<meta property=\"og:title\" content=\"1+1 Maisto papildas gro\u017eiui COLLAGEN FOR BEAUTY N90 - Vitaminai ir maisto papildai internetu | Vitaminai.lt\" \/>\n<meta property=\"og:description\" content=\"COLLAGEN FOR BEAUTY Maisto papildas | 90 kapsuli\u0173 Collagen for Beauty \u2013 tai kompleksinis maisto papildas, sukurtas kasdien\u0117s mitybos papildymui ir gro\u017eio puosel\u0117jimui i\u0161 vidaus. Jo sud\u0117tyje esantys vitaminai ir mineralai parinkti taip, kad palaikyt\u0173 nat\u016bralius organizmo procesus, susijusius su odos, plauk\u0173 ir nag\u0173 b\u016bkle bei kolageno sinteze. Kolagenas yra svarbus strukt\u016brinis baltymas, nat\u016braliai gaminamas [&hellip;]\" \/>\n<meta property=\"og:url\" content=\"https:\/\/vitaminai.lt\/produktas\/11-maisto-papildas-groziui-collagen-for-beauty-n90-2\/\" \/>\n<meta property=\"og:site_name\" content=\"Vitaminai ir maisto papildai internetu | Vitaminai.lt\" \/>\n<meta property=\"article:publisher\" content=\"https:\/\/www.facebook.com\/vitaminai\/\" \/>\n<meta property=\"article:modified_time\" content=\"2026-04-02T13:04:35+00:00\" \/>\n<meta property=\"og:image\" content=\"https:\/\/vitaminai.lt\/wp-content\/uploads\/2025\/06\/Rinkiniai_New-21-min-2-scaled.jpg\" \/>\n\t<meta property=\"og:image:width\" content=\"2560\" \/>\n\t<meta property=\"og:image:height\" content=\"2498\" \/>\n\t<meta property=\"og:image:type\" content=\"image\/jpeg\" \/>\n<meta name=\"twitter:card\" content=\"summary_large_image\" \/>\n<meta name=\"twitter:label1\" content=\"Est. reading time\" \/>\n\t<meta name=\"twitter:data1\" content=\"2 minutes\" \/>\n<script type=\"application\/ld+json\" class=\"yoast-schema-graph\">{\"@context\":\"https:\/\/schema.org\",\"@graph\":[{\"@type\":\"WebPage\",\"@id\":\"https:\/\/vitaminai.lt\/produktas\/11-maisto-papildas-groziui-collagen-for-beauty-n90-2\/\",\"url\":\"https:\/\/vitaminai.lt\/produktas\/11-maisto-papildas-groziui-collagen-for-beauty-n90-2\/\",\"name\":\"1+1 Maisto papildas gro\u017eiui COLLAGEN FOR BEAUTY N90 - Vitaminai ir maisto papildai internetu | Vitaminai.lt\",\"isPartOf\":{\"@id\":\"https:\/\/vitaminai.lt\/#website\"},\"primaryImageOfPage\":{\"@id\":\"https:\/\/vitaminai.lt\/produktas\/11-maisto-papildas-groziui-collagen-for-beauty-n90-2\/#primaryimage\"},\"image\":{\"@id\":\"https:\/\/vitaminai.lt\/produktas\/11-maisto-papildas-groziui-collagen-for-beauty-n90-2\/#primaryimage\"},\"thumbnailUrl\":\"https:\/\/vitaminai.lt\/wp-content\/uploads\/2025\/06\/Rinkiniai_New-21-min-2-scaled.jpg\",\"datePublished\":\"2025-06-12T11:11:49+00:00\",\"dateModified\":\"2026-04-02T13:04:35+00:00\",\"breadcrumb\":{\"@id\":\"https:\/\/vitaminai.lt\/produktas\/11-maisto-papildas-groziui-collagen-for-beauty-n90-2\/#breadcrumb\"},\"inLanguage\":\"en-US\",\"potentialAction\":[{\"@type\":\"ReadAction\",\"target\":[\"https:\/\/vitaminai.lt\/produktas\/11-maisto-papildas-groziui-collagen-for-beauty-n90-2\/\"]}]},{\"@type\":\"ImageObject\",\"inLanguage\":\"en-US\",\"@id\":\"https:\/\/vitaminai.lt\/produktas\/11-maisto-papildas-groziui-collagen-for-beauty-n90-2\/#primaryimage\",\"url\":\"https:\/\/vitaminai.lt\/wp-content\/uploads\/2025\/06\/Rinkiniai_New-21-min-2-scaled.jpg\",\"contentUrl\":\"https:\/\/vitaminai.lt\/wp-content\/uploads\/2025\/06\/Rinkiniai_New-21-min-2-scaled.jpg\",\"width\":2560,\"height\":2498},{\"@type\":\"BreadcrumbList\",\"@id\":\"https:\/\/vitaminai.lt\/produktas\/11-maisto-papildas-groziui-collagen-for-beauty-n90-2\/#breadcrumb\",\"itemListElement\":[{\"@type\":\"ListItem\",\"position\":1,\"name\":\"Home\",\"item\":\"https:\/\/vitaminai.lt\/\"},{\"@type\":\"ListItem\",\"position\":2,\"name\":\"Produktai\",\"item\":\"https:\/\/vitaminai.lt\/produktai\/\"},{\"@type\":\"ListItem\",\"position\":3,\"name\":\"1+1 Maisto papildas gro\u017eiui COLLAGEN FOR BEAUTY N90\"}]},{\"@type\":\"WebSite\",\"@id\":\"https:\/\/vitaminai.lt\/#website\",\"url\":\"https:\/\/vitaminai.lt\/\",\"name\":\"Vitaminai ir maisto papildai internetu | Vitaminai.lt\",\"description\":\"\",\"publisher\":{\"@id\":\"https:\/\/vitaminai.lt\/#organization\"},\"potentialAction\":[{\"@type\":\"SearchAction\",\"target\":{\"@type\":\"EntryPoint\",\"urlTemplate\":\"https:\/\/vitaminai.lt\/?s={search_term_string}\"},\"query-input\":{\"@type\":\"PropertyValueSpecification\",\"valueRequired\":true,\"valueName\":\"search_term_string\"}}],\"inLanguage\":\"en-US\"},{\"@type\":\"Organization\",\"@id\":\"https:\/\/vitaminai.lt\/#organization\",\"name\":\"Vitaminai ir maisto papildai internetu | Vitaminai.lt\",\"url\":\"https:\/\/vitaminai.lt\/\",\"logo\":{\"@type\":\"ImageObject\",\"inLanguage\":\"en-US\",\"@id\":\"https:\/\/vitaminai.lt\/#\/schema\/logo\/image\/\",\"url\":\"https:\/\/vitaminai.lt\/wp-content\/uploads\/2025\/01\/g212.png\",\"contentUrl\":\"https:\/\/vitaminai.lt\/wp-content\/uploads\/2025\/01\/g212.png\",\"width\":313,\"height\":74,\"caption\":\"Vitaminai ir maisto papildai internetu | Vitaminai.lt\"},\"image\":{\"@id\":\"https:\/\/vitaminai.lt\/#\/schema\/logo\/image\/\"},\"sameAs\":[\"https:\/\/www.facebook.com\/vitaminai\/\"]}]}<\/script>\n<!-- \/ Yoast SEO plugin. -->","yoast_head_json":{"title":"1+1 Maisto papildas gro\u017eiui COLLAGEN FOR BEAUTY N90 - Vitaminai ir maisto papildai internetu | Vitaminai.lt","robots":{"index":"index","follow":"follow","max-snippet":"max-snippet:-1","max-image-preview":"max-image-preview:large","max-video-preview":"max-video-preview:-1"},"canonical":"https:\/\/vitaminai.lt\/produktas\/11-maisto-papildas-groziui-collagen-for-beauty-n90-2\/","og_locale":"en_US","og_type":"article","og_title":"1+1 Maisto papildas gro\u017eiui COLLAGEN FOR BEAUTY N90 - Vitaminai ir maisto papildai internetu | Vitaminai.lt","og_description":"COLLAGEN FOR BEAUTY Maisto papildas | 90 kapsuli\u0173 Collagen for Beauty \u2013 tai kompleksinis maisto papildas, sukurtas kasdien\u0117s mitybos papildymui ir gro\u017eio puosel\u0117jimui i\u0161 vidaus. Jo sud\u0117tyje esantys vitaminai ir mineralai parinkti taip, kad palaikyt\u0173 nat\u016bralius organizmo procesus, susijusius su odos, plauk\u0173 ir nag\u0173 b\u016bkle bei kolageno sinteze. Kolagenas yra svarbus strukt\u016brinis baltymas, nat\u016braliai gaminamas [&hellip;]","og_url":"https:\/\/vitaminai.lt\/produktas\/11-maisto-papildas-groziui-collagen-for-beauty-n90-2\/","og_site_name":"Vitaminai ir maisto papildai internetu | Vitaminai.lt","article_publisher":"https:\/\/www.facebook.com\/vitaminai\/","article_modified_time":"2026-04-02T13:04:35+00:00","og_image":[{"width":2560,"height":2498,"url":"https:\/\/vitaminai.lt\/wp-content\/uploads\/2025\/06\/Rinkiniai_New-21-min-2-scaled.jpg","type":"image\/jpeg"}],"twitter_card":"summary_large_image","twitter_misc":{"Est. reading time":"2 minutes"},"schema":{"@context":"https:\/\/schema.org","@graph":[{"@type":"WebPage","@id":"https:\/\/vitaminai.lt\/produktas\/11-maisto-papildas-groziui-collagen-for-beauty-n90-2\/","url":"https:\/\/vitaminai.lt\/produktas\/11-maisto-papildas-groziui-collagen-for-beauty-n90-2\/","name":"1+1 Maisto papildas gro\u017eiui COLLAGEN FOR BEAUTY N90 - Vitaminai ir maisto papildai internetu | Vitaminai.lt","isPartOf":{"@id":"https:\/\/vitaminai.lt\/#website"},"primaryImageOfPage":{"@id":"https:\/\/vitaminai.lt\/produktas\/11-maisto-papildas-groziui-collagen-for-beauty-n90-2\/#primaryimage"},"image":{"@id":"https:\/\/vitaminai.lt\/produktas\/11-maisto-papildas-groziui-collagen-for-beauty-n90-2\/#primaryimage"},"thumbnailUrl":"https:\/\/vitaminai.lt\/wp-content\/uploads\/2025\/06\/Rinkiniai_New-21-min-2-scaled.jpg","datePublished":"2025-06-12T11:11:49+00:00","dateModified":"2026-04-02T13:04:35+00:00","breadcrumb":{"@id":"https:\/\/vitaminai.lt\/produktas\/11-maisto-papildas-groziui-collagen-for-beauty-n90-2\/#breadcrumb"},"inLanguage":"en-US","potentialAction":[{"@type":"ReadAction","target":["https:\/\/vitaminai.lt\/produktas\/11-maisto-papildas-groziui-collagen-for-beauty-n90-2\/"]}]},{"@type":"ImageObject","inLanguage":"en-US","@id":"https:\/\/vitaminai.lt\/produktas\/11-maisto-papildas-groziui-collagen-for-beauty-n90-2\/#primaryimage","url":"https:\/\/vitaminai.lt\/wp-content\/uploads\/2025\/06\/Rinkiniai_New-21-min-2-scaled.jpg","contentUrl":"https:\/\/vitaminai.lt\/wp-content\/uploads\/2025\/06\/Rinkiniai_New-21-min-2-scaled.jpg","width":2560,"height":2498},{"@type":"BreadcrumbList","@id":"https:\/\/vitaminai.lt\/produktas\/11-maisto-papildas-groziui-collagen-for-beauty-n90-2\/#breadcrumb","itemListElement":[{"@type":"ListItem","position":1,"name":"Home","item":"https:\/\/vitaminai.lt\/"},{"@type":"ListItem","position":2,"name":"Produktai","item":"https:\/\/vitaminai.lt\/produktai\/"},{"@type":"ListItem","position":3,"name":"1+1 Maisto papildas gro\u017eiui COLLAGEN FOR BEAUTY N90"}]},{"@type":"WebSite","@id":"https:\/\/vitaminai.lt\/#website","url":"https:\/\/vitaminai.lt\/","name":"Vitaminai ir maisto papildai internetu | Vitaminai.lt","description":"","publisher":{"@id":"https:\/\/vitaminai.lt\/#organization"},"potentialAction":[{"@type":"SearchAction","target":{"@type":"EntryPoint","urlTemplate":"https:\/\/vitaminai.lt\/?s={search_term_string}"},"query-input":{"@type":"PropertyValueSpecification","valueRequired":true,"valueName":"search_term_string"}}],"inLanguage":"en-US"},{"@type":"Organization","@id":"https:\/\/vitaminai.lt\/#organization","name":"Vitaminai ir maisto papildai internetu | Vitaminai.lt","url":"https:\/\/vitaminai.lt\/","logo":{"@type":"ImageObject","inLanguage":"en-US","@id":"https:\/\/vitaminai.lt\/#\/schema\/logo\/image\/","url":"https:\/\/vitaminai.lt\/wp-content\/uploads\/2025\/01\/g212.png","contentUrl":"https:\/\/vitaminai.lt\/wp-content\/uploads\/2025\/01\/g212.png","width":313,"height":74,"caption":"Vitaminai ir maisto papildai internetu | Vitaminai.lt"},"image":{"@id":"https:\/\/vitaminai.lt\/#\/schema\/logo\/image\/"},"sameAs":["https:\/\/www.facebook.com\/vitaminai\/"]}]}},"_links":{"self":[{"href":"https:\/\/vitaminai.lt\/en\/wp-json\/wp\/v2\/product\/4355","targetHints":{"allow":["GET"]}}],"collection":[{"href":"https:\/\/vitaminai.lt\/en\/wp-json\/wp\/v2\/product"}],"about":[{"href":"https:\/\/vitaminai.lt\/en\/wp-json\/wp\/v2\/types\/product"}],"replies":[{"embeddable":true,"href":"https:\/\/vitaminai.lt\/en\/wp-json\/wp\/v2\/comments?post=4355"}],"wp:featuredmedia":[{"embeddable":true,"href":"https:\/\/vitaminai.lt\/en\/wp-json\/wp\/v2\/media\/4372"}],"wp:attachment":[{"href":"https:\/\/vitaminai.lt\/en\/wp-json\/wp\/v2\/media?parent=4355"}],"wp:term":[{"taxonomy":"product_brand","embeddable":true,"href":"https:\/\/vitaminai.lt\/en\/wp-json\/wp\/v2\/product_brand?post=4355"},{"taxonomy":"product_cat","embeddable":true,"href":"https:\/\/vitaminai.lt\/en\/wp-json\/wp\/v2\/product_cat?post=4355"},{"taxonomy":"product_tag","embeddable":true,"href":"https:\/\/vitaminai.lt\/en\/wp-json\/wp\/v2\/product_tag?post=4355"}],"curies":[{"name":"wp","href":"https:\/\/api.w.org\/{rel}","templated":true}]}}