{"id":4374,"date":"2025-06-12T13:51:12","date_gmt":"2025-06-12T11:51:12","guid":{"rendered":"https:\/\/vitaminai.lt\/?post_type=product&#038;p=4374"},"modified":"2026-04-09T08:40:16","modified_gmt":"2026-04-09T06:40:16","slug":"11-vitaminas-c-prolong-su-bioflavanoidais-500-mg-n90","status":"publish","type":"product","link":"https:\/\/vitaminai.lt\/en\/produktas\/11-vitaminas-c-prolong-su-bioflavanoidais-500-mg-n90\/","title":{"rendered":"1+1 Vitaminas C PROLONG su bioflavanoidais 500 mg N90"},"content":{"rendered":"<article class=\"text-token-text-primary w-full\" dir=\"auto\" data-testid=\"conversation-turn-172\" data-scroll-anchor=\"true\">\n<div class=\"text-base my-auto mx-auto py-5 [--thread-content-margin:--spacing(4)] @[37rem]:[--thread-content-margin:--spacing(6)] @[72rem]:[--thread-content-margin:--spacing(16)] px-(--thread-content-margin)\">\n<div class=\"[--thread-content-max-width:32rem] @[34rem]:[--thread-content-max-width:40rem] @[64rem]:[--thread-content-max-width:48rem] mx-auto flex max-w-(--thread-content-max-width) flex-1 text-base gap-4 md:gap-5 lg:gap-6 group\/turn-messages focus-visible:outline-hidden\">\n<div class=\"group\/conversation-turn relative flex w-full min-w-0 flex-col agent-turn\">\n<div class=\"relative flex-col gap-1 md:gap-3\">\n<div class=\"flex max-w-full flex-col grow\">\n<div class=\"min-h-8 text-message relative flex w-full flex-col items-end gap-2 text-start break-words whitespace-normal [.text-message+&amp;]:mt-5\" dir=\"auto\" data-message-author-role=\"assistant\" data-message-id=\"c1772adb-b2a0-4535-ba92-0974b95a52f2\" data-message-model-slug=\"gpt-4o\">\n<div class=\"flex w-full flex-col gap-1 empty:hidden first:pt-[3px]\">\n<div class=\"markdown prose dark:prose-invert w-full break-words light\">\n<h3 data-start=\"100\" data-end=\"145\">VITAMINAS C PRO-LONG SU BIOFLAVONOIDAIS<\/h3>\n<p data-start=\"146\" data-end=\"179\"><strong data-start=\"146\" data-end=\"179\">Maisto papildas | 90 table\u010di\u0173<\/strong><\/p>\n<p data-start=\"181\" data-end=\"265\"><strong>Ilgalaikio i\u0161siskyrimo vitaminas C normaliai imunin\u0117s sistemos veiklai ir energijos apykaitai palaikyti<\/strong><\/p>\n<hr \/>\n<p data-start=\"267\" data-end=\"578\"><strong data-start=\"1020\" data-end=\"1063\">Vitaminas C Pro-Long su bioflavonoidais<\/strong>\u00a0\u2013 tai ilgalaikio i\u0161siskyrimo maisto papildas, skirtas papildyti kasdien\u0119 mityb\u0105 vitaminu C. Speciali l\u0117to i\u0161siskyrimo tablet\u0117s forma leid\u017eia vitaminui C palaipsniui i\u0161siskirti, u\u017etikrinant tolyg\u0173 jo pasisavinim\u0105 organizme.<\/p>\n<hr data-start=\"580\" data-end=\"583\" \/>\n<h4 data-start=\"585\" data-end=\"653\"><strong data-start=\"590\" data-end=\"653\">Kod\u0117l verta rinktis Vitamin\u0105 C Pro-Long su Bioflavonoidais?<\/strong><\/h4>\n<p data-start=\"345\" data-end=\"536\"><strong data-start=\"345\" data-end=\"368\">Ilgalaikis veikimas<\/strong>\u00a0\u2013 speciali l\u0117to i\u0161siskyrimo formul\u0117 leid\u017eia vitaminui C palaipsniui i\u0161siskirti per ne trumpesn\u012f nei 4 valand\u0173 laikotarp\u012f, u\u017etikrinant tolyg\u0173 jo pasisavinim\u0105 organizme.<\/p>\n<p data-start=\"538\" data-end=\"792\"><strong data-start=\"538\" data-end=\"570\">Imunin\u0117s sistemos palaikymas<\/strong>\u00a0\u2013 vitaminas C padeda palaikyti normali\u0105 imunin\u0117s sistemos veikl\u0105 ir padeda apsaugoti l\u0105steles nuo oksidacin\u0117s pa\u017eaidos. Taip pat prisideda prie normalios imunin\u0117s sistemos veiklos intensyvaus fizinio kr\u016bvio metu ir po jo.<\/p>\n<p data-start=\"794\" data-end=\"1009\"><strong data-start=\"794\" data-end=\"834\">Energijai ir psichologinei funkcijai<\/strong>\u00a0\u2013 vitaminas C prisideda prie normalios energijos apykaitos, padeda ma\u017einti pavargimo jausm\u0105 ir nuovarg\u012f bei padeda palaikyti normali\u0105 nerv\u0173 sistemos ir psichologin\u0119 funkcij\u0105.<\/p>\n<p data-start=\"1011\" data-end=\"1178\"><strong data-start=\"1011\" data-end=\"1032\">Kolageno sintezei<\/strong>\u00a0\u2013 vitaminas C prisideda prie normalaus kolageno susidarymo, reikalingo normaliai odos, kraujagysli\u0173, kaul\u0173, kremzli\u0173, danten\u0173 ir dant\u0173 funkcijai.<\/p>\n<p data-start=\"1180\" data-end=\"1327\"><strong data-start=\"1180\" data-end=\"1209\">Augaliniai bioflavonoidai<\/strong>\u00a0\u2013 nat\u016bralios augalin\u0117s kilm\u0117s med\u017eiagos, papildan\u010dios vitamino C sud\u0117t\u012f ir pasi\u017eymin\u010dios antioksidacin\u0117mis savyb\u0117mis.<\/p>\n<p data-start=\"1329\" data-end=\"1465\"><strong data-start=\"1329\" data-end=\"1375\">S\u0105veika su kitais vitaminais ir mineralais<\/strong>\u00a0\u2013 vitaminas C padeda atkurti redukuoto pavidalo vitamin\u0105 E ir gerina gele\u017eies absorbcij\u0105.<\/p>\n<hr \/>\n<p data-start=\"1521\" data-end=\"1646\" data-is-last-node=\"\" data-is-only-node=\"\"><strong>Vitaminas C Pro-Long su bioflavonoidais \u2013 patikimas pasirinkimas normalios imunin\u0117s sistemos veiklos, energijos apykaitos ir bendros organizmo funkcijos palaikymui.<\/strong><\/p>\n<\/div>\n<\/div>\n<\/div>\n<\/div>\n<\/div>\n<\/div>\n<\/div>\n<\/div>\n<\/article>\n","protected":false},"excerpt":{"rendered":"<p>VITAMINAS C PRO-LONG SU BIOFLAVONOIDAIS Maisto papildas | 90 table\u010di\u0173 Ilgalaikio i\u0161siskyrimo vitaminas C normaliai imunin\u0117s sistemos veiklai ir energijos apykaitai palaikyti Vitaminas C Pro-Long su bioflavonoidais\u00a0\u2013 tai ilgalaikio i\u0161siskyrimo maisto papildas, skirtas papildyti kasdien\u0119 mityb\u0105 vitaminu C. Speciali l\u0117to i\u0161siskyrimo tablet\u0117s forma leid\u017eia vitaminui C palaipsniui i\u0161siskirti, u\u017etikrinant tolyg\u0173 jo pasisavinim\u0105 organizme. Kod\u0117l verta [&hellip;]<\/p>\n","protected":false},"featured_media":4375,"comment_status":"open","ping_status":"closed","template":"","meta":[],"product_brand":[],"product_cat":[394,311,278,260,375,276,277,257,294,368,33,40,243,244,245,247,249,251,20,26],"product_tag":[],"class_list":{"0":"post-4374","1":"product","2":"type-product","3":"status-publish","4":"has-post-thumbnail","6":"product_cat-11-pasiulymai","7":"product_cat-antioksidantas","8":"product_cat-energijos-apykaitai","9":"product_cat-imunitetui-privalumai","10":"product_cat-menesio-prekes","11":"product_cat-nervu-sistemai-privalumai","12":"product_cat-nuovargio-mazinimui-privalumai","13":"product_cat-privalumai","14":"product_cat-psichologinei-funkcijai-privalumai","15":"product_cat-sportuojantiems-pagrindines-kategorijos","16":"product_cat-maisto-papildo-forma","17":"product_cat-tabletes","18":"product_cat-pagrindines-kategorijos","19":"product_cat-moterims","20":"product_cat-vyrams","21":"product_cat-energijai-pagrindines-kategorijos","22":"product_cat-nervu-sistemai-pagrindines-kategorijos","23":"product_cat-vaikams","24":"product_cat-paskirtis","25":"product_cat-energijai","27":"first","28":"instock","29":"sale","30":"shipping-taxable","31":"purchasable","32":"product-type-simple"},"yoast_head":"<!-- This site is optimized with the Yoast SEO plugin v26.6 - https:\/\/yoast.com\/wordpress\/plugins\/seo\/ -->\n<title>1+1 Vitaminas C PROLONG su bioflavanoidais 500 mg N90 - Vitaminai ir maisto papildai internetu | Vitaminai.lt<\/title>\n<meta name=\"robots\" content=\"index, follow, max-snippet:-1, max-image-preview:large, max-video-preview:-1\" \/>\n<link rel=\"canonical\" href=\"https:\/\/vitaminai.lt\/produktas\/11-vitaminas-c-prolong-su-bioflavanoidais-500-mg-n90\/\" \/>\n<meta property=\"og:locale\" content=\"en_US\" \/>\n<meta property=\"og:type\" content=\"article\" \/>\n<meta property=\"og:title\" content=\"1+1 Vitaminas C PROLONG su bioflavanoidais 500 mg N90 - Vitaminai ir maisto papildai internetu | Vitaminai.lt\" \/>\n<meta property=\"og:description\" content=\"VITAMINAS C PRO-LONG SU BIOFLAVONOIDAIS Maisto papildas | 90 table\u010di\u0173 Ilgalaikio i\u0161siskyrimo vitaminas C normaliai imunin\u0117s sistemos veiklai ir energijos apykaitai palaikyti Vitaminas C Pro-Long su bioflavonoidais\u00a0\u2013 tai ilgalaikio i\u0161siskyrimo maisto papildas, skirtas papildyti kasdien\u0119 mityb\u0105 vitaminu C. Speciali l\u0117to i\u0161siskyrimo tablet\u0117s forma leid\u017eia vitaminui C palaipsniui i\u0161siskirti, u\u017etikrinant tolyg\u0173 jo pasisavinim\u0105 organizme. Kod\u0117l verta [&hellip;]\" \/>\n<meta property=\"og:url\" content=\"https:\/\/vitaminai.lt\/produktas\/11-vitaminas-c-prolong-su-bioflavanoidais-500-mg-n90\/\" \/>\n<meta property=\"og:site_name\" content=\"Vitaminai ir maisto papildai internetu | Vitaminai.lt\" \/>\n<meta property=\"article:publisher\" content=\"https:\/\/www.facebook.com\/vitaminai\/\" \/>\n<meta property=\"article:modified_time\" content=\"2026-04-09T06:40:16+00:00\" \/>\n<meta property=\"og:image\" content=\"https:\/\/vitaminai.lt\/wp-content\/uploads\/2025\/06\/Rinkiniai_New-22-scaled.jpg\" \/>\n\t<meta property=\"og:image:width\" content=\"2560\" \/>\n\t<meta property=\"og:image:height\" content=\"2498\" \/>\n\t<meta property=\"og:image:type\" content=\"image\/jpeg\" \/>\n<meta name=\"twitter:card\" content=\"summary_large_image\" \/>\n<meta name=\"twitter:label1\" content=\"Est. reading time\" \/>\n\t<meta name=\"twitter:data1\" content=\"2 minutes\" \/>\n<script type=\"application\/ld+json\" class=\"yoast-schema-graph\">{\"@context\":\"https:\/\/schema.org\",\"@graph\":[{\"@type\":\"WebPage\",\"@id\":\"https:\/\/vitaminai.lt\/produktas\/11-vitaminas-c-prolong-su-bioflavanoidais-500-mg-n90\/\",\"url\":\"https:\/\/vitaminai.lt\/produktas\/11-vitaminas-c-prolong-su-bioflavanoidais-500-mg-n90\/\",\"name\":\"1+1 Vitaminas C PROLONG su bioflavanoidais 500 mg N90 - Vitaminai ir maisto papildai internetu | Vitaminai.lt\",\"isPartOf\":{\"@id\":\"https:\/\/vitaminai.lt\/#website\"},\"primaryImageOfPage\":{\"@id\":\"https:\/\/vitaminai.lt\/produktas\/11-vitaminas-c-prolong-su-bioflavanoidais-500-mg-n90\/#primaryimage\"},\"image\":{\"@id\":\"https:\/\/vitaminai.lt\/produktas\/11-vitaminas-c-prolong-su-bioflavanoidais-500-mg-n90\/#primaryimage\"},\"thumbnailUrl\":\"https:\/\/vitaminai.lt\/wp-content\/uploads\/2025\/06\/Rinkiniai_New-22-scaled.jpg\",\"datePublished\":\"2025-06-12T11:51:12+00:00\",\"dateModified\":\"2026-04-09T06:40:16+00:00\",\"breadcrumb\":{\"@id\":\"https:\/\/vitaminai.lt\/produktas\/11-vitaminas-c-prolong-su-bioflavanoidais-500-mg-n90\/#breadcrumb\"},\"inLanguage\":\"en-US\",\"potentialAction\":[{\"@type\":\"ReadAction\",\"target\":[\"https:\/\/vitaminai.lt\/produktas\/11-vitaminas-c-prolong-su-bioflavanoidais-500-mg-n90\/\"]}]},{\"@type\":\"ImageObject\",\"inLanguage\":\"en-US\",\"@id\":\"https:\/\/vitaminai.lt\/produktas\/11-vitaminas-c-prolong-su-bioflavanoidais-500-mg-n90\/#primaryimage\",\"url\":\"https:\/\/vitaminai.lt\/wp-content\/uploads\/2025\/06\/Rinkiniai_New-22-scaled.jpg\",\"contentUrl\":\"https:\/\/vitaminai.lt\/wp-content\/uploads\/2025\/06\/Rinkiniai_New-22-scaled.jpg\",\"width\":2560,\"height\":2498},{\"@type\":\"BreadcrumbList\",\"@id\":\"https:\/\/vitaminai.lt\/produktas\/11-vitaminas-c-prolong-su-bioflavanoidais-500-mg-n90\/#breadcrumb\",\"itemListElement\":[{\"@type\":\"ListItem\",\"position\":1,\"name\":\"Home\",\"item\":\"https:\/\/vitaminai.lt\/\"},{\"@type\":\"ListItem\",\"position\":2,\"name\":\"Produktai\",\"item\":\"https:\/\/vitaminai.lt\/produktai\/\"},{\"@type\":\"ListItem\",\"position\":3,\"name\":\"1+1 Vitaminas C PROLONG su bioflavanoidais 500 mg N90\"}]},{\"@type\":\"WebSite\",\"@id\":\"https:\/\/vitaminai.lt\/#website\",\"url\":\"https:\/\/vitaminai.lt\/\",\"name\":\"Vitaminai ir maisto papildai internetu | Vitaminai.lt\",\"description\":\"\",\"publisher\":{\"@id\":\"https:\/\/vitaminai.lt\/#organization\"},\"potentialAction\":[{\"@type\":\"SearchAction\",\"target\":{\"@type\":\"EntryPoint\",\"urlTemplate\":\"https:\/\/vitaminai.lt\/?s={search_term_string}\"},\"query-input\":{\"@type\":\"PropertyValueSpecification\",\"valueRequired\":true,\"valueName\":\"search_term_string\"}}],\"inLanguage\":\"en-US\"},{\"@type\":\"Organization\",\"@id\":\"https:\/\/vitaminai.lt\/#organization\",\"name\":\"Vitaminai ir maisto papildai internetu | Vitaminai.lt\",\"url\":\"https:\/\/vitaminai.lt\/\",\"logo\":{\"@type\":\"ImageObject\",\"inLanguage\":\"en-US\",\"@id\":\"https:\/\/vitaminai.lt\/#\/schema\/logo\/image\/\",\"url\":\"https:\/\/vitaminai.lt\/wp-content\/uploads\/2025\/01\/g212.png\",\"contentUrl\":\"https:\/\/vitaminai.lt\/wp-content\/uploads\/2025\/01\/g212.png\",\"width\":313,\"height\":74,\"caption\":\"Vitaminai ir maisto papildai internetu | Vitaminai.lt\"},\"image\":{\"@id\":\"https:\/\/vitaminai.lt\/#\/schema\/logo\/image\/\"},\"sameAs\":[\"https:\/\/www.facebook.com\/vitaminai\/\"]}]}<\/script>\n<!-- \/ Yoast SEO plugin. -->","yoast_head_json":{"title":"1+1 Vitaminas C PROLONG su bioflavanoidais 500 mg N90 - Vitaminai ir maisto papildai internetu | Vitaminai.lt","robots":{"index":"index","follow":"follow","max-snippet":"max-snippet:-1","max-image-preview":"max-image-preview:large","max-video-preview":"max-video-preview:-1"},"canonical":"https:\/\/vitaminai.lt\/produktas\/11-vitaminas-c-prolong-su-bioflavanoidais-500-mg-n90\/","og_locale":"en_US","og_type":"article","og_title":"1+1 Vitaminas C PROLONG su bioflavanoidais 500 mg N90 - Vitaminai ir maisto papildai internetu | Vitaminai.lt","og_description":"VITAMINAS C PRO-LONG SU BIOFLAVONOIDAIS Maisto papildas | 90 table\u010di\u0173 Ilgalaikio i\u0161siskyrimo vitaminas C normaliai imunin\u0117s sistemos veiklai ir energijos apykaitai palaikyti Vitaminas C Pro-Long su bioflavonoidais\u00a0\u2013 tai ilgalaikio i\u0161siskyrimo maisto papildas, skirtas papildyti kasdien\u0119 mityb\u0105 vitaminu C. Speciali l\u0117to i\u0161siskyrimo tablet\u0117s forma leid\u017eia vitaminui C palaipsniui i\u0161siskirti, u\u017etikrinant tolyg\u0173 jo pasisavinim\u0105 organizme. Kod\u0117l verta [&hellip;]","og_url":"https:\/\/vitaminai.lt\/produktas\/11-vitaminas-c-prolong-su-bioflavanoidais-500-mg-n90\/","og_site_name":"Vitaminai ir maisto papildai internetu | Vitaminai.lt","article_publisher":"https:\/\/www.facebook.com\/vitaminai\/","article_modified_time":"2026-04-09T06:40:16+00:00","og_image":[{"width":2560,"height":2498,"url":"https:\/\/vitaminai.lt\/wp-content\/uploads\/2025\/06\/Rinkiniai_New-22-scaled.jpg","type":"image\/jpeg"}],"twitter_card":"summary_large_image","twitter_misc":{"Est. reading time":"2 minutes"},"schema":{"@context":"https:\/\/schema.org","@graph":[{"@type":"WebPage","@id":"https:\/\/vitaminai.lt\/produktas\/11-vitaminas-c-prolong-su-bioflavanoidais-500-mg-n90\/","url":"https:\/\/vitaminai.lt\/produktas\/11-vitaminas-c-prolong-su-bioflavanoidais-500-mg-n90\/","name":"1+1 Vitaminas C PROLONG su bioflavanoidais 500 mg N90 - Vitaminai ir maisto papildai internetu | Vitaminai.lt","isPartOf":{"@id":"https:\/\/vitaminai.lt\/#website"},"primaryImageOfPage":{"@id":"https:\/\/vitaminai.lt\/produktas\/11-vitaminas-c-prolong-su-bioflavanoidais-500-mg-n90\/#primaryimage"},"image":{"@id":"https:\/\/vitaminai.lt\/produktas\/11-vitaminas-c-prolong-su-bioflavanoidais-500-mg-n90\/#primaryimage"},"thumbnailUrl":"https:\/\/vitaminai.lt\/wp-content\/uploads\/2025\/06\/Rinkiniai_New-22-scaled.jpg","datePublished":"2025-06-12T11:51:12+00:00","dateModified":"2026-04-09T06:40:16+00:00","breadcrumb":{"@id":"https:\/\/vitaminai.lt\/produktas\/11-vitaminas-c-prolong-su-bioflavanoidais-500-mg-n90\/#breadcrumb"},"inLanguage":"en-US","potentialAction":[{"@type":"ReadAction","target":["https:\/\/vitaminai.lt\/produktas\/11-vitaminas-c-prolong-su-bioflavanoidais-500-mg-n90\/"]}]},{"@type":"ImageObject","inLanguage":"en-US","@id":"https:\/\/vitaminai.lt\/produktas\/11-vitaminas-c-prolong-su-bioflavanoidais-500-mg-n90\/#primaryimage","url":"https:\/\/vitaminai.lt\/wp-content\/uploads\/2025\/06\/Rinkiniai_New-22-scaled.jpg","contentUrl":"https:\/\/vitaminai.lt\/wp-content\/uploads\/2025\/06\/Rinkiniai_New-22-scaled.jpg","width":2560,"height":2498},{"@type":"BreadcrumbList","@id":"https:\/\/vitaminai.lt\/produktas\/11-vitaminas-c-prolong-su-bioflavanoidais-500-mg-n90\/#breadcrumb","itemListElement":[{"@type":"ListItem","position":1,"name":"Home","item":"https:\/\/vitaminai.lt\/"},{"@type":"ListItem","position":2,"name":"Produktai","item":"https:\/\/vitaminai.lt\/produktai\/"},{"@type":"ListItem","position":3,"name":"1+1 Vitaminas C PROLONG su bioflavanoidais 500 mg N90"}]},{"@type":"WebSite","@id":"https:\/\/vitaminai.lt\/#website","url":"https:\/\/vitaminai.lt\/","name":"Vitaminai ir maisto papildai internetu | Vitaminai.lt","description":"","publisher":{"@id":"https:\/\/vitaminai.lt\/#organization"},"potentialAction":[{"@type":"SearchAction","target":{"@type":"EntryPoint","urlTemplate":"https:\/\/vitaminai.lt\/?s={search_term_string}"},"query-input":{"@type":"PropertyValueSpecification","valueRequired":true,"valueName":"search_term_string"}}],"inLanguage":"en-US"},{"@type":"Organization","@id":"https:\/\/vitaminai.lt\/#organization","name":"Vitaminai ir maisto papildai internetu | Vitaminai.lt","url":"https:\/\/vitaminai.lt\/","logo":{"@type":"ImageObject","inLanguage":"en-US","@id":"https:\/\/vitaminai.lt\/#\/schema\/logo\/image\/","url":"https:\/\/vitaminai.lt\/wp-content\/uploads\/2025\/01\/g212.png","contentUrl":"https:\/\/vitaminai.lt\/wp-content\/uploads\/2025\/01\/g212.png","width":313,"height":74,"caption":"Vitaminai ir maisto papildai internetu | Vitaminai.lt"},"image":{"@id":"https:\/\/vitaminai.lt\/#\/schema\/logo\/image\/"},"sameAs":["https:\/\/www.facebook.com\/vitaminai\/"]}]}},"_links":{"self":[{"href":"https:\/\/vitaminai.lt\/en\/wp-json\/wp\/v2\/product\/4374","targetHints":{"allow":["GET"]}}],"collection":[{"href":"https:\/\/vitaminai.lt\/en\/wp-json\/wp\/v2\/product"}],"about":[{"href":"https:\/\/vitaminai.lt\/en\/wp-json\/wp\/v2\/types\/product"}],"replies":[{"embeddable":true,"href":"https:\/\/vitaminai.lt\/en\/wp-json\/wp\/v2\/comments?post=4374"}],"wp:featuredmedia":[{"embeddable":true,"href":"https:\/\/vitaminai.lt\/en\/wp-json\/wp\/v2\/media\/4375"}],"wp:attachment":[{"href":"https:\/\/vitaminai.lt\/en\/wp-json\/wp\/v2\/media?parent=4374"}],"wp:term":[{"taxonomy":"product_brand","embeddable":true,"href":"https:\/\/vitaminai.lt\/en\/wp-json\/wp\/v2\/product_brand?post=4374"},{"taxonomy":"product_cat","embeddable":true,"href":"https:\/\/vitaminai.lt\/en\/wp-json\/wp\/v2\/product_cat?post=4374"},{"taxonomy":"product_tag","embeddable":true,"href":"https:\/\/vitaminai.lt\/en\/wp-json\/wp\/v2\/product_tag?post=4374"}],"curies":[{"name":"wp","href":"https:\/\/api.w.org\/{rel}","templated":true}]}}