{"id":4377,"date":"2025-06-12T13:56:47","date_gmt":"2025-06-12T11:56:47","guid":{"rendered":"https:\/\/vitaminai.lt\/?post_type=product&#038;p=4377"},"modified":"2026-04-02T15:04:48","modified_gmt":"2026-04-02T13:04:48","slug":"11-maisto-papildas-groziui-biotinas-10-000-n60","status":"publish","type":"product","link":"https:\/\/vitaminai.lt\/en\/produktas\/11-maisto-papildas-groziui-biotinas-10-000-n60\/","title":{"rendered":"1+1 Maisto papildas gro\u017eiui biotinas 10 000 N60"},"content":{"rendered":"<h3 data-start=\"281\" data-end=\"309\"><strong data-start=\"285\" data-end=\"307\">BIOTINAS 10 000 \u00b5g<\/strong><\/h3>\n<p data-start=\"310\" data-end=\"343\"><strong data-start=\"310\" data-end=\"343\">Maisto papildas \u2013 60 table\u010di\u0173<\/strong><\/p>\n<hr \/>\n<p data-start=\"106\" data-end=\"254\"><strong data-start=\"106\" data-end=\"128\">Biotinas 10 000 \u00b5g<\/strong>\u00a0\u2013 tai maisto papildas, skirtas kasdien\u0117s mitybos papildymui. Biotinas (vitaminas B7) yra vandenyje tirpus B grup\u0117s vitaminas.<\/p>\n<p data-start=\"256\" data-end=\"387\">Biotinas padeda palaikyti normali\u0105 odos, plauk\u0173 ir gleivini\u0173 b\u016bkl\u0119, normali\u0105 nerv\u0173 sistemos veikl\u0105 bei normali\u0105 energijos apykait\u0105.<\/p>\n<hr \/>\n<p data-start=\"277\" data-end=\"316\"><strong>Biotinas padeda palaikyti normali\u0105:<\/strong><\/p>\n<p data-start=\"319\" data-end=\"332\">odos b\u016bkl\u0119;<\/p>\n<p data-start=\"335\" data-end=\"350\">plauk\u0173 b\u016bkl\u0119;<\/p>\n<p data-start=\"353\" data-end=\"371\">gleivini\u0173 b\u016bkl\u0119;<\/p>\n<p data-start=\"374\" data-end=\"409\">maistini\u0173 makromed\u017eiag\u0173 apykait\u0105;<\/p>\n<p data-start=\"412\" data-end=\"436\">nerv\u0173 sistemos veikl\u0105;<\/p>\n<p data-start=\"439\" data-end=\"463\">psichologin\u0119 funkcij\u0105;<\/p>\n<p data-start=\"466\" data-end=\"487\">energijos apykait\u0105.<\/p>\n<hr \/>\n<p data-start=\"489\" data-end=\"531\"><strong>Kod\u0117l verta rinktis Biotin\u0105 10 000 \u00b5g?<\/strong><\/p>\n<p data-start=\"534\" data-end=\"584\">Didel\u0117 biotino doz\u0117 kasdien\u0117s mitybos papildymui<\/p>\n<p data-start=\"587\" data-end=\"623\">Patogi forma kasdieniam vartojimui<\/p>\n<p data-start=\"626\" data-end=\"682\">Tinka suaugusiesiems, papildantiems mityb\u0105 vitaminu B7<\/p>\n","protected":false},"excerpt":{"rendered":"<p>BIOTINAS 10 000 \u00b5g Maisto papildas \u2013 60 table\u010di\u0173 Biotinas 10 000 \u00b5g\u00a0\u2013 tai maisto papildas, skirtas kasdien\u0117s mitybos papildymui. Biotinas (vitaminas B7) yra vandenyje tirpus B grup\u0117s vitaminas. Biotinas padeda palaikyti normali\u0105 odos, plauk\u0173 ir gleivini\u0173 b\u016bkl\u0119, normali\u0105 nerv\u0173 sistemos veikl\u0105 bei normali\u0105 energijos apykait\u0105. Biotinas padeda palaikyti normali\u0105: odos b\u016bkl\u0119; plauk\u0173 b\u016bkl\u0119; gleivini\u0173 [&hellip;]<\/p>\n","protected":false},"featured_media":4378,"comment_status":"open","ping_status":"closed","template":"","meta":[],"product_brand":[],"product_cat":[394,278,375,371,276,283,257,294,284,285,40,244,245,246,249,252,253,20,26,47,25,55,165,18,29,23,31,30,34,63],"product_tag":[],"class_list":{"0":"post-4377","1":"product","2":"type-product","3":"status-publish","4":"has-post-thumbnail","6":"product_cat-11-pasiulymai","7":"product_cat-energijos-apykaitai","8":"product_cat-menesio-prekes","9":"product_cat-nagams-pagrindines-kategorijos","10":"product_cat-nervu-sistemai-privalumai","11":"product_cat-odos-buklei","12":"product_cat-privalumai","13":"product_cat-psichologinei-funkcijai-privalumai","14":"product_cat-stipriems-nagams","15":"product_cat-zvilgantiems-plaukams","16":"product_cat-tabletes","17":"product_cat-moterims","18":"product_cat-vyrams","19":"product_cat-groziui-2","20":"product_cat-nervu-sistemai-pagrindines-kategorijos","21":"product_cat-odai-pagrindines-kategorijos","22":"product_cat-plaukams-pagrindines-kategorijos","23":"product_cat-paskirtis","24":"product_cat-energijai","25":"product_cat-groziui","26":"product_cat-nervu-sistemai","27":"product_cat-plaukams","28":"product_cat-psichologinei-funkcijai","29":"product_cat-vartotojas","30":"product_cat-moterys","31":"product_cat-paaugliai","32":"product_cat-senjorai","33":"product_cat-vyrai","34":"product_cat-veiklioji-medziaga","35":"product_cat-biotinas","37":"first","38":"instock","39":"sale","40":"shipping-taxable","41":"purchasable","42":"product-type-simple"},"yoast_head":"<!-- This site is optimized with the Yoast SEO plugin v26.6 - https:\/\/yoast.com\/wordpress\/plugins\/seo\/ -->\n<title>1+1 Maisto papildas gro\u017eiui biotinas 10 000 N60 - Vitaminai ir maisto papildai internetu | Vitaminai.lt<\/title>\n<meta name=\"robots\" content=\"index, follow, max-snippet:-1, max-image-preview:large, max-video-preview:-1\" \/>\n<link rel=\"canonical\" href=\"https:\/\/vitaminai.lt\/produktas\/11-maisto-papildas-groziui-biotinas-10-000-n60\/\" \/>\n<meta property=\"og:locale\" content=\"en_US\" \/>\n<meta property=\"og:type\" content=\"article\" \/>\n<meta property=\"og:title\" content=\"1+1 Maisto papildas gro\u017eiui biotinas 10 000 N60 - Vitaminai ir maisto papildai internetu | Vitaminai.lt\" \/>\n<meta property=\"og:description\" content=\"BIOTINAS 10 000 \u00b5g Maisto papildas \u2013 60 table\u010di\u0173 Biotinas 10 000 \u00b5g\u00a0\u2013 tai maisto papildas, skirtas kasdien\u0117s mitybos papildymui. Biotinas (vitaminas B7) yra vandenyje tirpus B grup\u0117s vitaminas. Biotinas padeda palaikyti normali\u0105 odos, plauk\u0173 ir gleivini\u0173 b\u016bkl\u0119, normali\u0105 nerv\u0173 sistemos veikl\u0105 bei normali\u0105 energijos apykait\u0105. Biotinas padeda palaikyti normali\u0105: odos b\u016bkl\u0119; plauk\u0173 b\u016bkl\u0119; gleivini\u0173 [&hellip;]\" \/>\n<meta property=\"og:url\" content=\"https:\/\/vitaminai.lt\/produktas\/11-maisto-papildas-groziui-biotinas-10-000-n60\/\" \/>\n<meta property=\"og:site_name\" content=\"Vitaminai ir maisto papildai internetu | Vitaminai.lt\" \/>\n<meta property=\"article:publisher\" content=\"https:\/\/www.facebook.com\/vitaminai\/\" \/>\n<meta property=\"article:modified_time\" content=\"2026-04-02T13:04:48+00:00\" \/>\n<meta property=\"og:image\" content=\"https:\/\/vitaminai.lt\/wp-content\/uploads\/2025\/06\/Rinkiniai_New-23-scaled.jpg\" \/>\n\t<meta property=\"og:image:width\" content=\"2560\" \/>\n\t<meta property=\"og:image:height\" content=\"2498\" \/>\n\t<meta property=\"og:image:type\" content=\"image\/jpeg\" \/>\n<meta name=\"twitter:card\" content=\"summary_large_image\" \/>\n<meta name=\"twitter:label1\" content=\"Est. reading time\" \/>\n\t<meta name=\"twitter:data1\" content=\"1 minute\" \/>\n<script type=\"application\/ld+json\" class=\"yoast-schema-graph\">{\"@context\":\"https:\/\/schema.org\",\"@graph\":[{\"@type\":\"WebPage\",\"@id\":\"https:\/\/vitaminai.lt\/produktas\/11-maisto-papildas-groziui-biotinas-10-000-n60\/\",\"url\":\"https:\/\/vitaminai.lt\/produktas\/11-maisto-papildas-groziui-biotinas-10-000-n60\/\",\"name\":\"1+1 Maisto papildas gro\u017eiui biotinas 10 000 N60 - Vitaminai ir maisto papildai internetu | Vitaminai.lt\",\"isPartOf\":{\"@id\":\"https:\/\/vitaminai.lt\/#website\"},\"primaryImageOfPage\":{\"@id\":\"https:\/\/vitaminai.lt\/produktas\/11-maisto-papildas-groziui-biotinas-10-000-n60\/#primaryimage\"},\"image\":{\"@id\":\"https:\/\/vitaminai.lt\/produktas\/11-maisto-papildas-groziui-biotinas-10-000-n60\/#primaryimage\"},\"thumbnailUrl\":\"https:\/\/vitaminai.lt\/wp-content\/uploads\/2025\/06\/Rinkiniai_New-23-scaled.jpg\",\"datePublished\":\"2025-06-12T11:56:47+00:00\",\"dateModified\":\"2026-04-02T13:04:48+00:00\",\"breadcrumb\":{\"@id\":\"https:\/\/vitaminai.lt\/produktas\/11-maisto-papildas-groziui-biotinas-10-000-n60\/#breadcrumb\"},\"inLanguage\":\"en-US\",\"potentialAction\":[{\"@type\":\"ReadAction\",\"target\":[\"https:\/\/vitaminai.lt\/produktas\/11-maisto-papildas-groziui-biotinas-10-000-n60\/\"]}]},{\"@type\":\"ImageObject\",\"inLanguage\":\"en-US\",\"@id\":\"https:\/\/vitaminai.lt\/produktas\/11-maisto-papildas-groziui-biotinas-10-000-n60\/#primaryimage\",\"url\":\"https:\/\/vitaminai.lt\/wp-content\/uploads\/2025\/06\/Rinkiniai_New-23-scaled.jpg\",\"contentUrl\":\"https:\/\/vitaminai.lt\/wp-content\/uploads\/2025\/06\/Rinkiniai_New-23-scaled.jpg\",\"width\":2560,\"height\":2498},{\"@type\":\"BreadcrumbList\",\"@id\":\"https:\/\/vitaminai.lt\/produktas\/11-maisto-papildas-groziui-biotinas-10-000-n60\/#breadcrumb\",\"itemListElement\":[{\"@type\":\"ListItem\",\"position\":1,\"name\":\"Home\",\"item\":\"https:\/\/vitaminai.lt\/\"},{\"@type\":\"ListItem\",\"position\":2,\"name\":\"Produktai\",\"item\":\"https:\/\/vitaminai.lt\/produktai\/\"},{\"@type\":\"ListItem\",\"position\":3,\"name\":\"1+1 Maisto papildas gro\u017eiui biotinas 10 000 N60\"}]},{\"@type\":\"WebSite\",\"@id\":\"https:\/\/vitaminai.lt\/#website\",\"url\":\"https:\/\/vitaminai.lt\/\",\"name\":\"Vitaminai ir maisto papildai internetu | Vitaminai.lt\",\"description\":\"\",\"publisher\":{\"@id\":\"https:\/\/vitaminai.lt\/#organization\"},\"potentialAction\":[{\"@type\":\"SearchAction\",\"target\":{\"@type\":\"EntryPoint\",\"urlTemplate\":\"https:\/\/vitaminai.lt\/?s={search_term_string}\"},\"query-input\":{\"@type\":\"PropertyValueSpecification\",\"valueRequired\":true,\"valueName\":\"search_term_string\"}}],\"inLanguage\":\"en-US\"},{\"@type\":\"Organization\",\"@id\":\"https:\/\/vitaminai.lt\/#organization\",\"name\":\"Vitaminai ir maisto papildai internetu | Vitaminai.lt\",\"url\":\"https:\/\/vitaminai.lt\/\",\"logo\":{\"@type\":\"ImageObject\",\"inLanguage\":\"en-US\",\"@id\":\"https:\/\/vitaminai.lt\/#\/schema\/logo\/image\/\",\"url\":\"https:\/\/vitaminai.lt\/wp-content\/uploads\/2025\/01\/g212.png\",\"contentUrl\":\"https:\/\/vitaminai.lt\/wp-content\/uploads\/2025\/01\/g212.png\",\"width\":313,\"height\":74,\"caption\":\"Vitaminai ir maisto papildai internetu | Vitaminai.lt\"},\"image\":{\"@id\":\"https:\/\/vitaminai.lt\/#\/schema\/logo\/image\/\"},\"sameAs\":[\"https:\/\/www.facebook.com\/vitaminai\/\"]}]}<\/script>\n<!-- \/ Yoast SEO plugin. -->","yoast_head_json":{"title":"1+1 Maisto papildas gro\u017eiui biotinas 10 000 N60 - Vitaminai ir maisto papildai internetu | Vitaminai.lt","robots":{"index":"index","follow":"follow","max-snippet":"max-snippet:-1","max-image-preview":"max-image-preview:large","max-video-preview":"max-video-preview:-1"},"canonical":"https:\/\/vitaminai.lt\/produktas\/11-maisto-papildas-groziui-biotinas-10-000-n60\/","og_locale":"en_US","og_type":"article","og_title":"1+1 Maisto papildas gro\u017eiui biotinas 10 000 N60 - Vitaminai ir maisto papildai internetu | Vitaminai.lt","og_description":"BIOTINAS 10 000 \u00b5g Maisto papildas \u2013 60 table\u010di\u0173 Biotinas 10 000 \u00b5g\u00a0\u2013 tai maisto papildas, skirtas kasdien\u0117s mitybos papildymui. Biotinas (vitaminas B7) yra vandenyje tirpus B grup\u0117s vitaminas. Biotinas padeda palaikyti normali\u0105 odos, plauk\u0173 ir gleivini\u0173 b\u016bkl\u0119, normali\u0105 nerv\u0173 sistemos veikl\u0105 bei normali\u0105 energijos apykait\u0105. Biotinas padeda palaikyti normali\u0105: odos b\u016bkl\u0119; plauk\u0173 b\u016bkl\u0119; gleivini\u0173 [&hellip;]","og_url":"https:\/\/vitaminai.lt\/produktas\/11-maisto-papildas-groziui-biotinas-10-000-n60\/","og_site_name":"Vitaminai ir maisto papildai internetu | Vitaminai.lt","article_publisher":"https:\/\/www.facebook.com\/vitaminai\/","article_modified_time":"2026-04-02T13:04:48+00:00","og_image":[{"width":2560,"height":2498,"url":"https:\/\/vitaminai.lt\/wp-content\/uploads\/2025\/06\/Rinkiniai_New-23-scaled.jpg","type":"image\/jpeg"}],"twitter_card":"summary_large_image","twitter_misc":{"Est. reading time":"1 minute"},"schema":{"@context":"https:\/\/schema.org","@graph":[{"@type":"WebPage","@id":"https:\/\/vitaminai.lt\/produktas\/11-maisto-papildas-groziui-biotinas-10-000-n60\/","url":"https:\/\/vitaminai.lt\/produktas\/11-maisto-papildas-groziui-biotinas-10-000-n60\/","name":"1+1 Maisto papildas gro\u017eiui biotinas 10 000 N60 - Vitaminai ir maisto papildai internetu | Vitaminai.lt","isPartOf":{"@id":"https:\/\/vitaminai.lt\/#website"},"primaryImageOfPage":{"@id":"https:\/\/vitaminai.lt\/produktas\/11-maisto-papildas-groziui-biotinas-10-000-n60\/#primaryimage"},"image":{"@id":"https:\/\/vitaminai.lt\/produktas\/11-maisto-papildas-groziui-biotinas-10-000-n60\/#primaryimage"},"thumbnailUrl":"https:\/\/vitaminai.lt\/wp-content\/uploads\/2025\/06\/Rinkiniai_New-23-scaled.jpg","datePublished":"2025-06-12T11:56:47+00:00","dateModified":"2026-04-02T13:04:48+00:00","breadcrumb":{"@id":"https:\/\/vitaminai.lt\/produktas\/11-maisto-papildas-groziui-biotinas-10-000-n60\/#breadcrumb"},"inLanguage":"en-US","potentialAction":[{"@type":"ReadAction","target":["https:\/\/vitaminai.lt\/produktas\/11-maisto-papildas-groziui-biotinas-10-000-n60\/"]}]},{"@type":"ImageObject","inLanguage":"en-US","@id":"https:\/\/vitaminai.lt\/produktas\/11-maisto-papildas-groziui-biotinas-10-000-n60\/#primaryimage","url":"https:\/\/vitaminai.lt\/wp-content\/uploads\/2025\/06\/Rinkiniai_New-23-scaled.jpg","contentUrl":"https:\/\/vitaminai.lt\/wp-content\/uploads\/2025\/06\/Rinkiniai_New-23-scaled.jpg","width":2560,"height":2498},{"@type":"BreadcrumbList","@id":"https:\/\/vitaminai.lt\/produktas\/11-maisto-papildas-groziui-biotinas-10-000-n60\/#breadcrumb","itemListElement":[{"@type":"ListItem","position":1,"name":"Home","item":"https:\/\/vitaminai.lt\/"},{"@type":"ListItem","position":2,"name":"Produktai","item":"https:\/\/vitaminai.lt\/produktai\/"},{"@type":"ListItem","position":3,"name":"1+1 Maisto papildas gro\u017eiui biotinas 10 000 N60"}]},{"@type":"WebSite","@id":"https:\/\/vitaminai.lt\/#website","url":"https:\/\/vitaminai.lt\/","name":"Vitaminai ir maisto papildai internetu | Vitaminai.lt","description":"","publisher":{"@id":"https:\/\/vitaminai.lt\/#organization"},"potentialAction":[{"@type":"SearchAction","target":{"@type":"EntryPoint","urlTemplate":"https:\/\/vitaminai.lt\/?s={search_term_string}"},"query-input":{"@type":"PropertyValueSpecification","valueRequired":true,"valueName":"search_term_string"}}],"inLanguage":"en-US"},{"@type":"Organization","@id":"https:\/\/vitaminai.lt\/#organization","name":"Vitaminai ir maisto papildai internetu | Vitaminai.lt","url":"https:\/\/vitaminai.lt\/","logo":{"@type":"ImageObject","inLanguage":"en-US","@id":"https:\/\/vitaminai.lt\/#\/schema\/logo\/image\/","url":"https:\/\/vitaminai.lt\/wp-content\/uploads\/2025\/01\/g212.png","contentUrl":"https:\/\/vitaminai.lt\/wp-content\/uploads\/2025\/01\/g212.png","width":313,"height":74,"caption":"Vitaminai ir maisto papildai internetu | Vitaminai.lt"},"image":{"@id":"https:\/\/vitaminai.lt\/#\/schema\/logo\/image\/"},"sameAs":["https:\/\/www.facebook.com\/vitaminai\/"]}]}},"_links":{"self":[{"href":"https:\/\/vitaminai.lt\/en\/wp-json\/wp\/v2\/product\/4377","targetHints":{"allow":["GET"]}}],"collection":[{"href":"https:\/\/vitaminai.lt\/en\/wp-json\/wp\/v2\/product"}],"about":[{"href":"https:\/\/vitaminai.lt\/en\/wp-json\/wp\/v2\/types\/product"}],"replies":[{"embeddable":true,"href":"https:\/\/vitaminai.lt\/en\/wp-json\/wp\/v2\/comments?post=4377"}],"wp:featuredmedia":[{"embeddable":true,"href":"https:\/\/vitaminai.lt\/en\/wp-json\/wp\/v2\/media\/4378"}],"wp:attachment":[{"href":"https:\/\/vitaminai.lt\/en\/wp-json\/wp\/v2\/media?parent=4377"}],"wp:term":[{"taxonomy":"product_brand","embeddable":true,"href":"https:\/\/vitaminai.lt\/en\/wp-json\/wp\/v2\/product_brand?post=4377"},{"taxonomy":"product_cat","embeddable":true,"href":"https:\/\/vitaminai.lt\/en\/wp-json\/wp\/v2\/product_cat?post=4377"},{"taxonomy":"product_tag","embeddable":true,"href":"https:\/\/vitaminai.lt\/en\/wp-json\/wp\/v2\/product_tag?post=4377"}],"curies":[{"name":"wp","href":"https:\/\/api.w.org\/{rel}","templated":true}]}}