{"id":4380,"date":"2025-06-12T14:03:06","date_gmt":"2025-06-12T12:03:06","guid":{"rendered":"https:\/\/vitaminai.lt\/?post_type=product&#038;p=4380"},"modified":"2026-04-08T12:05:36","modified_gmt":"2026-04-08T10:05:36","slug":"11-skaidulinis-misinys-slim-fit-braskiu-skonio","status":"publish","type":"product","link":"https:\/\/vitaminai.lt\/en\/produktas\/11-skaidulinis-misinys-slim-fit-braskiu-skonio\/","title":{"rendered":"1+1 Skaidulos SLIM FIT bra\u0161ki\u0173 skonio"},"content":{"rendered":"<h3 data-start=\"65\" data-end=\"129\">SLIM FIT \u2013 Bra\u0161ki\u0173 skonio skaidulinis mi\u0161inys su saldikliu<\/h3>\n<p data-start=\"130\" data-end=\"165\"><strong data-start=\"130\" data-end=\"165\">Maisto papildas | dvi 225 g pakuot\u0117s<\/strong><\/p>\n<p data-start=\"167\" data-end=\"213\"><strong data-start=\"167\" data-end=\"213\">Skaidulos svorio ma\u017einimui ir cholesterolio balansui<\/strong><\/p>\n<hr \/>\n<p data-start=\"215\" data-end=\"456\">Atraskite nat\u016bral\u0173 b\u016bd\u0105 siekti savo tiksl\u0173 su\u00a0<strong>SLIM FIT<\/strong>\u00a0\u2013 skaiduliniu mi\u0161iniu, praturtintu bra\u0161ki\u0173 skoniu. SLIM FIT yra maisto papildas su gliukomananu ir augalin\u0117s kilm\u0117s skaidulomis, skirtas vartoti kaip subalansuotos mitybos ir sveiko gyvenimo b\u016bdo dalis.<\/p>\n<hr data-start=\"458\" data-end=\"461\" \/>\n<p data-start=\"463\" data-end=\"496\"><strong>Pagrindin\u0117s SLIM FIT savyb\u0117s:<\/strong><\/p>\n<p data-start=\"498\" data-end=\"714\"><strong>Gliukomananas (konjako mananas)<\/strong>\u00a0padeda ma\u017einti k\u016bno svor\u012f, kai vartojamas laikantis suma\u017eintos energin\u0117s vert\u0117s dietos. Tai tirpioji skaidula, kuri vartojama su skys\u010diais i\u0161brinksta ir suteikia sotumo poj\u016bt\u012f. Taip pat gliukomananas padeda palaikyti normali\u0105 cholesterolio koncentracij\u0105 kraujyje.<\/p>\n<p data-start=\"716\" data-end=\"845\"><strong>Paprastoji tr\u016bka\u017eol\u0117 (Chicorium intybus)<\/strong>\u00a0\u2013 nat\u016bralus skaidul\u0173 \u0161altinis.<\/p>\n<p data-start=\"716\" data-end=\"845\"><strong>Balk\u0161vasis gyslotis (Plantago ovata)<\/strong>\u00a0\u2013 nat\u016bralus skaidul\u0173 \u0161altinis.<\/p>\n<hr data-start=\"992\" data-end=\"995\" \/>\n<p data-start=\"1127\" data-end=\"1163\"><strong>Kod\u0117l verta rinktis SLIM FIT?<\/strong><\/p>\n<p data-start=\"1164\" data-end=\"1223\">Tinka vartoti laikantis suma\u017eintos energin\u0117s vert\u0117s dietos.<\/p>\n<p data-start=\"1263\" data-end=\"1315\">Padeda padidinti skaidul\u0173 kiek\u012f kasdien\u0117je mityboje.<\/p>\n<p data-start=\"1354\" data-end=\"1435\">Skirtas vartoti kartu su \u012fvairia ir subalansuota mityba bei sveiku gyvenimo b\u016bdu.<\/p>\n<hr \/>\n<p data-start=\"1351\" data-end=\"1445\" data-is-last-node=\"\" data-is-only-node=\"\"><strong>SLIM FIT \u2013 skaidulomis praturtintas maisto papildas kasdieniams mitybos pasirinkimams.<\/strong><\/p>\n","protected":false},"excerpt":{"rendered":"<p>SLIM FIT \u2013 Bra\u0161ki\u0173 skonio skaidulinis mi\u0161inys su saldikliu Maisto papildas | dvi 225 g pakuot\u0117s Skaidulos svorio ma\u017einimui ir cholesterolio balansui Atraskite nat\u016bral\u0173 b\u016bd\u0105 siekti savo tiksl\u0173 su\u00a0SLIM FIT\u00a0\u2013 skaiduliniu mi\u0161iniu, praturtintu bra\u0161ki\u0173 skoniu. SLIM FIT yra maisto papildas su gliukomananu ir augalin\u0117s kilm\u0117s skaidulomis, skirtas vartoti kaip subalansuotos mitybos ir sveiko gyvenimo b\u016bdo [&hellip;]<\/p>\n","protected":false},"featured_media":4381,"comment_status":"open","ping_status":"closed","template":"","meta":[],"product_brand":[],"product_cat":[394,315,373,282,289,375,370,376,257,290,356,385,369,310,42,243,244,245,246,250,20,45,47,22,49,139,18,29,31,30,34,133,71,104,80,105],"product_tag":[],"class_list":{"0":"post-4380","1":"product","2":"type-product","3":"status-publish","4":"has-post-thumbnail","6":"product_cat-11-pasiulymai","7":"product_cat-cholesterolio-balansui","8":"product_cat-kepenims-pagrindines-kategorijos","9":"product_cat-kepenu-funkcijai","10":"product_cat-kraujotakos-sistemai-privalumai","11":"product_cat-menesio-prekes","12":"product_cat-organizmo-valymui-pagrindines-kategorijos","13":"product_cat-populiariausi-produktai","14":"product_cat-privalumai","15":"product_cat-sirdies-veiklai","16":"product_cat-sotumo-jausmui-palaikyti","17":"product_cat-svorio-kontrolei","18":"product_cat-virskinimui-pagrindines-kategorijos","19":"product_cat-zarnyno-veiklai","20":"product_cat-milteliai","21":"product_cat-pagrindines-kategorijos","22":"product_cat-moterims","23":"product_cat-vyrams","24":"product_cat-groziui-2","25":"product_cat-sirdziai","26":"product_cat-paskirtis","27":"product_cat-cholesteroliui","28":"product_cat-groziui","29":"product_cat-kepenims","30":"product_cat-lieknejimui","31":"product_cat-zarnynui","32":"product_cat-vartotojas","33":"product_cat-moterys","34":"product_cat-senjorai","35":"product_cat-vyrai","36":"product_cat-veiklioji-medziaga","37":"product_cat-balksvasis-gyslotis","38":"product_cat-gerosios-bakterijos","39":"product_cat-gliukomananas","40":"product_cat-kolagenas","41":"product_cat-paprastoji-trukazole","43":"first","44":"instock","45":"sale","46":"shipping-taxable","47":"purchasable","48":"product-type-simple"},"yoast_head":"<!-- This site is optimized with the Yoast SEO plugin v26.6 - https:\/\/yoast.com\/wordpress\/plugins\/seo\/ -->\n<title>1+1 Skaidulos SLIM FIT bra\u0161ki\u0173 skonio - Vitaminai ir maisto papildai internetu | Vitaminai.lt<\/title>\n<meta name=\"robots\" content=\"index, follow, max-snippet:-1, max-image-preview:large, max-video-preview:-1\" \/>\n<link rel=\"canonical\" href=\"https:\/\/vitaminai.lt\/produktas\/11-skaidulinis-misinys-slim-fit-braskiu-skonio\/\" \/>\n<meta property=\"og:locale\" content=\"en_US\" \/>\n<meta property=\"og:type\" content=\"article\" \/>\n<meta property=\"og:title\" content=\"1+1 Skaidulos SLIM FIT bra\u0161ki\u0173 skonio - Vitaminai ir maisto papildai internetu | Vitaminai.lt\" \/>\n<meta property=\"og:description\" content=\"SLIM FIT \u2013 Bra\u0161ki\u0173 skonio skaidulinis mi\u0161inys su saldikliu Maisto papildas | dvi 225 g pakuot\u0117s Skaidulos svorio ma\u017einimui ir cholesterolio balansui Atraskite nat\u016bral\u0173 b\u016bd\u0105 siekti savo tiksl\u0173 su\u00a0SLIM FIT\u00a0\u2013 skaiduliniu mi\u0161iniu, praturtintu bra\u0161ki\u0173 skoniu. SLIM FIT yra maisto papildas su gliukomananu ir augalin\u0117s kilm\u0117s skaidulomis, skirtas vartoti kaip subalansuotos mitybos ir sveiko gyvenimo b\u016bdo [&hellip;]\" \/>\n<meta property=\"og:url\" content=\"https:\/\/vitaminai.lt\/produktas\/11-skaidulinis-misinys-slim-fit-braskiu-skonio\/\" \/>\n<meta property=\"og:site_name\" content=\"Vitaminai ir maisto papildai internetu | Vitaminai.lt\" \/>\n<meta property=\"article:publisher\" content=\"https:\/\/www.facebook.com\/vitaminai\/\" \/>\n<meta property=\"article:modified_time\" content=\"2026-04-08T10:05:36+00:00\" \/>\n<meta property=\"og:image\" content=\"https:\/\/vitaminai.lt\/wp-content\/uploads\/2025\/06\/Rinkiniai_Slim-Fit-16-scaled.jpg\" \/>\n\t<meta property=\"og:image:width\" content=\"2560\" \/>\n\t<meta property=\"og:image:height\" content=\"2498\" \/>\n\t<meta property=\"og:image:type\" content=\"image\/jpeg\" \/>\n<meta name=\"twitter:card\" content=\"summary_large_image\" \/>\n<meta name=\"twitter:label1\" content=\"Est. reading time\" \/>\n\t<meta name=\"twitter:data1\" content=\"2 minutes\" \/>\n<script type=\"application\/ld+json\" class=\"yoast-schema-graph\">{\"@context\":\"https:\/\/schema.org\",\"@graph\":[{\"@type\":\"WebPage\",\"@id\":\"https:\/\/vitaminai.lt\/produktas\/11-skaidulinis-misinys-slim-fit-braskiu-skonio\/\",\"url\":\"https:\/\/vitaminai.lt\/produktas\/11-skaidulinis-misinys-slim-fit-braskiu-skonio\/\",\"name\":\"1+1 Skaidulos SLIM FIT bra\u0161ki\u0173 skonio - Vitaminai ir maisto papildai internetu | Vitaminai.lt\",\"isPartOf\":{\"@id\":\"https:\/\/vitaminai.lt\/#website\"},\"primaryImageOfPage\":{\"@id\":\"https:\/\/vitaminai.lt\/produktas\/11-skaidulinis-misinys-slim-fit-braskiu-skonio\/#primaryimage\"},\"image\":{\"@id\":\"https:\/\/vitaminai.lt\/produktas\/11-skaidulinis-misinys-slim-fit-braskiu-skonio\/#primaryimage\"},\"thumbnailUrl\":\"https:\/\/vitaminai.lt\/wp-content\/uploads\/2025\/06\/Rinkiniai_Slim-Fit-16-scaled.jpg\",\"datePublished\":\"2025-06-12T12:03:06+00:00\",\"dateModified\":\"2026-04-08T10:05:36+00:00\",\"breadcrumb\":{\"@id\":\"https:\/\/vitaminai.lt\/produktas\/11-skaidulinis-misinys-slim-fit-braskiu-skonio\/#breadcrumb\"},\"inLanguage\":\"en-US\",\"potentialAction\":[{\"@type\":\"ReadAction\",\"target\":[\"https:\/\/vitaminai.lt\/produktas\/11-skaidulinis-misinys-slim-fit-braskiu-skonio\/\"]}]},{\"@type\":\"ImageObject\",\"inLanguage\":\"en-US\",\"@id\":\"https:\/\/vitaminai.lt\/produktas\/11-skaidulinis-misinys-slim-fit-braskiu-skonio\/#primaryimage\",\"url\":\"https:\/\/vitaminai.lt\/wp-content\/uploads\/2025\/06\/Rinkiniai_Slim-Fit-16-scaled.jpg\",\"contentUrl\":\"https:\/\/vitaminai.lt\/wp-content\/uploads\/2025\/06\/Rinkiniai_Slim-Fit-16-scaled.jpg\",\"width\":2560,\"height\":2498},{\"@type\":\"BreadcrumbList\",\"@id\":\"https:\/\/vitaminai.lt\/produktas\/11-skaidulinis-misinys-slim-fit-braskiu-skonio\/#breadcrumb\",\"itemListElement\":[{\"@type\":\"ListItem\",\"position\":1,\"name\":\"Home\",\"item\":\"https:\/\/vitaminai.lt\/\"},{\"@type\":\"ListItem\",\"position\":2,\"name\":\"Produktai\",\"item\":\"https:\/\/vitaminai.lt\/produktai\/\"},{\"@type\":\"ListItem\",\"position\":3,\"name\":\"1+1 Skaidulos SLIM FIT bra\u0161ki\u0173 skonio\"}]},{\"@type\":\"WebSite\",\"@id\":\"https:\/\/vitaminai.lt\/#website\",\"url\":\"https:\/\/vitaminai.lt\/\",\"name\":\"Vitaminai ir maisto papildai internetu | Vitaminai.lt\",\"description\":\"\",\"publisher\":{\"@id\":\"https:\/\/vitaminai.lt\/#organization\"},\"potentialAction\":[{\"@type\":\"SearchAction\",\"target\":{\"@type\":\"EntryPoint\",\"urlTemplate\":\"https:\/\/vitaminai.lt\/?s={search_term_string}\"},\"query-input\":{\"@type\":\"PropertyValueSpecification\",\"valueRequired\":true,\"valueName\":\"search_term_string\"}}],\"inLanguage\":\"en-US\"},{\"@type\":\"Organization\",\"@id\":\"https:\/\/vitaminai.lt\/#organization\",\"name\":\"Vitaminai ir maisto papildai internetu | Vitaminai.lt\",\"url\":\"https:\/\/vitaminai.lt\/\",\"logo\":{\"@type\":\"ImageObject\",\"inLanguage\":\"en-US\",\"@id\":\"https:\/\/vitaminai.lt\/#\/schema\/logo\/image\/\",\"url\":\"https:\/\/vitaminai.lt\/wp-content\/uploads\/2025\/01\/g212.png\",\"contentUrl\":\"https:\/\/vitaminai.lt\/wp-content\/uploads\/2025\/01\/g212.png\",\"width\":313,\"height\":74,\"caption\":\"Vitaminai ir maisto papildai internetu | Vitaminai.lt\"},\"image\":{\"@id\":\"https:\/\/vitaminai.lt\/#\/schema\/logo\/image\/\"},\"sameAs\":[\"https:\/\/www.facebook.com\/vitaminai\/\"]}]}<\/script>\n<!-- \/ Yoast SEO plugin. -->","yoast_head_json":{"title":"1+1 Skaidulos SLIM FIT bra\u0161ki\u0173 skonio - Vitaminai ir maisto papildai internetu | Vitaminai.lt","robots":{"index":"index","follow":"follow","max-snippet":"max-snippet:-1","max-image-preview":"max-image-preview:large","max-video-preview":"max-video-preview:-1"},"canonical":"https:\/\/vitaminai.lt\/produktas\/11-skaidulinis-misinys-slim-fit-braskiu-skonio\/","og_locale":"en_US","og_type":"article","og_title":"1+1 Skaidulos SLIM FIT bra\u0161ki\u0173 skonio - Vitaminai ir maisto papildai internetu | Vitaminai.lt","og_description":"SLIM FIT \u2013 Bra\u0161ki\u0173 skonio skaidulinis mi\u0161inys su saldikliu Maisto papildas | dvi 225 g pakuot\u0117s Skaidulos svorio ma\u017einimui ir cholesterolio balansui Atraskite nat\u016bral\u0173 b\u016bd\u0105 siekti savo tiksl\u0173 su\u00a0SLIM FIT\u00a0\u2013 skaiduliniu mi\u0161iniu, praturtintu bra\u0161ki\u0173 skoniu. SLIM FIT yra maisto papildas su gliukomananu ir augalin\u0117s kilm\u0117s skaidulomis, skirtas vartoti kaip subalansuotos mitybos ir sveiko gyvenimo b\u016bdo [&hellip;]","og_url":"https:\/\/vitaminai.lt\/produktas\/11-skaidulinis-misinys-slim-fit-braskiu-skonio\/","og_site_name":"Vitaminai ir maisto papildai internetu | Vitaminai.lt","article_publisher":"https:\/\/www.facebook.com\/vitaminai\/","article_modified_time":"2026-04-08T10:05:36+00:00","og_image":[{"width":2560,"height":2498,"url":"https:\/\/vitaminai.lt\/wp-content\/uploads\/2025\/06\/Rinkiniai_Slim-Fit-16-scaled.jpg","type":"image\/jpeg"}],"twitter_card":"summary_large_image","twitter_misc":{"Est. reading time":"2 minutes"},"schema":{"@context":"https:\/\/schema.org","@graph":[{"@type":"WebPage","@id":"https:\/\/vitaminai.lt\/produktas\/11-skaidulinis-misinys-slim-fit-braskiu-skonio\/","url":"https:\/\/vitaminai.lt\/produktas\/11-skaidulinis-misinys-slim-fit-braskiu-skonio\/","name":"1+1 Skaidulos SLIM FIT bra\u0161ki\u0173 skonio - Vitaminai ir maisto papildai internetu | Vitaminai.lt","isPartOf":{"@id":"https:\/\/vitaminai.lt\/#website"},"primaryImageOfPage":{"@id":"https:\/\/vitaminai.lt\/produktas\/11-skaidulinis-misinys-slim-fit-braskiu-skonio\/#primaryimage"},"image":{"@id":"https:\/\/vitaminai.lt\/produktas\/11-skaidulinis-misinys-slim-fit-braskiu-skonio\/#primaryimage"},"thumbnailUrl":"https:\/\/vitaminai.lt\/wp-content\/uploads\/2025\/06\/Rinkiniai_Slim-Fit-16-scaled.jpg","datePublished":"2025-06-12T12:03:06+00:00","dateModified":"2026-04-08T10:05:36+00:00","breadcrumb":{"@id":"https:\/\/vitaminai.lt\/produktas\/11-skaidulinis-misinys-slim-fit-braskiu-skonio\/#breadcrumb"},"inLanguage":"en-US","potentialAction":[{"@type":"ReadAction","target":["https:\/\/vitaminai.lt\/produktas\/11-skaidulinis-misinys-slim-fit-braskiu-skonio\/"]}]},{"@type":"ImageObject","inLanguage":"en-US","@id":"https:\/\/vitaminai.lt\/produktas\/11-skaidulinis-misinys-slim-fit-braskiu-skonio\/#primaryimage","url":"https:\/\/vitaminai.lt\/wp-content\/uploads\/2025\/06\/Rinkiniai_Slim-Fit-16-scaled.jpg","contentUrl":"https:\/\/vitaminai.lt\/wp-content\/uploads\/2025\/06\/Rinkiniai_Slim-Fit-16-scaled.jpg","width":2560,"height":2498},{"@type":"BreadcrumbList","@id":"https:\/\/vitaminai.lt\/produktas\/11-skaidulinis-misinys-slim-fit-braskiu-skonio\/#breadcrumb","itemListElement":[{"@type":"ListItem","position":1,"name":"Home","item":"https:\/\/vitaminai.lt\/"},{"@type":"ListItem","position":2,"name":"Produktai","item":"https:\/\/vitaminai.lt\/produktai\/"},{"@type":"ListItem","position":3,"name":"1+1 Skaidulos SLIM FIT bra\u0161ki\u0173 skonio"}]},{"@type":"WebSite","@id":"https:\/\/vitaminai.lt\/#website","url":"https:\/\/vitaminai.lt\/","name":"Vitaminai ir maisto papildai internetu | Vitaminai.lt","description":"","publisher":{"@id":"https:\/\/vitaminai.lt\/#organization"},"potentialAction":[{"@type":"SearchAction","target":{"@type":"EntryPoint","urlTemplate":"https:\/\/vitaminai.lt\/?s={search_term_string}"},"query-input":{"@type":"PropertyValueSpecification","valueRequired":true,"valueName":"search_term_string"}}],"inLanguage":"en-US"},{"@type":"Organization","@id":"https:\/\/vitaminai.lt\/#organization","name":"Vitaminai ir maisto papildai internetu | Vitaminai.lt","url":"https:\/\/vitaminai.lt\/","logo":{"@type":"ImageObject","inLanguage":"en-US","@id":"https:\/\/vitaminai.lt\/#\/schema\/logo\/image\/","url":"https:\/\/vitaminai.lt\/wp-content\/uploads\/2025\/01\/g212.png","contentUrl":"https:\/\/vitaminai.lt\/wp-content\/uploads\/2025\/01\/g212.png","width":313,"height":74,"caption":"Vitaminai ir maisto papildai internetu | Vitaminai.lt"},"image":{"@id":"https:\/\/vitaminai.lt\/#\/schema\/logo\/image\/"},"sameAs":["https:\/\/www.facebook.com\/vitaminai\/"]}]}},"_links":{"self":[{"href":"https:\/\/vitaminai.lt\/en\/wp-json\/wp\/v2\/product\/4380","targetHints":{"allow":["GET"]}}],"collection":[{"href":"https:\/\/vitaminai.lt\/en\/wp-json\/wp\/v2\/product"}],"about":[{"href":"https:\/\/vitaminai.lt\/en\/wp-json\/wp\/v2\/types\/product"}],"replies":[{"embeddable":true,"href":"https:\/\/vitaminai.lt\/en\/wp-json\/wp\/v2\/comments?post=4380"}],"wp:featuredmedia":[{"embeddable":true,"href":"https:\/\/vitaminai.lt\/en\/wp-json\/wp\/v2\/media\/4381"}],"wp:attachment":[{"href":"https:\/\/vitaminai.lt\/en\/wp-json\/wp\/v2\/media?parent=4380"}],"wp:term":[{"taxonomy":"product_brand","embeddable":true,"href":"https:\/\/vitaminai.lt\/en\/wp-json\/wp\/v2\/product_brand?post=4380"},{"taxonomy":"product_cat","embeddable":true,"href":"https:\/\/vitaminai.lt\/en\/wp-json\/wp\/v2\/product_cat?post=4380"},{"taxonomy":"product_tag","embeddable":true,"href":"https:\/\/vitaminai.lt\/en\/wp-json\/wp\/v2\/product_tag?post=4380"}],"curies":[{"name":"wp","href":"https:\/\/api.w.org\/{rel}","templated":true}]}}