{"id":439,"date":"2024-08-13T06:13:49","date_gmt":"2024-08-13T06:13:49","guid":{"rendered":"https:\/\/vitaminai.lt\/?post_type=product&#038;p=439"},"modified":"2026-04-08T10:25:17","modified_gmt":"2026-04-08T08:25:17","slug":"vitaminai-d3k2omega-1000-premium-n60","status":"publish","type":"product","link":"https:\/\/vitaminai.lt\/en\/produktas\/vitaminai-d3k2omega-1000-premium-n60\/","title":{"rendered":"Vitaminai D3+K2+Omega 1000 PREMIUM N60"},"content":{"rendered":"<h3 data-start=\"146\" data-end=\"192\">VITAMINAI D3, K2 IR OMEGA-3 1000 PREMIUM<\/h3>\n<p data-start=\"193\" data-end=\"234\"><strong data-start=\"193\" data-end=\"234\">Maisto papildas | 60 mink\u0161t\u0173 kapsuli\u0173<\/strong><\/p>\n<hr \/>\n<p>Visapusi\u0161kas <strong data-start=\"431\" data-end=\"492\">omega-3 riebal\u0173 r\u016bg\u0161\u010di\u0173 ir vitamin\u0173 D, E bei K kompleksas<\/strong> \u2013 auk\u0161tos kokyb\u0117s maisto papildas, skirtas pad\u0117ti palaikyti <strong data-start=\"553\" data-end=\"636\">normali\u0105 \u0161irdies veikl\u0105, kaul\u0173 ir raumen\u0173 funkcij\u0105 bei imunin\u0117s sistemos veikl\u0105<\/strong>.<\/p>\n<hr \/>\n<p><strong>Vitaminas D<\/strong> padeda palaikyti normali\u0105 kalcio ir fosforo absorbcij\u0105 ir (arba) \u012fsisavinim\u0105, kalcio koncentracij\u0105 kraujyje, kaul\u0173 b\u016bkl\u0119, raumen\u0173 funkcij\u0105, dant\u0173 b\u016bkl\u0119, imunin\u0117s sistemos veikl\u0105, bei atlieka tam tikr\u0105 funkcij\u0105 l\u0105steli\u0173 dalijimosi procese.<\/p>\n<p><strong>Vitaminas K<\/strong> padeda palaikyti normal\u0173 kraujo kre\u0161\u0117jim\u0105 ir normali\u0105 kaul\u0173 b\u016bkl\u0119.<\/p>\n<p><strong>Vitaminas E<\/strong> padeda apsaugoti l\u0105steles nuo oksidacin\u0117s pa\u017eaidos.<\/p>\n<p><strong>Eikozapentaeno r\u016bg\u0161tis<\/strong> ir <strong>dokozaheksaeno r\u016bg\u0161tis<\/strong> (<strong>EPR\/DHR<\/strong>) padeda palaikyti normali\u0105 \u0161irdies veikl\u0105. Teigiamas poveikis pasirei\u0161kia per par\u0105 suvartojant 250 mg EPR ir DHR.<\/p>\n<hr \/>\n<p data-start=\"236\" data-end=\"319\">Omega-3 su vitaminais D, E ir K \u2013 tai maisto papildas, skirtas asmenims, siekiantiems pad\u0117ti palaikyti <strong data-start=\"1450\" data-end=\"1533\">normali\u0105 \u0161irdies veikl\u0105, kaul\u0173 ir raumen\u0173 funkcij\u0105 bei imunin\u0117s sistemos veikl\u0105<\/strong> kasdien\u0117je mityboje.<\/p>\n","protected":false},"excerpt":{"rendered":"<p>VITAMINAI D3, K2 IR OMEGA-3 1000 PREMIUM Maisto papildas | 60 mink\u0161t\u0173 kapsuli\u0173 Visapusi\u0161kas omega-3 riebal\u0173 r\u016bg\u0161\u010di\u0173 ir vitamin\u0173 D, E bei K kompleksas \u2013 auk\u0161tos kokyb\u0117s maisto papildas, skirtas pad\u0117ti palaikyti normali\u0105 \u0161irdies veikl\u0105, kaul\u0173 ir raumen\u0173 funkcij\u0105 bei imunin\u0117s sistemos veikl\u0105. Vitaminas D padeda palaikyti normali\u0105 kalcio ir fosforo absorbcij\u0105 ir (arba) \u012fsisavinim\u0105, [&hellip;]<\/p>\n","protected":false},"featured_media":441,"comment_status":"open","ping_status":"closed","template":"","meta":[],"product_brand":[],"product_cat":[403,372,319,317,273,353,257,306,367,290,368,33,39,243,244,245,246,247,248,249,250,20,21,179,32,48,193,173,174,56,28,18,29,23,31,30,34,85,88,97,98,99],"product_tag":[],"class_list":{"0":"post-439","1":"product","2":"type-product","3":"status-publish","4":"has-post-thumbnail","6":"product_cat-11-viskam","7":"product_cat-akims-pagrindines-kategorijos","8":"product_cat-dantims-privalumai","9":"product_cat-kaulams-privalumai","10":"product_cat-lasteliu-apsaugai-privalumai","11":"product_cat-normaliam-kraujo-kresejimui","12":"product_cat-privalumai","13":"product_cat-raumenims-privalumai","14":"product_cat-sanariams-pagrindines-kategorijos","15":"product_cat-sirdies-veiklai","16":"product_cat-sportuojantiems-pagrindines-kategorijos","17":"product_cat-maisto-papildo-forma","18":"product_cat-minkstos-kapsules","19":"product_cat-pagrindines-kategorijos","20":"product_cat-moterims","21":"product_cat-vyrams","22":"product_cat-groziui-2","23":"product_cat-energijai-pagrindines-kategorijos","24":"product_cat-imunitetui-pagrindines-kategorijos","25":"product_cat-nervu-sistemai-pagrindines-kategorijos","26":"product_cat-sirdziai","27":"product_cat-paskirtis","28":"product_cat-akims","29":"product_cat-dantims","30":"product_cat-imunitetui","31":"product_cat-kaulams","32":"product_cat-kraujodarai","33":"product_cat-lasteliu-apsaugai","34":"product_cat-organizmo-apsaugai","35":"product_cat-raumenims","36":"product_cat-sirdziai-paskirtis","37":"product_cat-vartotojas","38":"product_cat-moterys","39":"product_cat-paaugliai","40":"product_cat-senjorai","41":"product_cat-vyrai","42":"product_cat-veiklioji-medziaga","43":"product_cat-multivitaminai","44":"product_cat-omega-3","45":"product_cat-vitaminas-d","46":"product_cat-vitaminas-e","47":"product_cat-vitaminas-k","49":"first","50":"instock","51":"shipping-taxable","52":"purchasable","53":"product-type-simple"},"yoast_head":"<!-- This site is optimized with the Yoast SEO plugin v26.6 - https:\/\/yoast.com\/wordpress\/plugins\/seo\/ -->\n<title>Vitaminai D3+K2+Omega 1000 PREMIUM N60 - Vitaminai ir maisto papildai internetu | Vitaminai.lt<\/title>\n<meta name=\"robots\" content=\"index, follow, max-snippet:-1, max-image-preview:large, max-video-preview:-1\" \/>\n<link rel=\"canonical\" href=\"https:\/\/vitaminai.lt\/produktas\/vitaminai-d3k2omega-1000-premium-n60\/\" \/>\n<meta property=\"og:locale\" content=\"en_US\" \/>\n<meta property=\"og:type\" content=\"article\" \/>\n<meta property=\"og:title\" content=\"Vitaminai D3+K2+Omega 1000 PREMIUM N60 - Vitaminai ir maisto papildai internetu | Vitaminai.lt\" \/>\n<meta property=\"og:description\" content=\"VITAMINAI D3, K2 IR OMEGA-3 1000 PREMIUM Maisto papildas | 60 mink\u0161t\u0173 kapsuli\u0173 Visapusi\u0161kas omega-3 riebal\u0173 r\u016bg\u0161\u010di\u0173 ir vitamin\u0173 D, E bei K kompleksas \u2013 auk\u0161tos kokyb\u0117s maisto papildas, skirtas pad\u0117ti palaikyti normali\u0105 \u0161irdies veikl\u0105, kaul\u0173 ir raumen\u0173 funkcij\u0105 bei imunin\u0117s sistemos veikl\u0105. Vitaminas D padeda palaikyti normali\u0105 kalcio ir fosforo absorbcij\u0105 ir (arba) \u012fsisavinim\u0105, [&hellip;]\" \/>\n<meta property=\"og:url\" content=\"https:\/\/vitaminai.lt\/produktas\/vitaminai-d3k2omega-1000-premium-n60\/\" \/>\n<meta property=\"og:site_name\" content=\"Vitaminai ir maisto papildai internetu | Vitaminai.lt\" \/>\n<meta property=\"article:publisher\" content=\"https:\/\/www.facebook.com\/vitaminai\/\" \/>\n<meta property=\"article:modified_time\" content=\"2026-04-08T08:25:17+00:00\" \/>\n<meta property=\"og:image\" content=\"https:\/\/vitaminai.lt\/wp-content\/uploads\/2024\/08\/Vitamin-D3K2-or-Omega-3-1000.png\" \/>\n\t<meta property=\"og:image:width\" content=\"1500\" \/>\n\t<meta property=\"og:image:height\" content=\"1455\" \/>\n\t<meta property=\"og:image:type\" content=\"image\/png\" \/>\n<meta name=\"twitter:card\" content=\"summary_large_image\" \/>\n<meta name=\"twitter:label1\" content=\"Est. reading time\" \/>\n\t<meta name=\"twitter:data1\" content=\"1 minute\" \/>\n<script type=\"application\/ld+json\" class=\"yoast-schema-graph\">{\"@context\":\"https:\/\/schema.org\",\"@graph\":[{\"@type\":\"WebPage\",\"@id\":\"https:\/\/vitaminai.lt\/produktas\/vitaminai-d3k2omega-1000-premium-n60\/\",\"url\":\"https:\/\/vitaminai.lt\/produktas\/vitaminai-d3k2omega-1000-premium-n60\/\",\"name\":\"Vitaminai D3+K2+Omega 1000 PREMIUM N60 - Vitaminai ir maisto papildai internetu | Vitaminai.lt\",\"isPartOf\":{\"@id\":\"https:\/\/vitaminai.lt\/#website\"},\"primaryImageOfPage\":{\"@id\":\"https:\/\/vitaminai.lt\/produktas\/vitaminai-d3k2omega-1000-premium-n60\/#primaryimage\"},\"image\":{\"@id\":\"https:\/\/vitaminai.lt\/produktas\/vitaminai-d3k2omega-1000-premium-n60\/#primaryimage\"},\"thumbnailUrl\":\"https:\/\/vitaminai.lt\/wp-content\/uploads\/2024\/08\/Vitamin-D3K2-or-Omega-3-1000.png\",\"datePublished\":\"2024-08-13T06:13:49+00:00\",\"dateModified\":\"2026-04-08T08:25:17+00:00\",\"breadcrumb\":{\"@id\":\"https:\/\/vitaminai.lt\/produktas\/vitaminai-d3k2omega-1000-premium-n60\/#breadcrumb\"},\"inLanguage\":\"en-US\",\"potentialAction\":[{\"@type\":\"ReadAction\",\"target\":[\"https:\/\/vitaminai.lt\/produktas\/vitaminai-d3k2omega-1000-premium-n60\/\"]}]},{\"@type\":\"ImageObject\",\"inLanguage\":\"en-US\",\"@id\":\"https:\/\/vitaminai.lt\/produktas\/vitaminai-d3k2omega-1000-premium-n60\/#primaryimage\",\"url\":\"https:\/\/vitaminai.lt\/wp-content\/uploads\/2024\/08\/Vitamin-D3K2-or-Omega-3-1000.png\",\"contentUrl\":\"https:\/\/vitaminai.lt\/wp-content\/uploads\/2024\/08\/Vitamin-D3K2-or-Omega-3-1000.png\",\"width\":1500,\"height\":1455},{\"@type\":\"BreadcrumbList\",\"@id\":\"https:\/\/vitaminai.lt\/produktas\/vitaminai-d3k2omega-1000-premium-n60\/#breadcrumb\",\"itemListElement\":[{\"@type\":\"ListItem\",\"position\":1,\"name\":\"Home\",\"item\":\"https:\/\/vitaminai.lt\/\"},{\"@type\":\"ListItem\",\"position\":2,\"name\":\"Produktai\",\"item\":\"https:\/\/vitaminai.lt\/produktai\/\"},{\"@type\":\"ListItem\",\"position\":3,\"name\":\"Vitaminai D3+K2+Omega 1000 PREMIUM N60\"}]},{\"@type\":\"WebSite\",\"@id\":\"https:\/\/vitaminai.lt\/#website\",\"url\":\"https:\/\/vitaminai.lt\/\",\"name\":\"Vitaminai ir maisto papildai internetu | Vitaminai.lt\",\"description\":\"\",\"publisher\":{\"@id\":\"https:\/\/vitaminai.lt\/#organization\"},\"potentialAction\":[{\"@type\":\"SearchAction\",\"target\":{\"@type\":\"EntryPoint\",\"urlTemplate\":\"https:\/\/vitaminai.lt\/?s={search_term_string}\"},\"query-input\":{\"@type\":\"PropertyValueSpecification\",\"valueRequired\":true,\"valueName\":\"search_term_string\"}}],\"inLanguage\":\"en-US\"},{\"@type\":\"Organization\",\"@id\":\"https:\/\/vitaminai.lt\/#organization\",\"name\":\"Vitaminai ir maisto papildai internetu | Vitaminai.lt\",\"url\":\"https:\/\/vitaminai.lt\/\",\"logo\":{\"@type\":\"ImageObject\",\"inLanguage\":\"en-US\",\"@id\":\"https:\/\/vitaminai.lt\/#\/schema\/logo\/image\/\",\"url\":\"https:\/\/vitaminai.lt\/wp-content\/uploads\/2025\/01\/g212.png\",\"contentUrl\":\"https:\/\/vitaminai.lt\/wp-content\/uploads\/2025\/01\/g212.png\",\"width\":313,\"height\":74,\"caption\":\"Vitaminai ir maisto papildai internetu | Vitaminai.lt\"},\"image\":{\"@id\":\"https:\/\/vitaminai.lt\/#\/schema\/logo\/image\/\"},\"sameAs\":[\"https:\/\/www.facebook.com\/vitaminai\/\"]}]}<\/script>\n<!-- \/ Yoast SEO plugin. -->","yoast_head_json":{"title":"Vitaminai D3+K2+Omega 1000 PREMIUM N60 - Vitaminai ir maisto papildai internetu | Vitaminai.lt","robots":{"index":"index","follow":"follow","max-snippet":"max-snippet:-1","max-image-preview":"max-image-preview:large","max-video-preview":"max-video-preview:-1"},"canonical":"https:\/\/vitaminai.lt\/produktas\/vitaminai-d3k2omega-1000-premium-n60\/","og_locale":"en_US","og_type":"article","og_title":"Vitaminai D3+K2+Omega 1000 PREMIUM N60 - Vitaminai ir maisto papildai internetu | Vitaminai.lt","og_description":"VITAMINAI D3, K2 IR OMEGA-3 1000 PREMIUM Maisto papildas | 60 mink\u0161t\u0173 kapsuli\u0173 Visapusi\u0161kas omega-3 riebal\u0173 r\u016bg\u0161\u010di\u0173 ir vitamin\u0173 D, E bei K kompleksas \u2013 auk\u0161tos kokyb\u0117s maisto papildas, skirtas pad\u0117ti palaikyti normali\u0105 \u0161irdies veikl\u0105, kaul\u0173 ir raumen\u0173 funkcij\u0105 bei imunin\u0117s sistemos veikl\u0105. Vitaminas D padeda palaikyti normali\u0105 kalcio ir fosforo absorbcij\u0105 ir (arba) \u012fsisavinim\u0105, [&hellip;]","og_url":"https:\/\/vitaminai.lt\/produktas\/vitaminai-d3k2omega-1000-premium-n60\/","og_site_name":"Vitaminai ir maisto papildai internetu | Vitaminai.lt","article_publisher":"https:\/\/www.facebook.com\/vitaminai\/","article_modified_time":"2026-04-08T08:25:17+00:00","og_image":[{"width":1500,"height":1455,"url":"https:\/\/vitaminai.lt\/wp-content\/uploads\/2024\/08\/Vitamin-D3K2-or-Omega-3-1000.png","type":"image\/png"}],"twitter_card":"summary_large_image","twitter_misc":{"Est. reading time":"1 minute"},"schema":{"@context":"https:\/\/schema.org","@graph":[{"@type":"WebPage","@id":"https:\/\/vitaminai.lt\/produktas\/vitaminai-d3k2omega-1000-premium-n60\/","url":"https:\/\/vitaminai.lt\/produktas\/vitaminai-d3k2omega-1000-premium-n60\/","name":"Vitaminai D3+K2+Omega 1000 PREMIUM N60 - Vitaminai ir maisto papildai internetu | Vitaminai.lt","isPartOf":{"@id":"https:\/\/vitaminai.lt\/#website"},"primaryImageOfPage":{"@id":"https:\/\/vitaminai.lt\/produktas\/vitaminai-d3k2omega-1000-premium-n60\/#primaryimage"},"image":{"@id":"https:\/\/vitaminai.lt\/produktas\/vitaminai-d3k2omega-1000-premium-n60\/#primaryimage"},"thumbnailUrl":"https:\/\/vitaminai.lt\/wp-content\/uploads\/2024\/08\/Vitamin-D3K2-or-Omega-3-1000.png","datePublished":"2024-08-13T06:13:49+00:00","dateModified":"2026-04-08T08:25:17+00:00","breadcrumb":{"@id":"https:\/\/vitaminai.lt\/produktas\/vitaminai-d3k2omega-1000-premium-n60\/#breadcrumb"},"inLanguage":"en-US","potentialAction":[{"@type":"ReadAction","target":["https:\/\/vitaminai.lt\/produktas\/vitaminai-d3k2omega-1000-premium-n60\/"]}]},{"@type":"ImageObject","inLanguage":"en-US","@id":"https:\/\/vitaminai.lt\/produktas\/vitaminai-d3k2omega-1000-premium-n60\/#primaryimage","url":"https:\/\/vitaminai.lt\/wp-content\/uploads\/2024\/08\/Vitamin-D3K2-or-Omega-3-1000.png","contentUrl":"https:\/\/vitaminai.lt\/wp-content\/uploads\/2024\/08\/Vitamin-D3K2-or-Omega-3-1000.png","width":1500,"height":1455},{"@type":"BreadcrumbList","@id":"https:\/\/vitaminai.lt\/produktas\/vitaminai-d3k2omega-1000-premium-n60\/#breadcrumb","itemListElement":[{"@type":"ListItem","position":1,"name":"Home","item":"https:\/\/vitaminai.lt\/"},{"@type":"ListItem","position":2,"name":"Produktai","item":"https:\/\/vitaminai.lt\/produktai\/"},{"@type":"ListItem","position":3,"name":"Vitaminai D3+K2+Omega 1000 PREMIUM N60"}]},{"@type":"WebSite","@id":"https:\/\/vitaminai.lt\/#website","url":"https:\/\/vitaminai.lt\/","name":"Vitaminai ir maisto papildai internetu | Vitaminai.lt","description":"","publisher":{"@id":"https:\/\/vitaminai.lt\/#organization"},"potentialAction":[{"@type":"SearchAction","target":{"@type":"EntryPoint","urlTemplate":"https:\/\/vitaminai.lt\/?s={search_term_string}"},"query-input":{"@type":"PropertyValueSpecification","valueRequired":true,"valueName":"search_term_string"}}],"inLanguage":"en-US"},{"@type":"Organization","@id":"https:\/\/vitaminai.lt\/#organization","name":"Vitaminai ir maisto papildai internetu | Vitaminai.lt","url":"https:\/\/vitaminai.lt\/","logo":{"@type":"ImageObject","inLanguage":"en-US","@id":"https:\/\/vitaminai.lt\/#\/schema\/logo\/image\/","url":"https:\/\/vitaminai.lt\/wp-content\/uploads\/2025\/01\/g212.png","contentUrl":"https:\/\/vitaminai.lt\/wp-content\/uploads\/2025\/01\/g212.png","width":313,"height":74,"caption":"Vitaminai ir maisto papildai internetu | Vitaminai.lt"},"image":{"@id":"https:\/\/vitaminai.lt\/#\/schema\/logo\/image\/"},"sameAs":["https:\/\/www.facebook.com\/vitaminai\/"]}]}},"_links":{"self":[{"href":"https:\/\/vitaminai.lt\/en\/wp-json\/wp\/v2\/product\/439","targetHints":{"allow":["GET"]}}],"collection":[{"href":"https:\/\/vitaminai.lt\/en\/wp-json\/wp\/v2\/product"}],"about":[{"href":"https:\/\/vitaminai.lt\/en\/wp-json\/wp\/v2\/types\/product"}],"replies":[{"embeddable":true,"href":"https:\/\/vitaminai.lt\/en\/wp-json\/wp\/v2\/comments?post=439"}],"wp:featuredmedia":[{"embeddable":true,"href":"https:\/\/vitaminai.lt\/en\/wp-json\/wp\/v2\/media\/441"}],"wp:attachment":[{"href":"https:\/\/vitaminai.lt\/en\/wp-json\/wp\/v2\/media?parent=439"}],"wp:term":[{"taxonomy":"product_brand","embeddable":true,"href":"https:\/\/vitaminai.lt\/en\/wp-json\/wp\/v2\/product_brand?post=439"},{"taxonomy":"product_cat","embeddable":true,"href":"https:\/\/vitaminai.lt\/en\/wp-json\/wp\/v2\/product_cat?post=439"},{"taxonomy":"product_tag","embeddable":true,"href":"https:\/\/vitaminai.lt\/en\/wp-json\/wp\/v2\/product_tag?post=439"}],"curies":[{"name":"wp","href":"https:\/\/api.w.org\/{rel}","templated":true}]}}