{"id":451,"date":"2024-08-13T06:23:18","date_gmt":"2024-08-13T06:23:18","guid":{"rendered":"https:\/\/vitaminai.lt\/?post_type=product&#038;p=451"},"modified":"2026-04-02T15:04:34","modified_gmt":"2026-04-02T13:04:34","slug":"5-htp-n90","status":"publish","type":"product","link":"https:\/\/vitaminai.lt\/en\/produktas\/5-htp-n90\/","title":{"rendered":"Grifonijos s\u0117kl\u0173 ekstraktas 5 HTP 100 mg N90"},"content":{"rendered":"<h3 data-start=\"193\" data-end=\"204\">5-HTP<\/h3>\n<p data-start=\"205\" data-end=\"238\"><strong data-start=\"205\" data-end=\"238\">Maisto papildas | 90 kapsuli\u0173<\/strong><\/p>\n<hr \/>\n<p class=\"isSelectedEnd\"><strong>5-HTP<\/strong> \u2013 tai maisto papildas, kurio sud\u0117tyje yra grifonijos (Griffonia simplicifolia) s\u0117kl\u0173 ekstrakto, nat\u016braliai turin\u010dio 5-hidroksitriptofano (5-HTP) \u2013 med\u017eiagos, dalyvaujan\u010dios serotonino sintez\u0117s procesuose organizme.<\/p>\n<div contenteditable=\"false\">\n<hr \/>\n<\/div>\n<p><strong>Kaip veikia 5-HTP?<\/strong><\/p>\n<p class=\"isSelectedEnd\">Grifonijos s\u0117kl\u0173 ekstraktas gali pad\u0117ti palaikyti normal\u0173 <strong>serotonino<\/strong> ir <strong>melatonino<\/strong> susidarym\u0105 organizme.<\/p>\n<p class=\"isSelectedEnd\"><strong>Serotoninas<\/strong> \u2013 tai biologi\u0161kai aktyvi med\u017eiaga, aptinkama smegenyse ir vir\u0161kinamajame trakte, dalyvaujanti nervini\u0173 signal\u0173 perdavime. Serotoninas dalyvauja organizmo procesuose, palaikydamas normali\u0105 emocin\u0119 pusiausvyr\u0105, energijos lyg\u012f, nerv\u0173 sistemos veikl\u0105.<\/p>\n<p><strong>Melatoninas<\/strong> padeda palaikyti normali\u0105 miego kokyb\u0119.<\/p>\n<div contenteditable=\"false\">\n<hr \/>\n<\/div>\n<p><strong>Kam skirtas \u0161is maisto papildas?<\/strong><\/p>\n<p>\u0160\u012f maisto papild\u0105 verta vartoti tuomet, kai norite nat\u016braliu b\u016bdu papildyti mityb\u0105 5-HTP turin\u010diu augaliniu ingredientu ir palaikyti <strong>emocin\u0117s savijautos bei vidin\u0117s pusiausvyros poj\u016bt\u012f<\/strong> kasdienio gyvenimo ritme.<\/p>\n<hr \/>\n<p data-start=\"900\" data-end=\"996\"><strong>Vienoje kapsul\u0117je:<\/strong><\/p>\n<p data-start=\"900\" data-end=\"996\"><strong data-start=\"925\" data-end=\"964\">Grifonijos s\u0117kl\u0173 ekstrakto \u2013 500 mg<\/strong>, kuriame yra <strong data-start=\"978\" data-end=\"996\">5-HTP \u2013 100 mg.<\/strong><\/p>\n","protected":false},"excerpt":{"rendered":"<p>5-HTP Maisto papildas | 90 kapsuli\u0173 5-HTP \u2013 tai maisto papildas, kurio sud\u0117tyje yra grifonijos (Griffonia simplicifolia) s\u0117kl\u0173 ekstrakto, nat\u016braliai turin\u010dio 5-hidroksitriptofano (5-HTP) \u2013 med\u017eiagos, dalyvaujan\u010dios serotonino sintez\u0117s procesuose organizme. Kaip veikia 5-HTP? Grifonijos s\u0117kl\u0173 ekstraktas gali pad\u0117ti palaikyti normal\u0173 serotonino ir melatonino susidarym\u0105 organizme. Serotoninas \u2013 tai biologi\u0161kai aktyvi med\u017eiaga, aptinkama smegenyse ir vir\u0161kinamajame [&hellip;]<\/p>\n","protected":false},"featured_media":692,"comment_status":"open","ping_status":"closed","template":"","meta":[],"product_brand":[],"product_cat":[403,396,375,276,257,275,294,356,368,33,37,243,244,245,247,249,20,25,142,165,18,29,23,31,30,34,195,192],"product_tag":[],"class_list":{"0":"post-451","1":"product","2":"type-product","3":"status-publish","4":"has-post-thumbnail","6":"product_cat-11-viskam","7":"product_cat-itampai-nusiraminimui","8":"product_cat-menesio-prekes","9":"product_cat-nervu-sistemai-privalumai","10":"product_cat-privalumai","11":"product_cat-protinei-veiklai-privalumai","12":"product_cat-psichologinei-funkcijai-privalumai","13":"product_cat-sotumo-jausmui-palaikyti","14":"product_cat-sportuojantiems-pagrindines-kategorijos","15":"product_cat-maisto-papildo-forma","16":"product_cat-kapsules","17":"product_cat-pagrindines-kategorijos","18":"product_cat-moterims","19":"product_cat-vyrams","20":"product_cat-energijai-pagrindines-kategorijos","21":"product_cat-nervu-sistemai-pagrindines-kategorijos","22":"product_cat-paskirtis","23":"product_cat-nervu-sistemai","24":"product_cat-protinei-veiklai","25":"product_cat-psichologinei-funkcijai","26":"product_cat-vartotojas","27":"product_cat-moterys","28":"product_cat-paaugliai","29":"product_cat-senjorai","30":"product_cat-vyrai","31":"product_cat-veiklioji-medziaga","32":"product_cat-5-htp","33":"product_cat-grifonija","35":"first","36":"instock","37":"shipping-taxable","38":"purchasable","39":"product-type-simple"},"yoast_head":"<!-- This site is optimized with the Yoast SEO plugin v26.6 - https:\/\/yoast.com\/wordpress\/plugins\/seo\/ -->\n<title>Grifonijos s\u0117kl\u0173 ekstraktas 5 HTP 100 mg N90 - Vitaminai ir maisto papildai internetu | Vitaminai.lt<\/title>\n<meta name=\"robots\" content=\"index, follow, max-snippet:-1, max-image-preview:large, max-video-preview:-1\" \/>\n<link rel=\"canonical\" href=\"https:\/\/vitaminai.lt\/produktas\/5-htp-n90\/\" \/>\n<meta property=\"og:locale\" content=\"en_US\" \/>\n<meta property=\"og:type\" content=\"article\" \/>\n<meta property=\"og:title\" content=\"Grifonijos s\u0117kl\u0173 ekstraktas 5 HTP 100 mg N90 - Vitaminai ir maisto papildai internetu | Vitaminai.lt\" \/>\n<meta property=\"og:description\" content=\"5-HTP Maisto papildas | 90 kapsuli\u0173 5-HTP \u2013 tai maisto papildas, kurio sud\u0117tyje yra grifonijos (Griffonia simplicifolia) s\u0117kl\u0173 ekstrakto, nat\u016braliai turin\u010dio 5-hidroksitriptofano (5-HTP) \u2013 med\u017eiagos, dalyvaujan\u010dios serotonino sintez\u0117s procesuose organizme. Kaip veikia 5-HTP? Grifonijos s\u0117kl\u0173 ekstraktas gali pad\u0117ti palaikyti normal\u0173 serotonino ir melatonino susidarym\u0105 organizme. Serotoninas \u2013 tai biologi\u0161kai aktyvi med\u017eiaga, aptinkama smegenyse ir vir\u0161kinamajame [&hellip;]\" \/>\n<meta property=\"og:url\" content=\"https:\/\/vitaminai.lt\/produktas\/5-htp-n90\/\" \/>\n<meta property=\"og:site_name\" content=\"Vitaminai ir maisto papildai internetu | Vitaminai.lt\" \/>\n<meta property=\"article:publisher\" content=\"https:\/\/www.facebook.com\/vitaminai\/\" \/>\n<meta property=\"article:modified_time\" content=\"2026-04-02T13:04:34+00:00\" \/>\n<meta property=\"og:image\" content=\"https:\/\/vitaminai.lt\/wp-content\/uploads\/2024\/08\/5-HTP_Priekis_su-fonu-1.png\" \/>\n\t<meta property=\"og:image:width\" content=\"3001\" \/>\n\t<meta property=\"og:image:height\" content=\"2928\" \/>\n\t<meta property=\"og:image:type\" content=\"image\/png\" \/>\n<meta name=\"twitter:card\" content=\"summary_large_image\" \/>\n<meta name=\"twitter:label1\" content=\"Est. reading time\" \/>\n\t<meta name=\"twitter:data1\" content=\"1 minute\" \/>\n<script type=\"application\/ld+json\" class=\"yoast-schema-graph\">{\"@context\":\"https:\/\/schema.org\",\"@graph\":[{\"@type\":\"WebPage\",\"@id\":\"https:\/\/vitaminai.lt\/produktas\/5-htp-n90\/\",\"url\":\"https:\/\/vitaminai.lt\/produktas\/5-htp-n90\/\",\"name\":\"Grifonijos s\u0117kl\u0173 ekstraktas 5 HTP 100 mg N90 - Vitaminai ir maisto papildai internetu | Vitaminai.lt\",\"isPartOf\":{\"@id\":\"https:\/\/vitaminai.lt\/#website\"},\"primaryImageOfPage\":{\"@id\":\"https:\/\/vitaminai.lt\/produktas\/5-htp-n90\/#primaryimage\"},\"image\":{\"@id\":\"https:\/\/vitaminai.lt\/produktas\/5-htp-n90\/#primaryimage\"},\"thumbnailUrl\":\"https:\/\/vitaminai.lt\/wp-content\/uploads\/2024\/08\/5-HTP_Priekis_su-fonu-1.png\",\"datePublished\":\"2024-08-13T06:23:18+00:00\",\"dateModified\":\"2026-04-02T13:04:34+00:00\",\"breadcrumb\":{\"@id\":\"https:\/\/vitaminai.lt\/produktas\/5-htp-n90\/#breadcrumb\"},\"inLanguage\":\"en-US\",\"potentialAction\":[{\"@type\":\"ReadAction\",\"target\":[\"https:\/\/vitaminai.lt\/produktas\/5-htp-n90\/\"]}]},{\"@type\":\"ImageObject\",\"inLanguage\":\"en-US\",\"@id\":\"https:\/\/vitaminai.lt\/produktas\/5-htp-n90\/#primaryimage\",\"url\":\"https:\/\/vitaminai.lt\/wp-content\/uploads\/2024\/08\/5-HTP_Priekis_su-fonu-1.png\",\"contentUrl\":\"https:\/\/vitaminai.lt\/wp-content\/uploads\/2024\/08\/5-HTP_Priekis_su-fonu-1.png\",\"width\":3001,\"height\":2928},{\"@type\":\"BreadcrumbList\",\"@id\":\"https:\/\/vitaminai.lt\/produktas\/5-htp-n90\/#breadcrumb\",\"itemListElement\":[{\"@type\":\"ListItem\",\"position\":1,\"name\":\"Home\",\"item\":\"https:\/\/vitaminai.lt\/\"},{\"@type\":\"ListItem\",\"position\":2,\"name\":\"Produktai\",\"item\":\"https:\/\/vitaminai.lt\/produktai\/\"},{\"@type\":\"ListItem\",\"position\":3,\"name\":\"Grifonijos s\u0117kl\u0173 ekstraktas 5 HTP 100 mg N90\"}]},{\"@type\":\"WebSite\",\"@id\":\"https:\/\/vitaminai.lt\/#website\",\"url\":\"https:\/\/vitaminai.lt\/\",\"name\":\"Vitaminai ir maisto papildai internetu | Vitaminai.lt\",\"description\":\"\",\"publisher\":{\"@id\":\"https:\/\/vitaminai.lt\/#organization\"},\"potentialAction\":[{\"@type\":\"SearchAction\",\"target\":{\"@type\":\"EntryPoint\",\"urlTemplate\":\"https:\/\/vitaminai.lt\/?s={search_term_string}\"},\"query-input\":{\"@type\":\"PropertyValueSpecification\",\"valueRequired\":true,\"valueName\":\"search_term_string\"}}],\"inLanguage\":\"en-US\"},{\"@type\":\"Organization\",\"@id\":\"https:\/\/vitaminai.lt\/#organization\",\"name\":\"Vitaminai ir maisto papildai internetu | Vitaminai.lt\",\"url\":\"https:\/\/vitaminai.lt\/\",\"logo\":{\"@type\":\"ImageObject\",\"inLanguage\":\"en-US\",\"@id\":\"https:\/\/vitaminai.lt\/#\/schema\/logo\/image\/\",\"url\":\"https:\/\/vitaminai.lt\/wp-content\/uploads\/2025\/01\/g212.png\",\"contentUrl\":\"https:\/\/vitaminai.lt\/wp-content\/uploads\/2025\/01\/g212.png\",\"width\":313,\"height\":74,\"caption\":\"Vitaminai ir maisto papildai internetu | Vitaminai.lt\"},\"image\":{\"@id\":\"https:\/\/vitaminai.lt\/#\/schema\/logo\/image\/\"},\"sameAs\":[\"https:\/\/www.facebook.com\/vitaminai\/\"]}]}<\/script>\n<!-- \/ Yoast SEO plugin. -->","yoast_head_json":{"title":"Grifonijos s\u0117kl\u0173 ekstraktas 5 HTP 100 mg N90 - Vitaminai ir maisto papildai internetu | Vitaminai.lt","robots":{"index":"index","follow":"follow","max-snippet":"max-snippet:-1","max-image-preview":"max-image-preview:large","max-video-preview":"max-video-preview:-1"},"canonical":"https:\/\/vitaminai.lt\/produktas\/5-htp-n90\/","og_locale":"en_US","og_type":"article","og_title":"Grifonijos s\u0117kl\u0173 ekstraktas 5 HTP 100 mg N90 - Vitaminai ir maisto papildai internetu | Vitaminai.lt","og_description":"5-HTP Maisto papildas | 90 kapsuli\u0173 5-HTP \u2013 tai maisto papildas, kurio sud\u0117tyje yra grifonijos (Griffonia simplicifolia) s\u0117kl\u0173 ekstrakto, nat\u016braliai turin\u010dio 5-hidroksitriptofano (5-HTP) \u2013 med\u017eiagos, dalyvaujan\u010dios serotonino sintez\u0117s procesuose organizme. Kaip veikia 5-HTP? Grifonijos s\u0117kl\u0173 ekstraktas gali pad\u0117ti palaikyti normal\u0173 serotonino ir melatonino susidarym\u0105 organizme. Serotoninas \u2013 tai biologi\u0161kai aktyvi med\u017eiaga, aptinkama smegenyse ir vir\u0161kinamajame [&hellip;]","og_url":"https:\/\/vitaminai.lt\/produktas\/5-htp-n90\/","og_site_name":"Vitaminai ir maisto papildai internetu | Vitaminai.lt","article_publisher":"https:\/\/www.facebook.com\/vitaminai\/","article_modified_time":"2026-04-02T13:04:34+00:00","og_image":[{"width":3001,"height":2928,"url":"https:\/\/vitaminai.lt\/wp-content\/uploads\/2024\/08\/5-HTP_Priekis_su-fonu-1.png","type":"image\/png"}],"twitter_card":"summary_large_image","twitter_misc":{"Est. reading time":"1 minute"},"schema":{"@context":"https:\/\/schema.org","@graph":[{"@type":"WebPage","@id":"https:\/\/vitaminai.lt\/produktas\/5-htp-n90\/","url":"https:\/\/vitaminai.lt\/produktas\/5-htp-n90\/","name":"Grifonijos s\u0117kl\u0173 ekstraktas 5 HTP 100 mg N90 - Vitaminai ir maisto papildai internetu | Vitaminai.lt","isPartOf":{"@id":"https:\/\/vitaminai.lt\/#website"},"primaryImageOfPage":{"@id":"https:\/\/vitaminai.lt\/produktas\/5-htp-n90\/#primaryimage"},"image":{"@id":"https:\/\/vitaminai.lt\/produktas\/5-htp-n90\/#primaryimage"},"thumbnailUrl":"https:\/\/vitaminai.lt\/wp-content\/uploads\/2024\/08\/5-HTP_Priekis_su-fonu-1.png","datePublished":"2024-08-13T06:23:18+00:00","dateModified":"2026-04-02T13:04:34+00:00","breadcrumb":{"@id":"https:\/\/vitaminai.lt\/produktas\/5-htp-n90\/#breadcrumb"},"inLanguage":"en-US","potentialAction":[{"@type":"ReadAction","target":["https:\/\/vitaminai.lt\/produktas\/5-htp-n90\/"]}]},{"@type":"ImageObject","inLanguage":"en-US","@id":"https:\/\/vitaminai.lt\/produktas\/5-htp-n90\/#primaryimage","url":"https:\/\/vitaminai.lt\/wp-content\/uploads\/2024\/08\/5-HTP_Priekis_su-fonu-1.png","contentUrl":"https:\/\/vitaminai.lt\/wp-content\/uploads\/2024\/08\/5-HTP_Priekis_su-fonu-1.png","width":3001,"height":2928},{"@type":"BreadcrumbList","@id":"https:\/\/vitaminai.lt\/produktas\/5-htp-n90\/#breadcrumb","itemListElement":[{"@type":"ListItem","position":1,"name":"Home","item":"https:\/\/vitaminai.lt\/"},{"@type":"ListItem","position":2,"name":"Produktai","item":"https:\/\/vitaminai.lt\/produktai\/"},{"@type":"ListItem","position":3,"name":"Grifonijos s\u0117kl\u0173 ekstraktas 5 HTP 100 mg N90"}]},{"@type":"WebSite","@id":"https:\/\/vitaminai.lt\/#website","url":"https:\/\/vitaminai.lt\/","name":"Vitaminai ir maisto papildai internetu | Vitaminai.lt","description":"","publisher":{"@id":"https:\/\/vitaminai.lt\/#organization"},"potentialAction":[{"@type":"SearchAction","target":{"@type":"EntryPoint","urlTemplate":"https:\/\/vitaminai.lt\/?s={search_term_string}"},"query-input":{"@type":"PropertyValueSpecification","valueRequired":true,"valueName":"search_term_string"}}],"inLanguage":"en-US"},{"@type":"Organization","@id":"https:\/\/vitaminai.lt\/#organization","name":"Vitaminai ir maisto papildai internetu | Vitaminai.lt","url":"https:\/\/vitaminai.lt\/","logo":{"@type":"ImageObject","inLanguage":"en-US","@id":"https:\/\/vitaminai.lt\/#\/schema\/logo\/image\/","url":"https:\/\/vitaminai.lt\/wp-content\/uploads\/2025\/01\/g212.png","contentUrl":"https:\/\/vitaminai.lt\/wp-content\/uploads\/2025\/01\/g212.png","width":313,"height":74,"caption":"Vitaminai ir maisto papildai internetu | Vitaminai.lt"},"image":{"@id":"https:\/\/vitaminai.lt\/#\/schema\/logo\/image\/"},"sameAs":["https:\/\/www.facebook.com\/vitaminai\/"]}]}},"_links":{"self":[{"href":"https:\/\/vitaminai.lt\/en\/wp-json\/wp\/v2\/product\/451","targetHints":{"allow":["GET"]}}],"collection":[{"href":"https:\/\/vitaminai.lt\/en\/wp-json\/wp\/v2\/product"}],"about":[{"href":"https:\/\/vitaminai.lt\/en\/wp-json\/wp\/v2\/types\/product"}],"replies":[{"embeddable":true,"href":"https:\/\/vitaminai.lt\/en\/wp-json\/wp\/v2\/comments?post=451"}],"wp:featuredmedia":[{"embeddable":true,"href":"https:\/\/vitaminai.lt\/en\/wp-json\/wp\/v2\/media\/692"}],"wp:attachment":[{"href":"https:\/\/vitaminai.lt\/en\/wp-json\/wp\/v2\/media?parent=451"}],"wp:term":[{"taxonomy":"product_brand","embeddable":true,"href":"https:\/\/vitaminai.lt\/en\/wp-json\/wp\/v2\/product_brand?post=451"},{"taxonomy":"product_cat","embeddable":true,"href":"https:\/\/vitaminai.lt\/en\/wp-json\/wp\/v2\/product_cat?post=451"},{"taxonomy":"product_tag","embeddable":true,"href":"https:\/\/vitaminai.lt\/en\/wp-json\/wp\/v2\/product_tag?post=451"}],"curies":[{"name":"wp","href":"https:\/\/api.w.org\/{rel}","templated":true}]}}