{"id":453,"date":"2024-08-13T06:24:33","date_gmt":"2024-08-13T06:24:33","guid":{"rendered":"https:\/\/vitaminai.lt\/?post_type=product&#038;p=453"},"modified":"2026-04-08T10:25:18","modified_gmt":"2026-04-08T08:25:18","slug":"kordicepsas-n90","status":"publish","type":"product","link":"https:\/\/vitaminai.lt\/en\/produktas\/kordicepsas-n90\/","title":{"rendered":"Kininis kordicepsas 750 mg N90"},"content":{"rendered":"<h3 data-start=\"171\" data-end=\"195\">KORDICEPSAS 750 mg<\/h3>\n<p data-start=\"196\" data-end=\"229\"><strong data-start=\"196\" data-end=\"229\">Maisto papildas | 90 table\u010di\u0173<\/strong><\/p>\n<hr \/>\n<p><strong data-start=\"1263\" data-end=\"1329\">Kininis kordicepsas (Cordyceps sinensis \/ Cordyceps militaris)<\/strong> \u2013 tai grybin\u0117s kilm\u0117s ingredientas, tradici\u0161kai naudojamas Ryt\u0173 Azijos kult\u016brose. Produktas yra maisto papildas, skirtas kasdien\u0117s mitybos papildymui.<\/p>\n<hr \/>\n<p data-start=\"75\" data-end=\"106\"><strong>Galimas kordicepso grybo poveikis organizmui:<\/strong><\/p>\n<p data-start=\"108\" data-end=\"385\">Kordicepso grybas da\u017enai siejamas su bendros energijos palaikymu kasdien\u0117je veikloje ir gali prisid\u0117ti prie geresn\u0117s savijautos. Jis vertinamas kaip ingredientas, tinkamas aktyv\u0173 gyvenim\u0105 gyvenantiems bei sportuojantiems \u017emon\u0117ms, nes siejamas su i\u0161tverm\u0117s ir fizinio paj\u0117gumo palaikymu.<\/p>\n<p data-start=\"387\" data-end=\"668\">Taip pat manoma, kad kordicepsas gali pad\u0117ti palaikyti normali\u0105 imunin\u0117s sistemos veikl\u0105 ir vidin\u0119 organizmo pusiausvyr\u0105. Nurodoma, jog jis gali tur\u0117ti teigiam\u0105 poveik\u012f \u0161irdies veiklai, pad\u0117ti palaikyti normal\u0173 kraujosp\u016bd\u012f bei cholesterolio kiek\u012f kraujyje.<\/p>\n<p data-start=\"670\" data-end=\"869\">Tradicin\u0117je kin\u0173 medicinoje teigiama, kad \u0161is grybas gali prisid\u0117ti prie inkst\u0173 veiklos gerinimo. Be to, jis siejamas su galimu poveikiu hormon\u0173, toki\u0173 kaip kortizolis ir testosteronas, reguliavimui.<\/p>\n<hr \/>\n<p data-start=\"123\" data-end=\"158\"><strong>Kod\u0117l verta rinktis kordiceps\u0105?<\/strong><\/p>\n<p data-start=\"1498\" data-end=\"1528\">Grybin\u0117s kilm\u0117s ingredientas;<\/p>\n<p data-start=\"1531\" data-end=\"1577\">Tradici\u0161kai naudojamas Ryt\u0173 Azijos kult\u016brose;<\/p>\n<p data-start=\"1580\" data-end=\"1634\">Tinka \u017emon\u0117ms, propaguojantiems aktyv\u0173 gyvenimo b\u016bd\u0105;<\/p>\n<p data-start=\"1637\" data-end=\"1683\">Maisto papildas kasdien\u0117s mitybos papildymui.<\/p>\n<hr \/>\n<p data-start=\"609\" data-end=\"798\"><strong>Kininis kordicepsas \u2013<\/strong> grybin\u0117s kilm\u0117s maisto papildas, skirtas s\u0105moningiems vartotojams, ie\u0161kantiems tradici\u0161kai naudojam\u0173 ingredient\u0173 kasdienei mitybai papildyti.<\/p>\n","protected":false},"excerpt":{"rendered":"<p>KORDICEPSAS 750 mg Maisto papildas | 90 table\u010di\u0173 Kininis kordicepsas (Cordyceps sinensis \/ Cordyceps militaris) \u2013 tai grybin\u0117s kilm\u0117s ingredientas, tradici\u0161kai naudojamas Ryt\u0173 Azijos kult\u016brose. Produktas yra maisto papildas, skirtas kasdien\u0117s mitybos papildymui. Galimas kordicepso grybo poveikis organizmui: Kordicepso grybas da\u017enai siejamas su bendros energijos palaikymu kasdien\u0117je veikloje ir gali prisid\u0117ti prie geresn\u0117s savijautos. Jis [&hellip;]<\/p>\n","protected":false},"featured_media":689,"comment_status":"open","ping_status":"closed","template":"","meta":[],"product_brand":[],"product_cat":[403,254,311,278,272,291,273,375,376,257,357,368,33,40,243,244,245,247,248,20,26,32,18,29,23,31,30,34,197],"product_tag":[],"class_list":{"0":"post-453","1":"product","2":"type-product","3":"status-publish","4":"has-post-thumbnail","6":"product_cat-11-viskam","7":"product_cat-akcijos","8":"product_cat-antioksidantas","9":"product_cat-energijos-apykaitai","10":"product_cat-imuninei-sistemai","11":"product_cat-istvermei-privalumai","12":"product_cat-lasteliu-apsaugai-privalumai","13":"product_cat-menesio-prekes","14":"product_cat-populiariausi-produktai","15":"product_cat-privalumai","16":"product_cat-sportuojantiems-privalumai","17":"product_cat-sportuojantiems-pagrindines-kategorijos","18":"product_cat-maisto-papildo-forma","19":"product_cat-tabletes","20":"product_cat-pagrindines-kategorijos","21":"product_cat-moterims","22":"product_cat-vyrams","23":"product_cat-energijai-pagrindines-kategorijos","24":"product_cat-imunitetui-pagrindines-kategorijos","25":"product_cat-paskirtis","26":"product_cat-energijai","27":"product_cat-imunitetui","28":"product_cat-vartotojas","29":"product_cat-moterys","30":"product_cat-paaugliai","31":"product_cat-senjorai","32":"product_cat-vyrai","33":"product_cat-veiklioji-medziaga","34":"product_cat-kininis-kordicepsas","36":"first","37":"instock","38":"sale","39":"shipping-taxable","40":"purchasable","41":"product-type-simple"},"yoast_head":"<!-- This site is optimized with the Yoast SEO plugin v26.6 - https:\/\/yoast.com\/wordpress\/plugins\/seo\/ -->\n<title>Kininis kordicepsas 750 mg N90 - Vitaminai ir maisto papildai internetu | Vitaminai.lt<\/title>\n<meta name=\"robots\" content=\"index, follow, max-snippet:-1, max-image-preview:large, max-video-preview:-1\" \/>\n<link rel=\"canonical\" href=\"https:\/\/vitaminai.lt\/produktas\/kordicepsas-n90\/\" \/>\n<meta property=\"og:locale\" content=\"en_US\" \/>\n<meta property=\"og:type\" content=\"article\" \/>\n<meta property=\"og:title\" content=\"Kininis kordicepsas 750 mg N90 - Vitaminai ir maisto papildai internetu | Vitaminai.lt\" \/>\n<meta property=\"og:description\" content=\"KORDICEPSAS 750 mg Maisto papildas | 90 table\u010di\u0173 Kininis kordicepsas (Cordyceps sinensis \/ Cordyceps militaris) \u2013 tai grybin\u0117s kilm\u0117s ingredientas, tradici\u0161kai naudojamas Ryt\u0173 Azijos kult\u016brose. Produktas yra maisto papildas, skirtas kasdien\u0117s mitybos papildymui. Galimas kordicepso grybo poveikis organizmui: Kordicepso grybas da\u017enai siejamas su bendros energijos palaikymu kasdien\u0117je veikloje ir gali prisid\u0117ti prie geresn\u0117s savijautos. Jis [&hellip;]\" \/>\n<meta property=\"og:url\" content=\"https:\/\/vitaminai.lt\/produktas\/kordicepsas-n90\/\" \/>\n<meta property=\"og:site_name\" content=\"Vitaminai ir maisto papildai internetu | Vitaminai.lt\" \/>\n<meta property=\"article:publisher\" content=\"https:\/\/www.facebook.com\/vitaminai\/\" \/>\n<meta property=\"article:modified_time\" content=\"2026-04-08T08:25:18+00:00\" \/>\n<meta property=\"og:image\" content=\"https:\/\/vitaminai.lt\/wp-content\/uploads\/2024\/08\/Kordicepsas-750_priekis.png\" \/>\n\t<meta property=\"og:image:width\" content=\"3001\" \/>\n\t<meta property=\"og:image:height\" content=\"2928\" \/>\n\t<meta property=\"og:image:type\" content=\"image\/png\" \/>\n<meta name=\"twitter:card\" content=\"summary_large_image\" \/>\n<meta name=\"twitter:label1\" content=\"Est. reading time\" \/>\n\t<meta name=\"twitter:data1\" content=\"2 minutes\" \/>\n<script type=\"application\/ld+json\" class=\"yoast-schema-graph\">{\"@context\":\"https:\/\/schema.org\",\"@graph\":[{\"@type\":\"WebPage\",\"@id\":\"https:\/\/vitaminai.lt\/produktas\/kordicepsas-n90\/\",\"url\":\"https:\/\/vitaminai.lt\/produktas\/kordicepsas-n90\/\",\"name\":\"Kininis kordicepsas 750 mg N90 - Vitaminai ir maisto papildai internetu | Vitaminai.lt\",\"isPartOf\":{\"@id\":\"https:\/\/vitaminai.lt\/#website\"},\"primaryImageOfPage\":{\"@id\":\"https:\/\/vitaminai.lt\/produktas\/kordicepsas-n90\/#primaryimage\"},\"image\":{\"@id\":\"https:\/\/vitaminai.lt\/produktas\/kordicepsas-n90\/#primaryimage\"},\"thumbnailUrl\":\"https:\/\/vitaminai.lt\/wp-content\/uploads\/2024\/08\/Kordicepsas-750_priekis.png\",\"datePublished\":\"2024-08-13T06:24:33+00:00\",\"dateModified\":\"2026-04-08T08:25:18+00:00\",\"breadcrumb\":{\"@id\":\"https:\/\/vitaminai.lt\/produktas\/kordicepsas-n90\/#breadcrumb\"},\"inLanguage\":\"en-US\",\"potentialAction\":[{\"@type\":\"ReadAction\",\"target\":[\"https:\/\/vitaminai.lt\/produktas\/kordicepsas-n90\/\"]}]},{\"@type\":\"ImageObject\",\"inLanguage\":\"en-US\",\"@id\":\"https:\/\/vitaminai.lt\/produktas\/kordicepsas-n90\/#primaryimage\",\"url\":\"https:\/\/vitaminai.lt\/wp-content\/uploads\/2024\/08\/Kordicepsas-750_priekis.png\",\"contentUrl\":\"https:\/\/vitaminai.lt\/wp-content\/uploads\/2024\/08\/Kordicepsas-750_priekis.png\",\"width\":3001,\"height\":2928},{\"@type\":\"BreadcrumbList\",\"@id\":\"https:\/\/vitaminai.lt\/produktas\/kordicepsas-n90\/#breadcrumb\",\"itemListElement\":[{\"@type\":\"ListItem\",\"position\":1,\"name\":\"Home\",\"item\":\"https:\/\/vitaminai.lt\/\"},{\"@type\":\"ListItem\",\"position\":2,\"name\":\"Produktai\",\"item\":\"https:\/\/vitaminai.lt\/produktai\/\"},{\"@type\":\"ListItem\",\"position\":3,\"name\":\"Kininis kordicepsas 750 mg N90\"}]},{\"@type\":\"WebSite\",\"@id\":\"https:\/\/vitaminai.lt\/#website\",\"url\":\"https:\/\/vitaminai.lt\/\",\"name\":\"Vitaminai ir maisto papildai internetu | Vitaminai.lt\",\"description\":\"\",\"publisher\":{\"@id\":\"https:\/\/vitaminai.lt\/#organization\"},\"potentialAction\":[{\"@type\":\"SearchAction\",\"target\":{\"@type\":\"EntryPoint\",\"urlTemplate\":\"https:\/\/vitaminai.lt\/?s={search_term_string}\"},\"query-input\":{\"@type\":\"PropertyValueSpecification\",\"valueRequired\":true,\"valueName\":\"search_term_string\"}}],\"inLanguage\":\"en-US\"},{\"@type\":\"Organization\",\"@id\":\"https:\/\/vitaminai.lt\/#organization\",\"name\":\"Vitaminai ir maisto papildai internetu | Vitaminai.lt\",\"url\":\"https:\/\/vitaminai.lt\/\",\"logo\":{\"@type\":\"ImageObject\",\"inLanguage\":\"en-US\",\"@id\":\"https:\/\/vitaminai.lt\/#\/schema\/logo\/image\/\",\"url\":\"https:\/\/vitaminai.lt\/wp-content\/uploads\/2025\/01\/g212.png\",\"contentUrl\":\"https:\/\/vitaminai.lt\/wp-content\/uploads\/2025\/01\/g212.png\",\"width\":313,\"height\":74,\"caption\":\"Vitaminai ir maisto papildai internetu | Vitaminai.lt\"},\"image\":{\"@id\":\"https:\/\/vitaminai.lt\/#\/schema\/logo\/image\/\"},\"sameAs\":[\"https:\/\/www.facebook.com\/vitaminai\/\"]}]}<\/script>\n<!-- \/ Yoast SEO plugin. -->","yoast_head_json":{"title":"Kininis kordicepsas 750 mg N90 - Vitaminai ir maisto papildai internetu | Vitaminai.lt","robots":{"index":"index","follow":"follow","max-snippet":"max-snippet:-1","max-image-preview":"max-image-preview:large","max-video-preview":"max-video-preview:-1"},"canonical":"https:\/\/vitaminai.lt\/produktas\/kordicepsas-n90\/","og_locale":"en_US","og_type":"article","og_title":"Kininis kordicepsas 750 mg N90 - Vitaminai ir maisto papildai internetu | Vitaminai.lt","og_description":"KORDICEPSAS 750 mg Maisto papildas | 90 table\u010di\u0173 Kininis kordicepsas (Cordyceps sinensis \/ Cordyceps militaris) \u2013 tai grybin\u0117s kilm\u0117s ingredientas, tradici\u0161kai naudojamas Ryt\u0173 Azijos kult\u016brose. Produktas yra maisto papildas, skirtas kasdien\u0117s mitybos papildymui. Galimas kordicepso grybo poveikis organizmui: Kordicepso grybas da\u017enai siejamas su bendros energijos palaikymu kasdien\u0117je veikloje ir gali prisid\u0117ti prie geresn\u0117s savijautos. Jis [&hellip;]","og_url":"https:\/\/vitaminai.lt\/produktas\/kordicepsas-n90\/","og_site_name":"Vitaminai ir maisto papildai internetu | Vitaminai.lt","article_publisher":"https:\/\/www.facebook.com\/vitaminai\/","article_modified_time":"2026-04-08T08:25:18+00:00","og_image":[{"width":3001,"height":2928,"url":"https:\/\/vitaminai.lt\/wp-content\/uploads\/2024\/08\/Kordicepsas-750_priekis.png","type":"image\/png"}],"twitter_card":"summary_large_image","twitter_misc":{"Est. reading time":"2 minutes"},"schema":{"@context":"https:\/\/schema.org","@graph":[{"@type":"WebPage","@id":"https:\/\/vitaminai.lt\/produktas\/kordicepsas-n90\/","url":"https:\/\/vitaminai.lt\/produktas\/kordicepsas-n90\/","name":"Kininis kordicepsas 750 mg N90 - Vitaminai ir maisto papildai internetu | Vitaminai.lt","isPartOf":{"@id":"https:\/\/vitaminai.lt\/#website"},"primaryImageOfPage":{"@id":"https:\/\/vitaminai.lt\/produktas\/kordicepsas-n90\/#primaryimage"},"image":{"@id":"https:\/\/vitaminai.lt\/produktas\/kordicepsas-n90\/#primaryimage"},"thumbnailUrl":"https:\/\/vitaminai.lt\/wp-content\/uploads\/2024\/08\/Kordicepsas-750_priekis.png","datePublished":"2024-08-13T06:24:33+00:00","dateModified":"2026-04-08T08:25:18+00:00","breadcrumb":{"@id":"https:\/\/vitaminai.lt\/produktas\/kordicepsas-n90\/#breadcrumb"},"inLanguage":"en-US","potentialAction":[{"@type":"ReadAction","target":["https:\/\/vitaminai.lt\/produktas\/kordicepsas-n90\/"]}]},{"@type":"ImageObject","inLanguage":"en-US","@id":"https:\/\/vitaminai.lt\/produktas\/kordicepsas-n90\/#primaryimage","url":"https:\/\/vitaminai.lt\/wp-content\/uploads\/2024\/08\/Kordicepsas-750_priekis.png","contentUrl":"https:\/\/vitaminai.lt\/wp-content\/uploads\/2024\/08\/Kordicepsas-750_priekis.png","width":3001,"height":2928},{"@type":"BreadcrumbList","@id":"https:\/\/vitaminai.lt\/produktas\/kordicepsas-n90\/#breadcrumb","itemListElement":[{"@type":"ListItem","position":1,"name":"Home","item":"https:\/\/vitaminai.lt\/"},{"@type":"ListItem","position":2,"name":"Produktai","item":"https:\/\/vitaminai.lt\/produktai\/"},{"@type":"ListItem","position":3,"name":"Kininis kordicepsas 750 mg N90"}]},{"@type":"WebSite","@id":"https:\/\/vitaminai.lt\/#website","url":"https:\/\/vitaminai.lt\/","name":"Vitaminai ir maisto papildai internetu | Vitaminai.lt","description":"","publisher":{"@id":"https:\/\/vitaminai.lt\/#organization"},"potentialAction":[{"@type":"SearchAction","target":{"@type":"EntryPoint","urlTemplate":"https:\/\/vitaminai.lt\/?s={search_term_string}"},"query-input":{"@type":"PropertyValueSpecification","valueRequired":true,"valueName":"search_term_string"}}],"inLanguage":"en-US"},{"@type":"Organization","@id":"https:\/\/vitaminai.lt\/#organization","name":"Vitaminai ir maisto papildai internetu | Vitaminai.lt","url":"https:\/\/vitaminai.lt\/","logo":{"@type":"ImageObject","inLanguage":"en-US","@id":"https:\/\/vitaminai.lt\/#\/schema\/logo\/image\/","url":"https:\/\/vitaminai.lt\/wp-content\/uploads\/2025\/01\/g212.png","contentUrl":"https:\/\/vitaminai.lt\/wp-content\/uploads\/2025\/01\/g212.png","width":313,"height":74,"caption":"Vitaminai ir maisto papildai internetu | Vitaminai.lt"},"image":{"@id":"https:\/\/vitaminai.lt\/#\/schema\/logo\/image\/"},"sameAs":["https:\/\/www.facebook.com\/vitaminai\/"]}]}},"_links":{"self":[{"href":"https:\/\/vitaminai.lt\/en\/wp-json\/wp\/v2\/product\/453","targetHints":{"allow":["GET"]}}],"collection":[{"href":"https:\/\/vitaminai.lt\/en\/wp-json\/wp\/v2\/product"}],"about":[{"href":"https:\/\/vitaminai.lt\/en\/wp-json\/wp\/v2\/types\/product"}],"replies":[{"embeddable":true,"href":"https:\/\/vitaminai.lt\/en\/wp-json\/wp\/v2\/comments?post=453"}],"wp:featuredmedia":[{"embeddable":true,"href":"https:\/\/vitaminai.lt\/en\/wp-json\/wp\/v2\/media\/689"}],"wp:attachment":[{"href":"https:\/\/vitaminai.lt\/en\/wp-json\/wp\/v2\/media?parent=453"}],"wp:term":[{"taxonomy":"product_brand","embeddable":true,"href":"https:\/\/vitaminai.lt\/en\/wp-json\/wp\/v2\/product_brand?post=453"},{"taxonomy":"product_cat","embeddable":true,"href":"https:\/\/vitaminai.lt\/en\/wp-json\/wp\/v2\/product_cat?post=453"},{"taxonomy":"product_tag","embeddable":true,"href":"https:\/\/vitaminai.lt\/en\/wp-json\/wp\/v2\/product_tag?post=453"}],"curies":[{"name":"wp","href":"https:\/\/api.w.org\/{rel}","templated":true}]}}