{"id":4880,"date":"2025-07-21T14:24:12","date_gmt":"2025-07-21T12:24:12","guid":{"rendered":"https:\/\/vitaminai.lt\/?post_type=product&#038;p=4880"},"modified":"2026-04-02T15:04:33","modified_gmt":"2026-04-02T13:04:33","slug":"ykuna-slim","status":"publish","type":"product","link":"https:\/\/vitaminai.lt\/en\/produktas\/ykuna-slim\/","title":{"rendered":"YKUNA SLIM \u2013 prabangus skaidul\u0173 kompleksas su probiotikais (225 g) mang\u0173 ir ananas\u0173 skonio"},"content":{"rendered":"<h3><strong data-start=\"114\" data-end=\"201\">YKUNA SLIM \u2013 prabangus skaidul\u0173 kompleksas su probiotikais (225 g) mang\u0173 ir ananas\u0173 skonio<\/strong><\/h3>\n<p data-start=\"286\" data-end=\"518\">Atraskite subtil\u0173 mang\u0173 ir ananas\u0173 skon\u012f su <strong>YKUNA SLIM<\/strong> \u2013 tai auk\u0161tos klas\u0117s skaidul\u0173 mi\u0161inys su veikliosiomis med\u017eiagomis ir gyv\u0173j\u0173 probiotik\u0173 kult\u016bromis, skirtas tiems, kurie ie\u0161ko efektyvumo ir kokyb\u0117s viename produkte.<\/p>\n<hr data-start=\"520\" data-end=\"523\" \/>\n<p><strong data-start=\"530\" data-end=\"566\">Nauda ir veiklieji ingredientai:<\/strong><\/p>\n<p><strong data-start=\"122\" data-end=\"139\">Gliukomananas<\/strong> \u2013 augalin\u0117s kilm\u0117s polisacharidas, i\u0161gaunamas i\u0161 konjako (<em data-start=\"198\" data-end=\"221\">Amorphophallus konjac<\/em>) \u0161aknies. Tai klini\u0161kai i\u0161tirtas ingredientas, kuris padeda ma\u017einti svor\u012f, kai vartojamas kaip suma\u017eintos energin\u0117s vert\u0117s dietos dalis. Taip pat gliukomananas padeda palaikyti normali\u0105 cholesterolio koncentracij\u0105 kraujyje. D\u0117l savo strukt\u016brini\u0173 savybi\u0173 gliukomananas geba sugerti vanden\u012f ir didinti t\u016br\u012f, tod\u0117l skrandyje i\u0161brinksta ir suteikia sotumo jausm\u0105, nat\u016braliai pad\u0117damas suma\u017einti alkio poj\u016bt\u012f.<\/p>\n<p><strong>Balk\u0161vojo gyslo\u010dio s\u0117kl\u0173 luobel\u0117s<\/strong> \u2013 \u0161velnus, bet veiksmingas tirpi\u0173j\u0173 ir netirpi\u0173j\u0173 skaidul\u0173 \u0161altinis.<\/p>\n<p>Probiotin\u0117s kult\u016bros <strong data-start=\"1627\" data-end=\"1656\">Lactobacillus acidophilus<\/strong> ir <strong data-start=\"1660\" data-end=\"1686\">Bifidobacterium lactis<\/strong> padeda i\u0161laikyti nat\u016brali\u0105 \u017earnyno mikroflor\u0105.<\/p>\n<p><strong>Tr\u016bka\u017eoli\u0173 inulinas<\/strong> \u2013 tai prebiotikas, kuris \u201emaitina\u201c ger\u0105sias \u017earnyno bakterijas.<\/p>\n<hr data-start=\"2407\" data-end=\"2410\" \/>\n<p data-start=\"2412\" data-end=\"2471\"><strong data-start=\"2110\" data-end=\"2178\">Sud\u0117tyje \u2013 tik auk\u0161\u010diausios kokyb\u0117s ingredientai<\/strong><\/p>\n<p data-start=\"2184\" data-end=\"2231\">Veganams ir vegetarams tinkama formul\u0117;<\/p>\n<p data-start=\"2234\" data-end=\"2288\">Be prid\u0117tinio cukraus, glitimo ir konservant\u0173;<\/p>\n<p data-start=\"2291\" data-end=\"2341\">Malonus nat\u016bralus mang\u0173 ir ananas\u0173 skonis;<\/p>\n<p data-start=\"2291\" data-end=\"2341\">Pagaminta laikantis auk\u0161\u010diausi\u0173 ES kokyb\u0117s standart\u0173.<\/p>\n<hr data-start=\"1235\" data-end=\"1238\" \/>\n<p data-start=\"1240\" data-end=\"1284\"><strong data-start=\"1244\" data-end=\"1284\">Trys naudojimo b\u016bdai \u2013 viena formul\u0117<\/strong><\/p>\n<p><strong data-start=\"1288\" data-end=\"1303\">Liekn\u0117jimui<\/strong>: po 1 samtel\u012f (5 g), 3 kartus per dien\u0105 prie\u0161 valg\u012f. Pakuot\u0117s u\u017etenka 15 dien\u0173.<\/p>\n<p><strong data-start=\"1386\" data-end=\"1412\">Cholesterolio balansui<\/strong>: po 0,5 samtelio 2 kartus per dien\u0105. Pakuot\u0117s u\u017etenka 45 dienoms.<\/p>\n<p><strong data-start=\"1481\" data-end=\"1504\">Skaidul\u0173 palaikymui<\/strong>: 0,5 samtelio per dien\u0105. Pakuot\u0117s u\u017etenka 90 dien\u0173.<\/p>\n<p data-start=\"1558\" data-end=\"1685\">Miltelius sumai\u0161ykite su vandeniu arba m\u0117gstamu g\u0117rimu. Rekomenduojama vartoti prie\u0161 valg\u012f, u\u017egeriant papildomu vandens kiekiu.<\/p>\n<hr data-start=\"1986\" data-end=\"1989\" \/>\n<p data-start=\"1991\" data-end=\"2110\"><strong data-start=\"1991\" data-end=\"2110\">YKUNA SLIM \u2013 investicija \u012f tavo organizmo gerov\u0119, i\u0161vaizd\u0105 ir pasitik\u0117jim\u0105 savimi.\u00a0 <\/strong><\/p>\n<p data-start=\"1991\" data-end=\"2110\">Ne tik papildas, bet ir sveikatingumo ritualas.<\/p>\n<p data-start=\"1991\" data-end=\"2110\">Tiems, kurie vertina kruop\u0161\u010diai atrinktus ingredientus, tikr\u0105 poveik\u012f ir subtil\u0173 skon\u012f.<\/p>\n","protected":false},"excerpt":{"rendered":"<p>YKUNA SLIM \u2013 prabangus skaidul\u0173 kompleksas su probiotikais (225 g) mang\u0173 ir ananas\u0173 skonio Atraskite subtil\u0173 mang\u0173 ir ananas\u0173 skon\u012f su YKUNA SLIM \u2013 tai auk\u0161tos klas\u0117s skaidul\u0173 mi\u0161inys su veikliosiomis med\u017eiagomis ir gyv\u0173j\u0173 probiotik\u0173 kult\u016bromis, skirtas tiems, kurie ie\u0161ko efektyvumo ir kokyb\u0117s viename produkte. Nauda ir veiklieji ingredientai: Gliukomananas \u2013 augalin\u0117s kilm\u0117s polisacharidas, i\u0161gaunamas [&hellip;]<\/p>\n","protected":false},"featured_media":4881,"comment_status":"open","ping_status":"closed","template":"","meta":[],"product_brand":[],"product_cat":[403,400,402,315,355,401,280,375,347,370,257,312,399,281,369,310,42,246,247,45,26,49,172,153,150,60,18,29,31,30,133,104],"product_tag":[],"class_list":{"0":"post-4880","1":"product","2":"type-product","3":"status-publish","4":"has-post-thumbnail","6":"product_cat-11-viskam","7":"product_cat-balksvojo-gyslocio-seklu-luobeles","8":"product_cat-bifidobacterium-lactis","9":"product_cat-cholesterolio-balansui","10":"product_cat-gerai-savijautai","11":"product_cat-lactobacillus-acidophilus","12":"product_cat-medziagu-apykaitai-privalumai","13":"product_cat-menesio-prekes","14":"product_cat-normalaus-kuno-svorio-palaikymui","15":"product_cat-organizmo-valymui-pagrindines-kategorijos","16":"product_cat-privalumai","17":"product_cat-svorio-mazinimui-privalumai","18":"product_cat-trukazoliu-inulinas","19":"product_cat-virskinimo-sistemai","20":"product_cat-virskinimui-pagrindines-kategorijos","21":"product_cat-zarnyno-veiklai","22":"product_cat-milteliai","23":"product_cat-groziui-2","24":"product_cat-energijai-pagrindines-kategorijos","25":"product_cat-cholesteroliui","26":"product_cat-energijai","27":"product_cat-lieknejimui","28":"product_cat-medziagu-apykaitai","29":"product_cat-organizmo-valymui","30":"product_cat-svorio-mazinimui","31":"product_cat-virskinimui","32":"product_cat-vartotojas","33":"product_cat-moterys","34":"product_cat-senjorai","35":"product_cat-vyrai","36":"product_cat-balksvasis-gyslotis","37":"product_cat-gliukomananas","39":"first","40":"instock","41":"shipping-taxable","42":"purchasable","43":"product-type-simple"},"yoast_head":"<!-- This site is optimized with the Yoast SEO plugin v26.6 - https:\/\/yoast.com\/wordpress\/plugins\/seo\/ -->\n<title>YKUNA SLIM \u2013 prabangus skaidul\u0173 kompleksas su probiotikais (225 g) mang\u0173 ir ananas\u0173 skonio - Vitaminai ir maisto papildai internetu | Vitaminai.lt<\/title>\n<meta name=\"robots\" content=\"index, follow, max-snippet:-1, max-image-preview:large, max-video-preview:-1\" \/>\n<link rel=\"canonical\" href=\"https:\/\/vitaminai.lt\/produktas\/ykuna-slim\/\" \/>\n<meta property=\"og:locale\" content=\"en_US\" \/>\n<meta property=\"og:type\" content=\"article\" \/>\n<meta property=\"og:title\" content=\"YKUNA SLIM \u2013 prabangus skaidul\u0173 kompleksas su probiotikais (225 g) mang\u0173 ir ananas\u0173 skonio - Vitaminai ir maisto papildai internetu | Vitaminai.lt\" \/>\n<meta property=\"og:description\" content=\"YKUNA SLIM \u2013 prabangus skaidul\u0173 kompleksas su probiotikais (225 g) mang\u0173 ir ananas\u0173 skonio Atraskite subtil\u0173 mang\u0173 ir ananas\u0173 skon\u012f su YKUNA SLIM \u2013 tai auk\u0161tos klas\u0117s skaidul\u0173 mi\u0161inys su veikliosiomis med\u017eiagomis ir gyv\u0173j\u0173 probiotik\u0173 kult\u016bromis, skirtas tiems, kurie ie\u0161ko efektyvumo ir kokyb\u0117s viename produkte. Nauda ir veiklieji ingredientai: Gliukomananas \u2013 augalin\u0117s kilm\u0117s polisacharidas, i\u0161gaunamas [&hellip;]\" \/>\n<meta property=\"og:url\" content=\"https:\/\/vitaminai.lt\/produktas\/ykuna-slim\/\" \/>\n<meta property=\"og:site_name\" content=\"Vitaminai ir maisto papildai internetu | Vitaminai.lt\" \/>\n<meta property=\"article:publisher\" content=\"https:\/\/www.facebook.com\/vitaminai\/\" \/>\n<meta property=\"article:modified_time\" content=\"2026-04-02T13:04:33+00:00\" \/>\n<meta property=\"og:image\" content=\"https:\/\/vitaminai.lt\/wp-content\/uploads\/2025\/07\/Ykuna-maiselis-priekis-scaled.jpg\" \/>\n\t<meta property=\"og:image:width\" content=\"2560\" \/>\n\t<meta property=\"og:image:height\" content=\"2560\" \/>\n\t<meta property=\"og:image:type\" content=\"image\/jpeg\" \/>\n<meta name=\"twitter:card\" content=\"summary_large_image\" \/>\n<meta name=\"twitter:label1\" content=\"Est. reading time\" \/>\n\t<meta name=\"twitter:data1\" content=\"2 minutes\" \/>\n<script type=\"application\/ld+json\" class=\"yoast-schema-graph\">{\"@context\":\"https:\/\/schema.org\",\"@graph\":[{\"@type\":\"WebPage\",\"@id\":\"https:\/\/vitaminai.lt\/produktas\/ykuna-slim\/\",\"url\":\"https:\/\/vitaminai.lt\/produktas\/ykuna-slim\/\",\"name\":\"YKUNA SLIM \u2013 prabangus skaidul\u0173 kompleksas su probiotikais (225 g) mang\u0173 ir ananas\u0173 skonio - Vitaminai ir maisto papildai internetu | Vitaminai.lt\",\"isPartOf\":{\"@id\":\"https:\/\/vitaminai.lt\/#website\"},\"primaryImageOfPage\":{\"@id\":\"https:\/\/vitaminai.lt\/produktas\/ykuna-slim\/#primaryimage\"},\"image\":{\"@id\":\"https:\/\/vitaminai.lt\/produktas\/ykuna-slim\/#primaryimage\"},\"thumbnailUrl\":\"https:\/\/vitaminai.lt\/wp-content\/uploads\/2025\/07\/Ykuna-maiselis-priekis-scaled.jpg\",\"datePublished\":\"2025-07-21T12:24:12+00:00\",\"dateModified\":\"2026-04-02T13:04:33+00:00\",\"breadcrumb\":{\"@id\":\"https:\/\/vitaminai.lt\/produktas\/ykuna-slim\/#breadcrumb\"},\"inLanguage\":\"en-US\",\"potentialAction\":[{\"@type\":\"ReadAction\",\"target\":[\"https:\/\/vitaminai.lt\/produktas\/ykuna-slim\/\"]}]},{\"@type\":\"ImageObject\",\"inLanguage\":\"en-US\",\"@id\":\"https:\/\/vitaminai.lt\/produktas\/ykuna-slim\/#primaryimage\",\"url\":\"https:\/\/vitaminai.lt\/wp-content\/uploads\/2025\/07\/Ykuna-maiselis-priekis-scaled.jpg\",\"contentUrl\":\"https:\/\/vitaminai.lt\/wp-content\/uploads\/2025\/07\/Ykuna-maiselis-priekis-scaled.jpg\",\"width\":2560,\"height\":2560},{\"@type\":\"BreadcrumbList\",\"@id\":\"https:\/\/vitaminai.lt\/produktas\/ykuna-slim\/#breadcrumb\",\"itemListElement\":[{\"@type\":\"ListItem\",\"position\":1,\"name\":\"Home\",\"item\":\"https:\/\/vitaminai.lt\/\"},{\"@type\":\"ListItem\",\"position\":2,\"name\":\"Produktai\",\"item\":\"https:\/\/vitaminai.lt\/produktai\/\"},{\"@type\":\"ListItem\",\"position\":3,\"name\":\"YKUNA SLIM \u2013 prabangus skaidul\u0173 kompleksas su probiotikais (225 g) mang\u0173 ir ananas\u0173 skonio\"}]},{\"@type\":\"WebSite\",\"@id\":\"https:\/\/vitaminai.lt\/#website\",\"url\":\"https:\/\/vitaminai.lt\/\",\"name\":\"Vitaminai ir maisto papildai internetu | Vitaminai.lt\",\"description\":\"\",\"publisher\":{\"@id\":\"https:\/\/vitaminai.lt\/#organization\"},\"potentialAction\":[{\"@type\":\"SearchAction\",\"target\":{\"@type\":\"EntryPoint\",\"urlTemplate\":\"https:\/\/vitaminai.lt\/?s={search_term_string}\"},\"query-input\":{\"@type\":\"PropertyValueSpecification\",\"valueRequired\":true,\"valueName\":\"search_term_string\"}}],\"inLanguage\":\"en-US\"},{\"@type\":\"Organization\",\"@id\":\"https:\/\/vitaminai.lt\/#organization\",\"name\":\"Vitaminai ir maisto papildai internetu | Vitaminai.lt\",\"url\":\"https:\/\/vitaminai.lt\/\",\"logo\":{\"@type\":\"ImageObject\",\"inLanguage\":\"en-US\",\"@id\":\"https:\/\/vitaminai.lt\/#\/schema\/logo\/image\/\",\"url\":\"https:\/\/vitaminai.lt\/wp-content\/uploads\/2025\/01\/g212.png\",\"contentUrl\":\"https:\/\/vitaminai.lt\/wp-content\/uploads\/2025\/01\/g212.png\",\"width\":313,\"height\":74,\"caption\":\"Vitaminai ir maisto papildai internetu | Vitaminai.lt\"},\"image\":{\"@id\":\"https:\/\/vitaminai.lt\/#\/schema\/logo\/image\/\"},\"sameAs\":[\"https:\/\/www.facebook.com\/vitaminai\/\"]}]}<\/script>\n<!-- \/ Yoast SEO plugin. -->","yoast_head_json":{"title":"YKUNA SLIM \u2013 prabangus skaidul\u0173 kompleksas su probiotikais (225 g) mang\u0173 ir ananas\u0173 skonio - Vitaminai ir maisto papildai internetu | Vitaminai.lt","robots":{"index":"index","follow":"follow","max-snippet":"max-snippet:-1","max-image-preview":"max-image-preview:large","max-video-preview":"max-video-preview:-1"},"canonical":"https:\/\/vitaminai.lt\/produktas\/ykuna-slim\/","og_locale":"en_US","og_type":"article","og_title":"YKUNA SLIM \u2013 prabangus skaidul\u0173 kompleksas su probiotikais (225 g) mang\u0173 ir ananas\u0173 skonio - Vitaminai ir maisto papildai internetu | Vitaminai.lt","og_description":"YKUNA SLIM \u2013 prabangus skaidul\u0173 kompleksas su probiotikais (225 g) mang\u0173 ir ananas\u0173 skonio Atraskite subtil\u0173 mang\u0173 ir ananas\u0173 skon\u012f su YKUNA SLIM \u2013 tai auk\u0161tos klas\u0117s skaidul\u0173 mi\u0161inys su veikliosiomis med\u017eiagomis ir gyv\u0173j\u0173 probiotik\u0173 kult\u016bromis, skirtas tiems, kurie ie\u0161ko efektyvumo ir kokyb\u0117s viename produkte. Nauda ir veiklieji ingredientai: Gliukomananas \u2013 augalin\u0117s kilm\u0117s polisacharidas, i\u0161gaunamas [&hellip;]","og_url":"https:\/\/vitaminai.lt\/produktas\/ykuna-slim\/","og_site_name":"Vitaminai ir maisto papildai internetu | Vitaminai.lt","article_publisher":"https:\/\/www.facebook.com\/vitaminai\/","article_modified_time":"2026-04-02T13:04:33+00:00","og_image":[{"width":2560,"height":2560,"url":"https:\/\/vitaminai.lt\/wp-content\/uploads\/2025\/07\/Ykuna-maiselis-priekis-scaled.jpg","type":"image\/jpeg"}],"twitter_card":"summary_large_image","twitter_misc":{"Est. reading time":"2 minutes"},"schema":{"@context":"https:\/\/schema.org","@graph":[{"@type":"WebPage","@id":"https:\/\/vitaminai.lt\/produktas\/ykuna-slim\/","url":"https:\/\/vitaminai.lt\/produktas\/ykuna-slim\/","name":"YKUNA SLIM \u2013 prabangus skaidul\u0173 kompleksas su probiotikais (225 g) mang\u0173 ir ananas\u0173 skonio - Vitaminai ir maisto papildai internetu | Vitaminai.lt","isPartOf":{"@id":"https:\/\/vitaminai.lt\/#website"},"primaryImageOfPage":{"@id":"https:\/\/vitaminai.lt\/produktas\/ykuna-slim\/#primaryimage"},"image":{"@id":"https:\/\/vitaminai.lt\/produktas\/ykuna-slim\/#primaryimage"},"thumbnailUrl":"https:\/\/vitaminai.lt\/wp-content\/uploads\/2025\/07\/Ykuna-maiselis-priekis-scaled.jpg","datePublished":"2025-07-21T12:24:12+00:00","dateModified":"2026-04-02T13:04:33+00:00","breadcrumb":{"@id":"https:\/\/vitaminai.lt\/produktas\/ykuna-slim\/#breadcrumb"},"inLanguage":"en-US","potentialAction":[{"@type":"ReadAction","target":["https:\/\/vitaminai.lt\/produktas\/ykuna-slim\/"]}]},{"@type":"ImageObject","inLanguage":"en-US","@id":"https:\/\/vitaminai.lt\/produktas\/ykuna-slim\/#primaryimage","url":"https:\/\/vitaminai.lt\/wp-content\/uploads\/2025\/07\/Ykuna-maiselis-priekis-scaled.jpg","contentUrl":"https:\/\/vitaminai.lt\/wp-content\/uploads\/2025\/07\/Ykuna-maiselis-priekis-scaled.jpg","width":2560,"height":2560},{"@type":"BreadcrumbList","@id":"https:\/\/vitaminai.lt\/produktas\/ykuna-slim\/#breadcrumb","itemListElement":[{"@type":"ListItem","position":1,"name":"Home","item":"https:\/\/vitaminai.lt\/"},{"@type":"ListItem","position":2,"name":"Produktai","item":"https:\/\/vitaminai.lt\/produktai\/"},{"@type":"ListItem","position":3,"name":"YKUNA SLIM \u2013 prabangus skaidul\u0173 kompleksas su probiotikais (225 g) mang\u0173 ir ananas\u0173 skonio"}]},{"@type":"WebSite","@id":"https:\/\/vitaminai.lt\/#website","url":"https:\/\/vitaminai.lt\/","name":"Vitaminai ir maisto papildai internetu | Vitaminai.lt","description":"","publisher":{"@id":"https:\/\/vitaminai.lt\/#organization"},"potentialAction":[{"@type":"SearchAction","target":{"@type":"EntryPoint","urlTemplate":"https:\/\/vitaminai.lt\/?s={search_term_string}"},"query-input":{"@type":"PropertyValueSpecification","valueRequired":true,"valueName":"search_term_string"}}],"inLanguage":"en-US"},{"@type":"Organization","@id":"https:\/\/vitaminai.lt\/#organization","name":"Vitaminai ir maisto papildai internetu | Vitaminai.lt","url":"https:\/\/vitaminai.lt\/","logo":{"@type":"ImageObject","inLanguage":"en-US","@id":"https:\/\/vitaminai.lt\/#\/schema\/logo\/image\/","url":"https:\/\/vitaminai.lt\/wp-content\/uploads\/2025\/01\/g212.png","contentUrl":"https:\/\/vitaminai.lt\/wp-content\/uploads\/2025\/01\/g212.png","width":313,"height":74,"caption":"Vitaminai ir maisto papildai internetu | Vitaminai.lt"},"image":{"@id":"https:\/\/vitaminai.lt\/#\/schema\/logo\/image\/"},"sameAs":["https:\/\/www.facebook.com\/vitaminai\/"]}]}},"_links":{"self":[{"href":"https:\/\/vitaminai.lt\/en\/wp-json\/wp\/v2\/product\/4880","targetHints":{"allow":["GET"]}}],"collection":[{"href":"https:\/\/vitaminai.lt\/en\/wp-json\/wp\/v2\/product"}],"about":[{"href":"https:\/\/vitaminai.lt\/en\/wp-json\/wp\/v2\/types\/product"}],"replies":[{"embeddable":true,"href":"https:\/\/vitaminai.lt\/en\/wp-json\/wp\/v2\/comments?post=4880"}],"wp:featuredmedia":[{"embeddable":true,"href":"https:\/\/vitaminai.lt\/en\/wp-json\/wp\/v2\/media\/4881"}],"wp:attachment":[{"href":"https:\/\/vitaminai.lt\/en\/wp-json\/wp\/v2\/media?parent=4880"}],"wp:term":[{"taxonomy":"product_brand","embeddable":true,"href":"https:\/\/vitaminai.lt\/en\/wp-json\/wp\/v2\/product_brand?post=4880"},{"taxonomy":"product_cat","embeddable":true,"href":"https:\/\/vitaminai.lt\/en\/wp-json\/wp\/v2\/product_cat?post=4880"},{"taxonomy":"product_tag","embeddable":true,"href":"https:\/\/vitaminai.lt\/en\/wp-json\/wp\/v2\/product_tag?post=4880"}],"curies":[{"name":"wp","href":"https:\/\/api.w.org\/{rel}","templated":true}]}}