{"id":5805,"date":"2025-09-10T11:15:47","date_gmt":"2025-09-10T09:15:47","guid":{"rendered":"https:\/\/vitaminai.lt\/?post_type=product&#038;p=5805"},"modified":"2026-04-08T10:25:18","modified_gmt":"2026-04-08T08:25:18","slug":"pro-biotics-family-60-guminuku","status":"publish","type":"product","link":"https:\/\/vitaminai.lt\/en\/produktas\/pro-biotics-family-60-guminuku\/","title":{"rendered":"Pro-biotics family, 60 guminuk\u0173"},"content":{"rendered":"<h3 data-start=\"96\" data-end=\"126\">PRO-BIOTICS FAMILY<\/h3>\n<p data-start=\"127\" data-end=\"180\"><strong data-start=\"127\" data-end=\"180\">Maisto papildas | 60 uog\u0173 skonio guminuk\u0173<\/strong><\/p>\n<hr \/>\n<p data-start=\"119\" data-end=\"401\"><strong data-start=\"119\" data-end=\"141\">Pro-Biotics Family<\/strong> \u2013 tai maisto papildas su probiotin\u0117mis bakterijomis guminuk\u0173 pavidalu. Vienoje paros normoje (2 guminukuose) yra 12 mlrd. KSV keturi\u0173 bakterij\u0173 padermi\u0173: <em data-start=\"296\" data-end=\"321\">Lactobacillus rhamnosus<\/em>, <em data-start=\"323\" data-end=\"346\">Lactobacillus reuteri<\/em>, <em data-start=\"348\" data-end=\"372\">Bifidobacterium lactis<\/em> ir <em data-start=\"376\" data-end=\"400\">Bifidobacterium longum<\/em>.<\/p>\n<hr \/>\n<p data-start=\"403\" data-end=\"746\"><strong><em data-start=\"403\" data-end=\"428\">Lactobacillus rhamnosus<\/em> ir <em data-start=\"432\" data-end=\"455\">Lactobacillus reuteri<\/em> <\/strong>yra pieno r\u016bg\u0161ties bakterijos. Jos padeda palaikyti tinkam\u0105 vir\u0161kinamojo trakto mikrofloros pusiausvyr\u0105, gamina pieno r\u016bg\u0161t\u012f ir taip sudaro nepalankesn\u0119 aplink\u0105 nepageidaujam\u0173 mikroorganizm\u0173 dauginimuisi. Be to, \u0161ios bakterijos gali prisid\u0117ti prie geresnio mineralini\u0173 med\u017eiag\u0173 \u012fsisavinimo.<\/p>\n<p data-start=\"748\" data-end=\"1139\"><strong><em data-start=\"748\" data-end=\"772\">Bifidobacterium lactis<\/em> ir <em data-start=\"776\" data-end=\"800\">Bifidobacterium longum<\/em><\/strong> taip pat yra pieno r\u016bg\u0161ties bakterijos, nat\u016braliai randamos storojoje \u017earnoje. Jos padeda palaikyti \u017earnyno mikrofloros balans\u0105, prisideda prie apsaugos nuo kenksming\u0173 bakterij\u0173 ir padeda palaikyti tinkam\u0105 storosios \u017earnos pH. Toks pH sudaro palankias s\u0105lygas ger\u0173j\u0173 bakterij\u0173 dauginimuisi ir slopina nepageidaujam\u0173 mikroorganizm\u0173 augim\u0105.<\/p>\n<hr \/>\n<p><strong>Kod\u0117l verta rinktis Pro-Biotics Family?<\/strong><\/p>\n<p data-start=\"2464\" data-end=\"2531\">Didelis probiotini\u0173 bakterij\u0173 kiekis \u2013 12 mlrd. KSV paros normoje<\/p>\n<p data-start=\"2534\" data-end=\"2566\">Patogi ir skani guminuk\u0173 forma<\/p>\n<p data-start=\"2569\" data-end=\"2621\">Sud\u0117tyje \u2013 kruop\u0161\u010diai atrinktos bakterij\u0173 paderm\u0117s<\/p>\n<p data-start=\"2624\" data-end=\"2651\">Tinka kasdieniam vartojimui<\/p>\n<hr \/>\n<p data-start=\"2624\" data-end=\"2651\">Uog\u0173 skonio guminukai \u2013 patogus b\u016bdas papildyti kasdien\u0119 mityb\u0105 probiotin\u0117mis bakterijomis. Produktas tinka vartoti suaugusiesiems ir vaikams nuo 3 met\u0173.<\/p>\n","protected":false},"excerpt":{"rendered":"<p>PRO-BIOTICS FAMILY Maisto papildas | 60 uog\u0173 skonio guminuk\u0173 Pro-Biotics Family \u2013 tai maisto papildas su probiotin\u0117mis bakterijomis guminuk\u0173 pavidalu. Vienoje paros normoje (2 guminukuose) yra 12 mlrd. KSV keturi\u0173 bakterij\u0173 padermi\u0173: Lactobacillus rhamnosus, Lactobacillus reuteri, Bifidobacterium lactis ir Bifidobacterium longum. Lactobacillus rhamnosus ir Lactobacillus reuteri yra pieno r\u016bg\u0161ties bakterijos. Jos padeda palaikyti tinkam\u0105 vir\u0161kinamojo [&hellip;]<\/p>\n","protected":false},"featured_media":9558,"comment_status":"open","ping_status":"closed","template":"","meta":[],"product_brand":[],"product_cat":[355,272,260,369,397,324,310,15,36,248,32,60,29,23,31,19,30],"product_tag":[],"class_list":{"0":"post-5805","1":"product","2":"type-product","3":"status-publish","4":"has-post-thumbnail","6":"product_cat-gerai-savijautai","7":"product_cat-imuninei-sistemai","8":"product_cat-imunitetui-privalumai","9":"product_cat-virskinimui-pagrindines-kategorijos","10":"product_cat-virskinimui-2","11":"product_cat-zarnyno-mikrofloros-palaikymui","12":"product_cat-zarnyno-veiklai","13":"product_cat-uncategorized","14":"product_cat-guminukai-maisto-papildo-forma","15":"product_cat-imunitetui-pagrindines-kategorijos","16":"product_cat-imunitetui","17":"product_cat-virskinimui","18":"product_cat-moterys","19":"product_cat-paaugliai","20":"product_cat-senjorai","21":"product_cat-vaikai","22":"product_cat-vyrai","24":"first","25":"instock","26":"shipping-taxable","27":"purchasable","28":"product-type-simple"},"yoast_head":"<!-- This site is optimized with the Yoast SEO plugin v26.6 - https:\/\/yoast.com\/wordpress\/plugins\/seo\/ -->\n<title>Pro-biotics family, 60 guminuk\u0173 - Vitaminai ir maisto papildai internetu | Vitaminai.lt<\/title>\n<meta name=\"robots\" content=\"index, follow, max-snippet:-1, max-image-preview:large, max-video-preview:-1\" \/>\n<link rel=\"canonical\" href=\"https:\/\/vitaminai.lt\/produktas\/pro-biotics-family-60-guminuku\/\" \/>\n<meta property=\"og:locale\" content=\"en_US\" \/>\n<meta property=\"og:type\" content=\"article\" \/>\n<meta property=\"og:title\" content=\"Pro-biotics family, 60 guminuk\u0173 - Vitaminai ir maisto papildai internetu | Vitaminai.lt\" \/>\n<meta property=\"og:description\" content=\"PRO-BIOTICS FAMILY Maisto papildas | 60 uog\u0173 skonio guminuk\u0173 Pro-Biotics Family \u2013 tai maisto papildas su probiotin\u0117mis bakterijomis guminuk\u0173 pavidalu. Vienoje paros normoje (2 guminukuose) yra 12 mlrd. KSV keturi\u0173 bakterij\u0173 padermi\u0173: Lactobacillus rhamnosus, Lactobacillus reuteri, Bifidobacterium lactis ir Bifidobacterium longum. Lactobacillus rhamnosus ir Lactobacillus reuteri yra pieno r\u016bg\u0161ties bakterijos. Jos padeda palaikyti tinkam\u0105 vir\u0161kinamojo [&hellip;]\" \/>\n<meta property=\"og:url\" content=\"https:\/\/vitaminai.lt\/produktas\/pro-biotics-family-60-guminuku\/\" \/>\n<meta property=\"og:site_name\" content=\"Vitaminai ir maisto papildai internetu | Vitaminai.lt\" \/>\n<meta property=\"article:publisher\" content=\"https:\/\/www.facebook.com\/vitaminai\/\" \/>\n<meta property=\"article:modified_time\" content=\"2026-04-08T08:25:18+00:00\" \/>\n<meta property=\"og:image\" content=\"https:\/\/vitaminai.lt\/wp-content\/uploads\/2025\/09\/Pro-biotics-family_Priekis-scaled.png\" \/>\n\t<meta property=\"og:image:width\" content=\"2560\" \/>\n\t<meta property=\"og:image:height\" content=\"2048\" \/>\n\t<meta property=\"og:image:type\" content=\"image\/png\" \/>\n<meta name=\"twitter:card\" content=\"summary_large_image\" \/>\n<meta name=\"twitter:label1\" content=\"Est. reading time\" \/>\n\t<meta name=\"twitter:data1\" content=\"2 minutes\" \/>\n<script type=\"application\/ld+json\" class=\"yoast-schema-graph\">{\"@context\":\"https:\/\/schema.org\",\"@graph\":[{\"@type\":\"WebPage\",\"@id\":\"https:\/\/vitaminai.lt\/produktas\/pro-biotics-family-60-guminuku\/\",\"url\":\"https:\/\/vitaminai.lt\/produktas\/pro-biotics-family-60-guminuku\/\",\"name\":\"Pro-biotics family, 60 guminuk\u0173 - Vitaminai ir maisto papildai internetu | Vitaminai.lt\",\"isPartOf\":{\"@id\":\"https:\/\/vitaminai.lt\/#website\"},\"primaryImageOfPage\":{\"@id\":\"https:\/\/vitaminai.lt\/produktas\/pro-biotics-family-60-guminuku\/#primaryimage\"},\"image\":{\"@id\":\"https:\/\/vitaminai.lt\/produktas\/pro-biotics-family-60-guminuku\/#primaryimage\"},\"thumbnailUrl\":\"https:\/\/vitaminai.lt\/wp-content\/uploads\/2025\/09\/Pro-biotics-family_Priekis-scaled.png\",\"datePublished\":\"2025-09-10T09:15:47+00:00\",\"dateModified\":\"2026-04-08T08:25:18+00:00\",\"breadcrumb\":{\"@id\":\"https:\/\/vitaminai.lt\/produktas\/pro-biotics-family-60-guminuku\/#breadcrumb\"},\"inLanguage\":\"en-US\",\"potentialAction\":[{\"@type\":\"ReadAction\",\"target\":[\"https:\/\/vitaminai.lt\/produktas\/pro-biotics-family-60-guminuku\/\"]}]},{\"@type\":\"ImageObject\",\"inLanguage\":\"en-US\",\"@id\":\"https:\/\/vitaminai.lt\/produktas\/pro-biotics-family-60-guminuku\/#primaryimage\",\"url\":\"https:\/\/vitaminai.lt\/wp-content\/uploads\/2025\/09\/Pro-biotics-family_Priekis-scaled.png\",\"contentUrl\":\"https:\/\/vitaminai.lt\/wp-content\/uploads\/2025\/09\/Pro-biotics-family_Priekis-scaled.png\",\"width\":2560,\"height\":2048},{\"@type\":\"BreadcrumbList\",\"@id\":\"https:\/\/vitaminai.lt\/produktas\/pro-biotics-family-60-guminuku\/#breadcrumb\",\"itemListElement\":[{\"@type\":\"ListItem\",\"position\":1,\"name\":\"Home\",\"item\":\"https:\/\/vitaminai.lt\/\"},{\"@type\":\"ListItem\",\"position\":2,\"name\":\"Produktai\",\"item\":\"https:\/\/vitaminai.lt\/produktai\/\"},{\"@type\":\"ListItem\",\"position\":3,\"name\":\"Pro-biotics family, 60 guminuk\u0173\"}]},{\"@type\":\"WebSite\",\"@id\":\"https:\/\/vitaminai.lt\/#website\",\"url\":\"https:\/\/vitaminai.lt\/\",\"name\":\"Vitaminai ir maisto papildai internetu | Vitaminai.lt\",\"description\":\"\",\"publisher\":{\"@id\":\"https:\/\/vitaminai.lt\/#organization\"},\"potentialAction\":[{\"@type\":\"SearchAction\",\"target\":{\"@type\":\"EntryPoint\",\"urlTemplate\":\"https:\/\/vitaminai.lt\/?s={search_term_string}\"},\"query-input\":{\"@type\":\"PropertyValueSpecification\",\"valueRequired\":true,\"valueName\":\"search_term_string\"}}],\"inLanguage\":\"en-US\"},{\"@type\":\"Organization\",\"@id\":\"https:\/\/vitaminai.lt\/#organization\",\"name\":\"Vitaminai ir maisto papildai internetu | Vitaminai.lt\",\"url\":\"https:\/\/vitaminai.lt\/\",\"logo\":{\"@type\":\"ImageObject\",\"inLanguage\":\"en-US\",\"@id\":\"https:\/\/vitaminai.lt\/#\/schema\/logo\/image\/\",\"url\":\"https:\/\/vitaminai.lt\/wp-content\/uploads\/2025\/01\/g212.png\",\"contentUrl\":\"https:\/\/vitaminai.lt\/wp-content\/uploads\/2025\/01\/g212.png\",\"width\":313,\"height\":74,\"caption\":\"Vitaminai ir maisto papildai internetu | Vitaminai.lt\"},\"image\":{\"@id\":\"https:\/\/vitaminai.lt\/#\/schema\/logo\/image\/\"},\"sameAs\":[\"https:\/\/www.facebook.com\/vitaminai\/\"]}]}<\/script>\n<!-- \/ Yoast SEO plugin. -->","yoast_head_json":{"title":"Pro-biotics family, 60 guminuk\u0173 - Vitaminai ir maisto papildai internetu | Vitaminai.lt","robots":{"index":"index","follow":"follow","max-snippet":"max-snippet:-1","max-image-preview":"max-image-preview:large","max-video-preview":"max-video-preview:-1"},"canonical":"https:\/\/vitaminai.lt\/produktas\/pro-biotics-family-60-guminuku\/","og_locale":"en_US","og_type":"article","og_title":"Pro-biotics family, 60 guminuk\u0173 - Vitaminai ir maisto papildai internetu | Vitaminai.lt","og_description":"PRO-BIOTICS FAMILY Maisto papildas | 60 uog\u0173 skonio guminuk\u0173 Pro-Biotics Family \u2013 tai maisto papildas su probiotin\u0117mis bakterijomis guminuk\u0173 pavidalu. Vienoje paros normoje (2 guminukuose) yra 12 mlrd. KSV keturi\u0173 bakterij\u0173 padermi\u0173: Lactobacillus rhamnosus, Lactobacillus reuteri, Bifidobacterium lactis ir Bifidobacterium longum. Lactobacillus rhamnosus ir Lactobacillus reuteri yra pieno r\u016bg\u0161ties bakterijos. Jos padeda palaikyti tinkam\u0105 vir\u0161kinamojo [&hellip;]","og_url":"https:\/\/vitaminai.lt\/produktas\/pro-biotics-family-60-guminuku\/","og_site_name":"Vitaminai ir maisto papildai internetu | Vitaminai.lt","article_publisher":"https:\/\/www.facebook.com\/vitaminai\/","article_modified_time":"2026-04-08T08:25:18+00:00","og_image":[{"width":2560,"height":2048,"url":"https:\/\/vitaminai.lt\/wp-content\/uploads\/2025\/09\/Pro-biotics-family_Priekis-scaled.png","type":"image\/png"}],"twitter_card":"summary_large_image","twitter_misc":{"Est. reading time":"2 minutes"},"schema":{"@context":"https:\/\/schema.org","@graph":[{"@type":"WebPage","@id":"https:\/\/vitaminai.lt\/produktas\/pro-biotics-family-60-guminuku\/","url":"https:\/\/vitaminai.lt\/produktas\/pro-biotics-family-60-guminuku\/","name":"Pro-biotics family, 60 guminuk\u0173 - Vitaminai ir maisto papildai internetu | Vitaminai.lt","isPartOf":{"@id":"https:\/\/vitaminai.lt\/#website"},"primaryImageOfPage":{"@id":"https:\/\/vitaminai.lt\/produktas\/pro-biotics-family-60-guminuku\/#primaryimage"},"image":{"@id":"https:\/\/vitaminai.lt\/produktas\/pro-biotics-family-60-guminuku\/#primaryimage"},"thumbnailUrl":"https:\/\/vitaminai.lt\/wp-content\/uploads\/2025\/09\/Pro-biotics-family_Priekis-scaled.png","datePublished":"2025-09-10T09:15:47+00:00","dateModified":"2026-04-08T08:25:18+00:00","breadcrumb":{"@id":"https:\/\/vitaminai.lt\/produktas\/pro-biotics-family-60-guminuku\/#breadcrumb"},"inLanguage":"en-US","potentialAction":[{"@type":"ReadAction","target":["https:\/\/vitaminai.lt\/produktas\/pro-biotics-family-60-guminuku\/"]}]},{"@type":"ImageObject","inLanguage":"en-US","@id":"https:\/\/vitaminai.lt\/produktas\/pro-biotics-family-60-guminuku\/#primaryimage","url":"https:\/\/vitaminai.lt\/wp-content\/uploads\/2025\/09\/Pro-biotics-family_Priekis-scaled.png","contentUrl":"https:\/\/vitaminai.lt\/wp-content\/uploads\/2025\/09\/Pro-biotics-family_Priekis-scaled.png","width":2560,"height":2048},{"@type":"BreadcrumbList","@id":"https:\/\/vitaminai.lt\/produktas\/pro-biotics-family-60-guminuku\/#breadcrumb","itemListElement":[{"@type":"ListItem","position":1,"name":"Home","item":"https:\/\/vitaminai.lt\/"},{"@type":"ListItem","position":2,"name":"Produktai","item":"https:\/\/vitaminai.lt\/produktai\/"},{"@type":"ListItem","position":3,"name":"Pro-biotics family, 60 guminuk\u0173"}]},{"@type":"WebSite","@id":"https:\/\/vitaminai.lt\/#website","url":"https:\/\/vitaminai.lt\/","name":"Vitaminai ir maisto papildai internetu | Vitaminai.lt","description":"","publisher":{"@id":"https:\/\/vitaminai.lt\/#organization"},"potentialAction":[{"@type":"SearchAction","target":{"@type":"EntryPoint","urlTemplate":"https:\/\/vitaminai.lt\/?s={search_term_string}"},"query-input":{"@type":"PropertyValueSpecification","valueRequired":true,"valueName":"search_term_string"}}],"inLanguage":"en-US"},{"@type":"Organization","@id":"https:\/\/vitaminai.lt\/#organization","name":"Vitaminai ir maisto papildai internetu | Vitaminai.lt","url":"https:\/\/vitaminai.lt\/","logo":{"@type":"ImageObject","inLanguage":"en-US","@id":"https:\/\/vitaminai.lt\/#\/schema\/logo\/image\/","url":"https:\/\/vitaminai.lt\/wp-content\/uploads\/2025\/01\/g212.png","contentUrl":"https:\/\/vitaminai.lt\/wp-content\/uploads\/2025\/01\/g212.png","width":313,"height":74,"caption":"Vitaminai ir maisto papildai internetu | Vitaminai.lt"},"image":{"@id":"https:\/\/vitaminai.lt\/#\/schema\/logo\/image\/"},"sameAs":["https:\/\/www.facebook.com\/vitaminai\/"]}]}},"_links":{"self":[{"href":"https:\/\/vitaminai.lt\/en\/wp-json\/wp\/v2\/product\/5805","targetHints":{"allow":["GET"]}}],"collection":[{"href":"https:\/\/vitaminai.lt\/en\/wp-json\/wp\/v2\/product"}],"about":[{"href":"https:\/\/vitaminai.lt\/en\/wp-json\/wp\/v2\/types\/product"}],"replies":[{"embeddable":true,"href":"https:\/\/vitaminai.lt\/en\/wp-json\/wp\/v2\/comments?post=5805"}],"wp:featuredmedia":[{"embeddable":true,"href":"https:\/\/vitaminai.lt\/en\/wp-json\/wp\/v2\/media\/9558"}],"wp:attachment":[{"href":"https:\/\/vitaminai.lt\/en\/wp-json\/wp\/v2\/media?parent=5805"}],"wp:term":[{"taxonomy":"product_brand","embeddable":true,"href":"https:\/\/vitaminai.lt\/en\/wp-json\/wp\/v2\/product_brand?post=5805"},{"taxonomy":"product_cat","embeddable":true,"href":"https:\/\/vitaminai.lt\/en\/wp-json\/wp\/v2\/product_cat?post=5805"},{"taxonomy":"product_tag","embeddable":true,"href":"https:\/\/vitaminai.lt\/en\/wp-json\/wp\/v2\/product_tag?post=5805"}],"curies":[{"name":"wp","href":"https:\/\/api.w.org\/{rel}","templated":true}]}}