{"id":7872,"date":"2025-12-18T15:56:13","date_gmt":"2025-12-18T13:56:13","guid":{"rendered":"https:\/\/vitaminai.lt\/?post_type=product&#038;p=7872"},"modified":"2026-04-08T10:25:20","modified_gmt":"2026-04-08T08:25:20","slug":"magnio-bisglicinatas-375mg-n30","status":"publish","type":"product","link":"https:\/\/vitaminai.lt\/en\/produktas\/magnio-bisglicinatas-375mg-n30\/","title":{"rendered":"Magnio bisglicinatas 375mg N30"},"content":{"rendered":"<h3>Magnio bisglicinatas<\/h3>\n<p><strong>Maisto papildas | 30 kapsuli\u0173<\/strong><\/p>\n<p><strong>Energijai, kaulams ir nerv\u0173 sistemai<\/strong> \u2013 visapusi\u0161ka magnio parama kasdieniam organizmo funkcionavimui.<\/p>\n<hr \/>\n<p><strong>Magnio bisglicinatas \u2013 <\/strong>tai kasdieniam vartojimui skirtas maisto papildas, padedantis palaikyti energijos apykait\u0105, nerv\u0173 ir raumen\u0173 sistemos veikl\u0105, kaul\u0173 bei dant\u0173 b\u016bkl\u0119 ir bendr\u0105 organizmo funkcionavim\u0105.<\/p>\n<hr \/>\n<p><strong>Kod\u0117l verta rinktis magnio bisglicinat\u0105?<\/strong><\/p>\n<p data-start=\"217\" data-end=\"665\"><strong data-start=\"219\" data-end=\"242\">Nuovargio ma\u017einimui<\/strong> \u2013 padeda ma\u017einti pavargimo jausm\u0105 ir nuovarg\u012f<br data-start=\"288\" data-end=\"291\" \/><strong data-start=\"293\" data-end=\"321\">Elektrolit\u0173 pusiausvyrai<\/strong> \u2013 padeda palaikyti elektrolit\u0173 pusiausvyr\u0105<br data-start=\"364\" data-end=\"367\" \/><strong data-start=\"369\" data-end=\"393\">Energijos palaikymui<\/strong> \u2013 padeda palaikyti normali\u0105 energijos apykait\u0105 ir normali\u0105 raumen\u0173 funkcij\u0105<br data-start=\"469\" data-end=\"472\" \/><strong data-start=\"474\" data-end=\"500\">Nerv\u0173 sistemos veiklai<\/strong> \u2013 padeda palaikyti normali\u0105 nerv\u0173 sistemos veikl\u0105 ir normali\u0105 psichologin\u0119 funkcij\u0105<br data-start=\"584\" data-end=\"587\" data-is-only-node=\"\" \/><strong data-start=\"589\" data-end=\"614\">Kaul\u0173 ir dant\u0173 b\u016bklei<\/strong> \u2013 padeda palaikyti normali\u0105 kaul\u0173 ir dant\u0173 b\u016bkl\u0119<\/p>\n<hr \/>\n<p><strong>Magnis<\/strong> taip pat atlieka tam tikr\u0105 funkcij\u0105 l\u0105steli\u0173 dalijimosi procese ir yra svarbus normaliai l\u0105steli\u0173 veiklai palaikyti. Tai mineralas, dalyvaujantis daugelyje organizmo fermentini\u0173 reakcij\u0173 ir reikalingas kasdieniams fiziologiniams procesams.<\/p>\n","protected":false},"excerpt":{"rendered":"<p>Magnio bisglicinatas Maisto papildas | 30 kapsuli\u0173 Energijai, kaulams ir nerv\u0173 sistemai \u2013 visapusi\u0161ka magnio parama kasdieniam organizmo funkcionavimui. Magnio bisglicinatas \u2013 tai kasdieniam vartojimui skirtas maisto papildas, padedantis palaikyti energijos apykait\u0105, nerv\u0173 ir raumen\u0173 sistemos veikl\u0105, kaul\u0173 bei dant\u0173 b\u016bkl\u0119 ir bendr\u0105 organizmo funkcionavim\u0105. Kod\u0117l verta rinktis magnio bisglicinat\u0105? Nuovargio ma\u017einimui \u2013 padeda ma\u017einti [&hellip;]<\/p>\n","protected":false},"featured_media":7876,"comment_status":"open","ping_status":"closed","template":"","meta":[],"product_brand":[],"product_cat":[287,278,396,317,375,276,277,257,318,368,15,33,37,243,244,245,247,248,249,250,20,148,179,26,32,168,48,25,56,18,29,23,31,19,30,34,83],"product_tag":[],"class_list":{"0":"post-7872","1":"product","2":"type-product","3":"status-publish","4":"has-post-thumbnail","6":"product_cat-baltymu-sintezei-privalumai","7":"product_cat-energijos-apykaitai","8":"product_cat-itampai-nusiraminimui","9":"product_cat-kaulams-privalumai","10":"product_cat-menesio-prekes","11":"product_cat-nervu-sistemai-privalumai","12":"product_cat-nuovargio-mazinimui-privalumai","13":"product_cat-privalumai","14":"product_cat-raumenims-privalumai-2","15":"product_cat-sportuojantiems-pagrindines-kategorijos","16":"product_cat-uncategorized","17":"product_cat-maisto-papildo-forma","18":"product_cat-kapsules","19":"product_cat-pagrindines-kategorijos","20":"product_cat-moterims","21":"product_cat-vyrams","22":"product_cat-energijai-pagrindines-kategorijos","23":"product_cat-imunitetui-pagrindines-kategorijos","24":"product_cat-nervu-sistemai-pagrindines-kategorijos","25":"product_cat-sirdziai","26":"product_cat-paskirtis","27":"product_cat-baltymu-sintezei","28":"product_cat-dantims","29":"product_cat-energijai","30":"product_cat-imunitetui","31":"product_cat-istvermei","32":"product_cat-kaulams","33":"product_cat-nervu-sistemai","34":"product_cat-raumenims","35":"product_cat-vartotojas","36":"product_cat-moterys","37":"product_cat-paaugliai","38":"product_cat-senjorai","39":"product_cat-vaikai","40":"product_cat-vyrai","41":"product_cat-veiklioji-medziaga","42":"product_cat-magnis","44":"first","45":"instock","46":"shipping-taxable","47":"purchasable","48":"product-type-simple"},"yoast_head":"<!-- This site is optimized with the Yoast SEO plugin v26.6 - https:\/\/yoast.com\/wordpress\/plugins\/seo\/ -->\n<title>Magnio bisglicinatas 375mg N30 - Vitaminai ir maisto papildai internetu | Vitaminai.lt<\/title>\n<meta name=\"robots\" content=\"index, follow, max-snippet:-1, max-image-preview:large, max-video-preview:-1\" \/>\n<link rel=\"canonical\" href=\"https:\/\/vitaminai.lt\/produktas\/magnio-bisglicinatas-375mg-n30\/\" \/>\n<meta property=\"og:locale\" content=\"en_US\" \/>\n<meta property=\"og:type\" content=\"article\" \/>\n<meta property=\"og:title\" content=\"Magnio bisglicinatas 375mg N30 - Vitaminai ir maisto papildai internetu | Vitaminai.lt\" \/>\n<meta property=\"og:description\" content=\"Magnio bisglicinatas Maisto papildas | 30 kapsuli\u0173 Energijai, kaulams ir nerv\u0173 sistemai \u2013 visapusi\u0161ka magnio parama kasdieniam organizmo funkcionavimui. Magnio bisglicinatas \u2013 tai kasdieniam vartojimui skirtas maisto papildas, padedantis palaikyti energijos apykait\u0105, nerv\u0173 ir raumen\u0173 sistemos veikl\u0105, kaul\u0173 bei dant\u0173 b\u016bkl\u0119 ir bendr\u0105 organizmo funkcionavim\u0105. Kod\u0117l verta rinktis magnio bisglicinat\u0105? Nuovargio ma\u017einimui \u2013 padeda ma\u017einti [&hellip;]\" \/>\n<meta property=\"og:url\" content=\"https:\/\/vitaminai.lt\/produktas\/magnio-bisglicinatas-375mg-n30\/\" \/>\n<meta property=\"og:site_name\" content=\"Vitaminai ir maisto papildai internetu | Vitaminai.lt\" \/>\n<meta property=\"article:publisher\" content=\"https:\/\/www.facebook.com\/vitaminai\/\" \/>\n<meta property=\"article:modified_time\" content=\"2026-04-08T08:25:20+00:00\" \/>\n<meta property=\"og:image\" content=\"https:\/\/vitaminai.lt\/wp-content\/uploads\/2025\/12\/Magnio-bisglicinatas-375-mg_Mock-up-1-scaled.jpg\" \/>\n\t<meta property=\"og:image:width\" content=\"2560\" \/>\n\t<meta property=\"og:image:height\" content=\"2498\" \/>\n\t<meta property=\"og:image:type\" content=\"image\/jpeg\" \/>\n<meta name=\"twitter:card\" content=\"summary_large_image\" \/>\n<meta name=\"twitter:label1\" content=\"Est. reading time\" \/>\n\t<meta name=\"twitter:data1\" content=\"1 minute\" \/>\n<script type=\"application\/ld+json\" class=\"yoast-schema-graph\">{\"@context\":\"https:\/\/schema.org\",\"@graph\":[{\"@type\":\"WebPage\",\"@id\":\"https:\/\/vitaminai.lt\/produktas\/magnio-bisglicinatas-375mg-n30\/\",\"url\":\"https:\/\/vitaminai.lt\/produktas\/magnio-bisglicinatas-375mg-n30\/\",\"name\":\"Magnio bisglicinatas 375mg N30 - Vitaminai ir maisto papildai internetu | Vitaminai.lt\",\"isPartOf\":{\"@id\":\"https:\/\/vitaminai.lt\/#website\"},\"primaryImageOfPage\":{\"@id\":\"https:\/\/vitaminai.lt\/produktas\/magnio-bisglicinatas-375mg-n30\/#primaryimage\"},\"image\":{\"@id\":\"https:\/\/vitaminai.lt\/produktas\/magnio-bisglicinatas-375mg-n30\/#primaryimage\"},\"thumbnailUrl\":\"https:\/\/vitaminai.lt\/wp-content\/uploads\/2025\/12\/Magnio-bisglicinatas-375-mg_Mock-up-1-scaled.jpg\",\"datePublished\":\"2025-12-18T13:56:13+00:00\",\"dateModified\":\"2026-04-08T08:25:20+00:00\",\"breadcrumb\":{\"@id\":\"https:\/\/vitaminai.lt\/produktas\/magnio-bisglicinatas-375mg-n30\/#breadcrumb\"},\"inLanguage\":\"en-US\",\"potentialAction\":[{\"@type\":\"ReadAction\",\"target\":[\"https:\/\/vitaminai.lt\/produktas\/magnio-bisglicinatas-375mg-n30\/\"]}]},{\"@type\":\"ImageObject\",\"inLanguage\":\"en-US\",\"@id\":\"https:\/\/vitaminai.lt\/produktas\/magnio-bisglicinatas-375mg-n30\/#primaryimage\",\"url\":\"https:\/\/vitaminai.lt\/wp-content\/uploads\/2025\/12\/Magnio-bisglicinatas-375-mg_Mock-up-1-scaled.jpg\",\"contentUrl\":\"https:\/\/vitaminai.lt\/wp-content\/uploads\/2025\/12\/Magnio-bisglicinatas-375-mg_Mock-up-1-scaled.jpg\",\"width\":2560,\"height\":2498},{\"@type\":\"BreadcrumbList\",\"@id\":\"https:\/\/vitaminai.lt\/produktas\/magnio-bisglicinatas-375mg-n30\/#breadcrumb\",\"itemListElement\":[{\"@type\":\"ListItem\",\"position\":1,\"name\":\"Home\",\"item\":\"https:\/\/vitaminai.lt\/\"},{\"@type\":\"ListItem\",\"position\":2,\"name\":\"Produktai\",\"item\":\"https:\/\/vitaminai.lt\/produktai\/\"},{\"@type\":\"ListItem\",\"position\":3,\"name\":\"Magnio bisglicinatas 375mg N30\"}]},{\"@type\":\"WebSite\",\"@id\":\"https:\/\/vitaminai.lt\/#website\",\"url\":\"https:\/\/vitaminai.lt\/\",\"name\":\"Vitaminai ir maisto papildai internetu | Vitaminai.lt\",\"description\":\"\",\"publisher\":{\"@id\":\"https:\/\/vitaminai.lt\/#organization\"},\"potentialAction\":[{\"@type\":\"SearchAction\",\"target\":{\"@type\":\"EntryPoint\",\"urlTemplate\":\"https:\/\/vitaminai.lt\/?s={search_term_string}\"},\"query-input\":{\"@type\":\"PropertyValueSpecification\",\"valueRequired\":true,\"valueName\":\"search_term_string\"}}],\"inLanguage\":\"en-US\"},{\"@type\":\"Organization\",\"@id\":\"https:\/\/vitaminai.lt\/#organization\",\"name\":\"Vitaminai ir maisto papildai internetu | Vitaminai.lt\",\"url\":\"https:\/\/vitaminai.lt\/\",\"logo\":{\"@type\":\"ImageObject\",\"inLanguage\":\"en-US\",\"@id\":\"https:\/\/vitaminai.lt\/#\/schema\/logo\/image\/\",\"url\":\"https:\/\/vitaminai.lt\/wp-content\/uploads\/2025\/01\/g212.png\",\"contentUrl\":\"https:\/\/vitaminai.lt\/wp-content\/uploads\/2025\/01\/g212.png\",\"width\":313,\"height\":74,\"caption\":\"Vitaminai ir maisto papildai internetu | Vitaminai.lt\"},\"image\":{\"@id\":\"https:\/\/vitaminai.lt\/#\/schema\/logo\/image\/\"},\"sameAs\":[\"https:\/\/www.facebook.com\/vitaminai\/\"]}]}<\/script>\n<!-- \/ Yoast SEO plugin. -->","yoast_head_json":{"title":"Magnio bisglicinatas 375mg N30 - Vitaminai ir maisto papildai internetu | Vitaminai.lt","robots":{"index":"index","follow":"follow","max-snippet":"max-snippet:-1","max-image-preview":"max-image-preview:large","max-video-preview":"max-video-preview:-1"},"canonical":"https:\/\/vitaminai.lt\/produktas\/magnio-bisglicinatas-375mg-n30\/","og_locale":"en_US","og_type":"article","og_title":"Magnio bisglicinatas 375mg N30 - Vitaminai ir maisto papildai internetu | Vitaminai.lt","og_description":"Magnio bisglicinatas Maisto papildas | 30 kapsuli\u0173 Energijai, kaulams ir nerv\u0173 sistemai \u2013 visapusi\u0161ka magnio parama kasdieniam organizmo funkcionavimui. Magnio bisglicinatas \u2013 tai kasdieniam vartojimui skirtas maisto papildas, padedantis palaikyti energijos apykait\u0105, nerv\u0173 ir raumen\u0173 sistemos veikl\u0105, kaul\u0173 bei dant\u0173 b\u016bkl\u0119 ir bendr\u0105 organizmo funkcionavim\u0105. Kod\u0117l verta rinktis magnio bisglicinat\u0105? Nuovargio ma\u017einimui \u2013 padeda ma\u017einti [&hellip;]","og_url":"https:\/\/vitaminai.lt\/produktas\/magnio-bisglicinatas-375mg-n30\/","og_site_name":"Vitaminai ir maisto papildai internetu | Vitaminai.lt","article_publisher":"https:\/\/www.facebook.com\/vitaminai\/","article_modified_time":"2026-04-08T08:25:20+00:00","og_image":[{"width":2560,"height":2498,"url":"https:\/\/vitaminai.lt\/wp-content\/uploads\/2025\/12\/Magnio-bisglicinatas-375-mg_Mock-up-1-scaled.jpg","type":"image\/jpeg"}],"twitter_card":"summary_large_image","twitter_misc":{"Est. reading time":"1 minute"},"schema":{"@context":"https:\/\/schema.org","@graph":[{"@type":"WebPage","@id":"https:\/\/vitaminai.lt\/produktas\/magnio-bisglicinatas-375mg-n30\/","url":"https:\/\/vitaminai.lt\/produktas\/magnio-bisglicinatas-375mg-n30\/","name":"Magnio bisglicinatas 375mg N30 - Vitaminai ir maisto papildai internetu | Vitaminai.lt","isPartOf":{"@id":"https:\/\/vitaminai.lt\/#website"},"primaryImageOfPage":{"@id":"https:\/\/vitaminai.lt\/produktas\/magnio-bisglicinatas-375mg-n30\/#primaryimage"},"image":{"@id":"https:\/\/vitaminai.lt\/produktas\/magnio-bisglicinatas-375mg-n30\/#primaryimage"},"thumbnailUrl":"https:\/\/vitaminai.lt\/wp-content\/uploads\/2025\/12\/Magnio-bisglicinatas-375-mg_Mock-up-1-scaled.jpg","datePublished":"2025-12-18T13:56:13+00:00","dateModified":"2026-04-08T08:25:20+00:00","breadcrumb":{"@id":"https:\/\/vitaminai.lt\/produktas\/magnio-bisglicinatas-375mg-n30\/#breadcrumb"},"inLanguage":"en-US","potentialAction":[{"@type":"ReadAction","target":["https:\/\/vitaminai.lt\/produktas\/magnio-bisglicinatas-375mg-n30\/"]}]},{"@type":"ImageObject","inLanguage":"en-US","@id":"https:\/\/vitaminai.lt\/produktas\/magnio-bisglicinatas-375mg-n30\/#primaryimage","url":"https:\/\/vitaminai.lt\/wp-content\/uploads\/2025\/12\/Magnio-bisglicinatas-375-mg_Mock-up-1-scaled.jpg","contentUrl":"https:\/\/vitaminai.lt\/wp-content\/uploads\/2025\/12\/Magnio-bisglicinatas-375-mg_Mock-up-1-scaled.jpg","width":2560,"height":2498},{"@type":"BreadcrumbList","@id":"https:\/\/vitaminai.lt\/produktas\/magnio-bisglicinatas-375mg-n30\/#breadcrumb","itemListElement":[{"@type":"ListItem","position":1,"name":"Home","item":"https:\/\/vitaminai.lt\/"},{"@type":"ListItem","position":2,"name":"Produktai","item":"https:\/\/vitaminai.lt\/produktai\/"},{"@type":"ListItem","position":3,"name":"Magnio bisglicinatas 375mg N30"}]},{"@type":"WebSite","@id":"https:\/\/vitaminai.lt\/#website","url":"https:\/\/vitaminai.lt\/","name":"Vitaminai ir maisto papildai internetu | Vitaminai.lt","description":"","publisher":{"@id":"https:\/\/vitaminai.lt\/#organization"},"potentialAction":[{"@type":"SearchAction","target":{"@type":"EntryPoint","urlTemplate":"https:\/\/vitaminai.lt\/?s={search_term_string}"},"query-input":{"@type":"PropertyValueSpecification","valueRequired":true,"valueName":"search_term_string"}}],"inLanguage":"en-US"},{"@type":"Organization","@id":"https:\/\/vitaminai.lt\/#organization","name":"Vitaminai ir maisto papildai internetu | Vitaminai.lt","url":"https:\/\/vitaminai.lt\/","logo":{"@type":"ImageObject","inLanguage":"en-US","@id":"https:\/\/vitaminai.lt\/#\/schema\/logo\/image\/","url":"https:\/\/vitaminai.lt\/wp-content\/uploads\/2025\/01\/g212.png","contentUrl":"https:\/\/vitaminai.lt\/wp-content\/uploads\/2025\/01\/g212.png","width":313,"height":74,"caption":"Vitaminai ir maisto papildai internetu | Vitaminai.lt"},"image":{"@id":"https:\/\/vitaminai.lt\/#\/schema\/logo\/image\/"},"sameAs":["https:\/\/www.facebook.com\/vitaminai\/"]}]}},"_links":{"self":[{"href":"https:\/\/vitaminai.lt\/en\/wp-json\/wp\/v2\/product\/7872","targetHints":{"allow":["GET"]}}],"collection":[{"href":"https:\/\/vitaminai.lt\/en\/wp-json\/wp\/v2\/product"}],"about":[{"href":"https:\/\/vitaminai.lt\/en\/wp-json\/wp\/v2\/types\/product"}],"replies":[{"embeddable":true,"href":"https:\/\/vitaminai.lt\/en\/wp-json\/wp\/v2\/comments?post=7872"}],"wp:featuredmedia":[{"embeddable":true,"href":"https:\/\/vitaminai.lt\/en\/wp-json\/wp\/v2\/media\/7876"}],"wp:attachment":[{"href":"https:\/\/vitaminai.lt\/en\/wp-json\/wp\/v2\/media?parent=7872"}],"wp:term":[{"taxonomy":"product_brand","embeddable":true,"href":"https:\/\/vitaminai.lt\/en\/wp-json\/wp\/v2\/product_brand?post=7872"},{"taxonomy":"product_cat","embeddable":true,"href":"https:\/\/vitaminai.lt\/en\/wp-json\/wp\/v2\/product_cat?post=7872"},{"taxonomy":"product_tag","embeddable":true,"href":"https:\/\/vitaminai.lt\/en\/wp-json\/wp\/v2\/product_tag?post=7872"}],"curies":[{"name":"wp","href":"https:\/\/api.w.org\/{rel}","templated":true}]}}