{"id":7906,"date":"2025-12-19T15:29:30","date_gmt":"2025-12-19T13:29:30","guid":{"rendered":"https:\/\/vitaminai.lt\/?post_type=product&#038;p=7906"},"modified":"2026-04-07T13:09:10","modified_gmt":"2026-04-07T11:09:10","slug":"nakvisu-aliejus-nakvisu-aliejus","status":"publish","type":"product","link":"https:\/\/vitaminai.lt\/en\/produktas\/nakvisu-aliejus-nakvisu-aliejus\/","title":{"rendered":"Nakvi\u0161\u0173 aliejus N60"},"content":{"rendered":"<div class=\"[--thread-content-max-width:32rem] @[34rem]:[--thread-content-max-width:40rem] @[64rem]:[--thread-content-max-width:48rem] mx-auto flex max-w-(--thread-content-max-width) flex-1 text-base gap-4 md:gap-5 lg:gap-6 group\/turn-messages focus-visible:outline-hidden\">\n<div class=\"group\/conversation-turn relative flex w-full min-w-0 flex-col agent-turn\">\n<div class=\"relative flex-col gap-1 md:gap-3\">\n<div class=\"flex max-w-full flex-col grow\">\n<div class=\"min-h-8 text-message relative flex w-full flex-col items-end gap-2 text-start break-words whitespace-normal [.text-message+&amp;]:mt-5\" dir=\"auto\" data-message-author-role=\"assistant\" data-message-id=\"dd98514f-ae76-4021-baba-f575f92075e6\" data-message-model-slug=\"gpt-4o\">\n<div class=\"flex w-full flex-col gap-1 empty:hidden first:pt-[3px]\">\n<div class=\"markdown prose dark:prose-invert w-full break-words light\">\n<h3 data-start=\"228\" data-end=\"265\">NAKVI\u0160\u0172 ALIEJUS<\/h3>\n<p data-start=\"266\" data-end=\"299\"><strong data-start=\"266\" data-end=\"299\">Maisto papildas | 60 kapsuli\u0173<\/strong><\/p>\n<\/div>\n<\/div>\n<\/div>\n<\/div>\n<\/div>\n<\/div>\n<\/div>\n<div class=\"[--thread-content-max-width:32rem] @[34rem]:[--thread-content-max-width:40rem] @[64rem]:[--thread-content-max-width:48rem] mx-auto flex max-w-(--thread-content-max-width) flex-1 text-base gap-4 md:gap-5 lg:gap-6 group\/turn-messages focus-visible:outline-hidden\">\n<div class=\"group\/conversation-turn relative flex w-full min-w-0 flex-col agent-turn\">\n<div class=\"relative flex-col gap-1 md:gap-3\">\n<div class=\"flex max-w-full flex-col grow\">\n<div class=\"min-h-8 text-message relative flex w-full flex-col items-end gap-2 text-start break-words whitespace-normal [.text-message+&amp;]:mt-5\" dir=\"auto\" data-message-author-role=\"assistant\" data-message-id=\"dd98514f-ae76-4021-baba-f575f92075e6\" data-message-model-slug=\"gpt-4o\">\n<div class=\"flex w-full flex-col gap-1 empty:hidden first:pt-[3px]\">\n<p data-start=\"1257\" data-end=\"1326\"><strong data-start=\"1257\" data-end=\"1326\">Maisto papildas kapsul\u0117mis, skirtas kasdien\u0117s mitybos papildymui.<\/strong><\/p>\n<hr \/>\n<p data-start=\"1328\" data-end=\"1573\">Vienoje kapsul\u0117je yra <strong data-start=\"1350\" data-end=\"1398\">1000 mg nakvi\u0161\u0173 (Oenothera biennis) aliejaus<\/strong>, kuris papildo kasdien\u0119 mityb\u0105 <strong data-start=\"1430\" data-end=\"1477\">omega-6 polineso\u010diosiomis riebal\u0173 r\u016bg\u0161timis<\/strong>. Produktas papildytas <strong data-start=\"1500\" data-end=\"1514\">vitaminu E<\/strong>, kuris padeda apsaugoti l\u0105steles nuo oksidacin\u0117s pa\u017eaidos.<\/p>\n<hr \/>\n<p data-start=\"1825\" data-end=\"1880\"><strong>Kod\u0117l verta rinktis Nakvi\u0161\u0173 Aliej\u0173?<\/strong><\/p>\n<p data-start=\"1882\" data-end=\"2134\">1000 mg nakvi\u0161\u0173 aliejaus vienoje kapsul\u0117je<\/p>\n<p data-start=\"1882\" data-end=\"2134\">omega-6 riebal\u0173 r\u016bg\u0161\u010di\u0173 \u0161altinis, papildantis kasdien\u0119 mityb\u0105<\/p>\n<p data-start=\"1882\" data-end=\"2134\">papildyta vitaminu E, padedan\u010diu apsaugoti l\u0105steles nuo oksidacin\u0117s pa\u017eaidos<\/p>\n<p data-start=\"1882\" data-end=\"2134\">patogi kapsuli\u0173 forma<\/p>\n<p data-start=\"1882\" data-end=\"2134\">sud\u0117tis be nereikaling\u0173 pried\u0173<\/p>\n<hr \/>\n<p data-start=\"2136\" data-end=\"2162\"><strong>Sud\u0117tis (1 kapsul\u0117je):<\/strong><\/p>\n<p data-start=\"2164\" data-end=\"2210\">Nakvi\u0161\u0173 aliejus \u2013 1000 mg<\/p>\n<p data-start=\"2164\" data-end=\"2210\">Vitaminas E \u2013 5 mg<\/p>\n<hr \/>\n<p data-start=\"1575\" data-end=\"1686\">Kapsuli\u0173 forma u\u017etikrina patog\u0173 vartojim\u0105. Produktas gali b\u016bti vartojamas kaip subalansuotos mitybos dalis.<\/p>\n<p data-start=\"1688\" data-end=\"1823\">Maisto papildas netur\u0117t\u0173 b\u016bti vartojamas kaip maisto pakaitalas. Svarbi \u012fvairi ir subalansuota mityba bei sveikas gyvenimo b\u016bdas.<\/p>\n<\/div>\n<\/div>\n<\/div>\n<\/div>\n<\/div>\n<\/div>\n","protected":false},"excerpt":{"rendered":"<p>NAKVI\u0160\u0172 ALIEJUS Maisto papildas | 60 kapsuli\u0173 Maisto papildas kapsul\u0117mis, skirtas kasdien\u0117s mitybos papildymui. Vienoje kapsul\u0117je yra 1000 mg nakvi\u0161\u0173 (Oenothera biennis) aliejaus, kuris papildo kasdien\u0119 mityb\u0105 omega-6 polineso\u010diosiomis riebal\u0173 r\u016bg\u0161timis. Produktas papildytas vitaminu E, kuris padeda apsaugoti l\u0105steles nuo oksidacin\u0117s pa\u017eaidos. Kod\u0117l verta rinktis Nakvi\u0161\u0173 Aliej\u0173? 1000 mg nakvi\u0161\u0173 aliejaus vienoje kapsul\u0117je omega-6 riebal\u0173 [&hellip;]<\/p>\n","protected":false},"featured_media":7908,"comment_status":"open","ping_status":"closed","template":"","meta":[],"product_brand":[],"product_cat":[351,279,273,280,283,350,257,33,39,243,244,246,247,249,250,20,47,143,173,50,54,18,29,31,30,34,86,98],"product_tag":[],"class_list":{"0":"post-7906","1":"product","2":"type-product","3":"status-publish","4":"has-post-thumbnail","6":"product_cat-gerai-buklei-menstruaciju-metu-palaikyti","7":"product_cat-hormonu-reguliavimui-privalumai","8":"product_cat-lasteliu-apsaugai-privalumai","9":"product_cat-medziagu-apykaitai-privalumai","10":"product_cat-odos-buklei","11":"product_cat-omega-6-saltinis","12":"product_cat-privalumai","13":"product_cat-maisto-papildo-forma","14":"product_cat-minkstos-kapsules","15":"product_cat-pagrindines-kategorijos","16":"product_cat-moterims","17":"product_cat-groziui-2","18":"product_cat-energijai-pagrindines-kategorijos","19":"product_cat-nervu-sistemai-pagrindines-kategorijos","20":"product_cat-sirdziai","21":"product_cat-paskirtis","22":"product_cat-groziui","23":"product_cat-hormonu-reguliavimui","24":"product_cat-lasteliu-apsaugai","25":"product_cat-menopauzei","26":"product_cat-odai","27":"product_cat-vartotojas","28":"product_cat-moterys","29":"product_cat-senjorai","30":"product_cat-vyrai","31":"product_cat-veiklioji-medziaga","32":"product_cat-nakvisu-aliejus","33":"product_cat-vitaminas-e","35":"first","36":"instock","37":"shipping-taxable","38":"purchasable","39":"product-type-simple"},"yoast_head":"<!-- This site is optimized with the Yoast SEO plugin v26.6 - https:\/\/yoast.com\/wordpress\/plugins\/seo\/ -->\n<title>Nakvi\u0161\u0173 aliejus N60 - Vitaminai ir maisto papildai internetu | Vitaminai.lt<\/title>\n<meta name=\"robots\" content=\"index, follow, max-snippet:-1, max-image-preview:large, max-video-preview:-1\" \/>\n<link rel=\"canonical\" href=\"https:\/\/vitaminai.lt\/produktas\/nakvisu-aliejus-nakvisu-aliejus\/\" \/>\n<meta property=\"og:locale\" content=\"en_US\" \/>\n<meta property=\"og:type\" content=\"article\" \/>\n<meta property=\"og:title\" content=\"Nakvi\u0161\u0173 aliejus N60 - Vitaminai ir maisto papildai internetu | Vitaminai.lt\" \/>\n<meta property=\"og:description\" content=\"NAKVI\u0160\u0172 ALIEJUS Maisto papildas | 60 kapsuli\u0173 Maisto papildas kapsul\u0117mis, skirtas kasdien\u0117s mitybos papildymui. Vienoje kapsul\u0117je yra 1000 mg nakvi\u0161\u0173 (Oenothera biennis) aliejaus, kuris papildo kasdien\u0119 mityb\u0105 omega-6 polineso\u010diosiomis riebal\u0173 r\u016bg\u0161timis. Produktas papildytas vitaminu E, kuris padeda apsaugoti l\u0105steles nuo oksidacin\u0117s pa\u017eaidos. Kod\u0117l verta rinktis Nakvi\u0161\u0173 Aliej\u0173? 1000 mg nakvi\u0161\u0173 aliejaus vienoje kapsul\u0117je omega-6 riebal\u0173 [&hellip;]\" \/>\n<meta property=\"og:url\" content=\"https:\/\/vitaminai.lt\/produktas\/nakvisu-aliejus-nakvisu-aliejus\/\" \/>\n<meta property=\"og:site_name\" content=\"Vitaminai ir maisto papildai internetu | Vitaminai.lt\" \/>\n<meta property=\"article:publisher\" content=\"https:\/\/www.facebook.com\/vitaminai\/\" \/>\n<meta property=\"article:modified_time\" content=\"2026-04-07T11:09:10+00:00\" \/>\n<meta property=\"og:image\" content=\"https:\/\/vitaminai.lt\/wp-content\/uploads\/2025\/12\/GN_Nakvisu-aliejus_250ml_190x74-mm_5-mm_1-scaled.png\" \/>\n\t<meta property=\"og:image:width\" content=\"2560\" \/>\n\t<meta property=\"og:image:height\" content=\"2498\" \/>\n\t<meta property=\"og:image:type\" content=\"image\/png\" \/>\n<meta name=\"twitter:card\" content=\"summary_large_image\" \/>\n<meta name=\"twitter:label1\" content=\"Est. reading time\" \/>\n\t<meta name=\"twitter:data1\" content=\"1 minute\" \/>\n<script type=\"application\/ld+json\" class=\"yoast-schema-graph\">{\"@context\":\"https:\/\/schema.org\",\"@graph\":[{\"@type\":\"WebPage\",\"@id\":\"https:\/\/vitaminai.lt\/produktas\/nakvisu-aliejus-nakvisu-aliejus\/\",\"url\":\"https:\/\/vitaminai.lt\/produktas\/nakvisu-aliejus-nakvisu-aliejus\/\",\"name\":\"Nakvi\u0161\u0173 aliejus N60 - Vitaminai ir maisto papildai internetu | Vitaminai.lt\",\"isPartOf\":{\"@id\":\"https:\/\/vitaminai.lt\/#website\"},\"primaryImageOfPage\":{\"@id\":\"https:\/\/vitaminai.lt\/produktas\/nakvisu-aliejus-nakvisu-aliejus\/#primaryimage\"},\"image\":{\"@id\":\"https:\/\/vitaminai.lt\/produktas\/nakvisu-aliejus-nakvisu-aliejus\/#primaryimage\"},\"thumbnailUrl\":\"https:\/\/vitaminai.lt\/wp-content\/uploads\/2025\/12\/GN_Nakvisu-aliejus_250ml_190x74-mm_5-mm_1-scaled.png\",\"datePublished\":\"2025-12-19T13:29:30+00:00\",\"dateModified\":\"2026-04-07T11:09:10+00:00\",\"breadcrumb\":{\"@id\":\"https:\/\/vitaminai.lt\/produktas\/nakvisu-aliejus-nakvisu-aliejus\/#breadcrumb\"},\"inLanguage\":\"en-US\",\"potentialAction\":[{\"@type\":\"ReadAction\",\"target\":[\"https:\/\/vitaminai.lt\/produktas\/nakvisu-aliejus-nakvisu-aliejus\/\"]}]},{\"@type\":\"ImageObject\",\"inLanguage\":\"en-US\",\"@id\":\"https:\/\/vitaminai.lt\/produktas\/nakvisu-aliejus-nakvisu-aliejus\/#primaryimage\",\"url\":\"https:\/\/vitaminai.lt\/wp-content\/uploads\/2025\/12\/GN_Nakvisu-aliejus_250ml_190x74-mm_5-mm_1-scaled.png\",\"contentUrl\":\"https:\/\/vitaminai.lt\/wp-content\/uploads\/2025\/12\/GN_Nakvisu-aliejus_250ml_190x74-mm_5-mm_1-scaled.png\",\"width\":2560,\"height\":2498},{\"@type\":\"BreadcrumbList\",\"@id\":\"https:\/\/vitaminai.lt\/produktas\/nakvisu-aliejus-nakvisu-aliejus\/#breadcrumb\",\"itemListElement\":[{\"@type\":\"ListItem\",\"position\":1,\"name\":\"Home\",\"item\":\"https:\/\/vitaminai.lt\/\"},{\"@type\":\"ListItem\",\"position\":2,\"name\":\"Produktai\",\"item\":\"https:\/\/vitaminai.lt\/produktai\/\"},{\"@type\":\"ListItem\",\"position\":3,\"name\":\"Nakvi\u0161\u0173 aliejus N60\"}]},{\"@type\":\"WebSite\",\"@id\":\"https:\/\/vitaminai.lt\/#website\",\"url\":\"https:\/\/vitaminai.lt\/\",\"name\":\"Vitaminai ir maisto papildai internetu | Vitaminai.lt\",\"description\":\"\",\"publisher\":{\"@id\":\"https:\/\/vitaminai.lt\/#organization\"},\"potentialAction\":[{\"@type\":\"SearchAction\",\"target\":{\"@type\":\"EntryPoint\",\"urlTemplate\":\"https:\/\/vitaminai.lt\/?s={search_term_string}\"},\"query-input\":{\"@type\":\"PropertyValueSpecification\",\"valueRequired\":true,\"valueName\":\"search_term_string\"}}],\"inLanguage\":\"en-US\"},{\"@type\":\"Organization\",\"@id\":\"https:\/\/vitaminai.lt\/#organization\",\"name\":\"Vitaminai ir maisto papildai internetu | Vitaminai.lt\",\"url\":\"https:\/\/vitaminai.lt\/\",\"logo\":{\"@type\":\"ImageObject\",\"inLanguage\":\"en-US\",\"@id\":\"https:\/\/vitaminai.lt\/#\/schema\/logo\/image\/\",\"url\":\"https:\/\/vitaminai.lt\/wp-content\/uploads\/2025\/01\/g212.png\",\"contentUrl\":\"https:\/\/vitaminai.lt\/wp-content\/uploads\/2025\/01\/g212.png\",\"width\":313,\"height\":74,\"caption\":\"Vitaminai ir maisto papildai internetu | Vitaminai.lt\"},\"image\":{\"@id\":\"https:\/\/vitaminai.lt\/#\/schema\/logo\/image\/\"},\"sameAs\":[\"https:\/\/www.facebook.com\/vitaminai\/\"]}]}<\/script>\n<!-- \/ Yoast SEO plugin. -->","yoast_head_json":{"title":"Nakvi\u0161\u0173 aliejus N60 - Vitaminai ir maisto papildai internetu | Vitaminai.lt","robots":{"index":"index","follow":"follow","max-snippet":"max-snippet:-1","max-image-preview":"max-image-preview:large","max-video-preview":"max-video-preview:-1"},"canonical":"https:\/\/vitaminai.lt\/produktas\/nakvisu-aliejus-nakvisu-aliejus\/","og_locale":"en_US","og_type":"article","og_title":"Nakvi\u0161\u0173 aliejus N60 - Vitaminai ir maisto papildai internetu | Vitaminai.lt","og_description":"NAKVI\u0160\u0172 ALIEJUS Maisto papildas | 60 kapsuli\u0173 Maisto papildas kapsul\u0117mis, skirtas kasdien\u0117s mitybos papildymui. Vienoje kapsul\u0117je yra 1000 mg nakvi\u0161\u0173 (Oenothera biennis) aliejaus, kuris papildo kasdien\u0119 mityb\u0105 omega-6 polineso\u010diosiomis riebal\u0173 r\u016bg\u0161timis. Produktas papildytas vitaminu E, kuris padeda apsaugoti l\u0105steles nuo oksidacin\u0117s pa\u017eaidos. Kod\u0117l verta rinktis Nakvi\u0161\u0173 Aliej\u0173? 1000 mg nakvi\u0161\u0173 aliejaus vienoje kapsul\u0117je omega-6 riebal\u0173 [&hellip;]","og_url":"https:\/\/vitaminai.lt\/produktas\/nakvisu-aliejus-nakvisu-aliejus\/","og_site_name":"Vitaminai ir maisto papildai internetu | Vitaminai.lt","article_publisher":"https:\/\/www.facebook.com\/vitaminai\/","article_modified_time":"2026-04-07T11:09:10+00:00","og_image":[{"width":2560,"height":2498,"url":"https:\/\/vitaminai.lt\/wp-content\/uploads\/2025\/12\/GN_Nakvisu-aliejus_250ml_190x74-mm_5-mm_1-scaled.png","type":"image\/png"}],"twitter_card":"summary_large_image","twitter_misc":{"Est. reading time":"1 minute"},"schema":{"@context":"https:\/\/schema.org","@graph":[{"@type":"WebPage","@id":"https:\/\/vitaminai.lt\/produktas\/nakvisu-aliejus-nakvisu-aliejus\/","url":"https:\/\/vitaminai.lt\/produktas\/nakvisu-aliejus-nakvisu-aliejus\/","name":"Nakvi\u0161\u0173 aliejus N60 - Vitaminai ir maisto papildai internetu | Vitaminai.lt","isPartOf":{"@id":"https:\/\/vitaminai.lt\/#website"},"primaryImageOfPage":{"@id":"https:\/\/vitaminai.lt\/produktas\/nakvisu-aliejus-nakvisu-aliejus\/#primaryimage"},"image":{"@id":"https:\/\/vitaminai.lt\/produktas\/nakvisu-aliejus-nakvisu-aliejus\/#primaryimage"},"thumbnailUrl":"https:\/\/vitaminai.lt\/wp-content\/uploads\/2025\/12\/GN_Nakvisu-aliejus_250ml_190x74-mm_5-mm_1-scaled.png","datePublished":"2025-12-19T13:29:30+00:00","dateModified":"2026-04-07T11:09:10+00:00","breadcrumb":{"@id":"https:\/\/vitaminai.lt\/produktas\/nakvisu-aliejus-nakvisu-aliejus\/#breadcrumb"},"inLanguage":"en-US","potentialAction":[{"@type":"ReadAction","target":["https:\/\/vitaminai.lt\/produktas\/nakvisu-aliejus-nakvisu-aliejus\/"]}]},{"@type":"ImageObject","inLanguage":"en-US","@id":"https:\/\/vitaminai.lt\/produktas\/nakvisu-aliejus-nakvisu-aliejus\/#primaryimage","url":"https:\/\/vitaminai.lt\/wp-content\/uploads\/2025\/12\/GN_Nakvisu-aliejus_250ml_190x74-mm_5-mm_1-scaled.png","contentUrl":"https:\/\/vitaminai.lt\/wp-content\/uploads\/2025\/12\/GN_Nakvisu-aliejus_250ml_190x74-mm_5-mm_1-scaled.png","width":2560,"height":2498},{"@type":"BreadcrumbList","@id":"https:\/\/vitaminai.lt\/produktas\/nakvisu-aliejus-nakvisu-aliejus\/#breadcrumb","itemListElement":[{"@type":"ListItem","position":1,"name":"Home","item":"https:\/\/vitaminai.lt\/"},{"@type":"ListItem","position":2,"name":"Produktai","item":"https:\/\/vitaminai.lt\/produktai\/"},{"@type":"ListItem","position":3,"name":"Nakvi\u0161\u0173 aliejus N60"}]},{"@type":"WebSite","@id":"https:\/\/vitaminai.lt\/#website","url":"https:\/\/vitaminai.lt\/","name":"Vitaminai ir maisto papildai internetu | Vitaminai.lt","description":"","publisher":{"@id":"https:\/\/vitaminai.lt\/#organization"},"potentialAction":[{"@type":"SearchAction","target":{"@type":"EntryPoint","urlTemplate":"https:\/\/vitaminai.lt\/?s={search_term_string}"},"query-input":{"@type":"PropertyValueSpecification","valueRequired":true,"valueName":"search_term_string"}}],"inLanguage":"en-US"},{"@type":"Organization","@id":"https:\/\/vitaminai.lt\/#organization","name":"Vitaminai ir maisto papildai internetu | Vitaminai.lt","url":"https:\/\/vitaminai.lt\/","logo":{"@type":"ImageObject","inLanguage":"en-US","@id":"https:\/\/vitaminai.lt\/#\/schema\/logo\/image\/","url":"https:\/\/vitaminai.lt\/wp-content\/uploads\/2025\/01\/g212.png","contentUrl":"https:\/\/vitaminai.lt\/wp-content\/uploads\/2025\/01\/g212.png","width":313,"height":74,"caption":"Vitaminai ir maisto papildai internetu | Vitaminai.lt"},"image":{"@id":"https:\/\/vitaminai.lt\/#\/schema\/logo\/image\/"},"sameAs":["https:\/\/www.facebook.com\/vitaminai\/"]}]}},"_links":{"self":[{"href":"https:\/\/vitaminai.lt\/en\/wp-json\/wp\/v2\/product\/7906","targetHints":{"allow":["GET"]}}],"collection":[{"href":"https:\/\/vitaminai.lt\/en\/wp-json\/wp\/v2\/product"}],"about":[{"href":"https:\/\/vitaminai.lt\/en\/wp-json\/wp\/v2\/types\/product"}],"replies":[{"embeddable":true,"href":"https:\/\/vitaminai.lt\/en\/wp-json\/wp\/v2\/comments?post=7906"}],"wp:featuredmedia":[{"embeddable":true,"href":"https:\/\/vitaminai.lt\/en\/wp-json\/wp\/v2\/media\/7908"}],"wp:attachment":[{"href":"https:\/\/vitaminai.lt\/en\/wp-json\/wp\/v2\/media?parent=7906"}],"wp:term":[{"taxonomy":"product_brand","embeddable":true,"href":"https:\/\/vitaminai.lt\/en\/wp-json\/wp\/v2\/product_brand?post=7906"},{"taxonomy":"product_cat","embeddable":true,"href":"https:\/\/vitaminai.lt\/en\/wp-json\/wp\/v2\/product_cat?post=7906"},{"taxonomy":"product_tag","embeddable":true,"href":"https:\/\/vitaminai.lt\/en\/wp-json\/wp\/v2\/product_tag?post=7906"}],"curies":[{"name":"wp","href":"https:\/\/api.w.org\/{rel}","templated":true}]}}