{"id":84,"date":"2024-06-05T06:10:11","date_gmt":"2024-06-05T06:10:11","guid":{"rendered":"https:\/\/vitaminai.lt\/?post_type=product&#038;p=84"},"modified":"2026-04-08T10:25:20","modified_gmt":"2026-04-08T08:25:20","slug":"b-grupes-vitaminu-kompleksas-n90","status":"publish","type":"product","link":"https:\/\/vitaminai.lt\/en\/produktas\/b-grupes-vitaminu-kompleksas-n90\/","title":{"rendered":"B grup\u0117s vitamin\u0173 kompleksas N90"},"content":{"rendered":"<h3 data-start=\"243\" data-end=\"309\">B grup\u0117s vitamin\u0173 kompleksas<\/h3>\n<h4 data-start=\"311\" data-end=\"344\"><strong data-start=\"311\" data-end=\"344\">Maisto papildas | 90 table\u010di\u0173<\/strong><\/h4>\n<hr \/>\n<p data-start=\"351\" data-end=\"408\"><strong>B grup\u0117s vitamin\u0173 kompleksas \u2013 <\/strong>maisto papildas, skirtas kasdien papildyti mityb\u0105 ir suteikti visapusi\u0161k\u0105 param\u0105 energijai, nerv\u0173 sistemai, psichologinei funkcijai, kraujodaros procesams, odos bei gleivini\u0173 b\u016bklei, hormon\u0173 reguliavimui ir bendram organizmo atsparumui.<\/p>\n<hr \/>\n<h4 data-start=\"351\" data-end=\"408\">Kasdien\u0117 parama organizmui:<\/h4>\n<p data-start=\"771\" data-end=\"920\"><strong data-start=\"771\" data-end=\"796\">Nerv\u0173 sistemos veikla<\/strong> \u2013 riboflavinas, tiaminas, niacinas, vitaminas B6, vitaminas B12 ir biotinas padeda palaikyti normali\u0105 nerv\u0173 sistemos veikl\u0105<\/p>\n<p data-start=\"922\" data-end=\"1067\"><strong data-start=\"922\" data-end=\"947\">Psichologin\u0117 funkcija<\/strong> \u2013 tiaminas, niacinas, vitaminas B6, vitaminas B12, biotinas ir foliatai padeda palaikyti normali\u0105 psichologin\u0119 funkcij\u0105<\/p>\n<p data-start=\"1069\" data-end=\"1231\"><strong data-start=\"1069\" data-end=\"1091\">Energijos apykaita<\/strong> \u2013 riboflavinas, tiaminas, niacinas, pantoteno r\u016bg\u0161tis, vitaminas B6, vitaminas B12 ir biotinas padeda palaikyti normali\u0105 energijos apykait\u0105<\/p>\n<p data-start=\"1233\" data-end=\"1385\"><strong data-start=\"1233\" data-end=\"1256\">Nuovargio ma\u017einimas<\/strong> \u2013 riboflavinas, niacinas, pantoteno r\u016bg\u0161tis, vitaminas B6, vitaminas B12 ir foliatai padeda ma\u017einti pavargimo jausm\u0105 ir nuovarg\u012f<\/p>\n<p data-start=\"1387\" data-end=\"1501\"><strong data-start=\"1387\" data-end=\"1414\">Odos ir gleivini\u0173 b\u016bkl\u0117<\/strong> \u2013 riboflavinas, niacinas ir biotinas padeda palaikyti normali\u0105 odos ir gleivini\u0173 b\u016bkl\u0119<\/p>\n<p data-start=\"1503\" data-end=\"1573\"><strong data-start=\"1503\" data-end=\"1521\">\u0160irdies veikla<\/strong> \u2013 tiaminas padeda palaikyti normali\u0105 \u0161irdies veikl\u0105<\/p>\n<p data-start=\"1575\" data-end=\"1724\"><strong data-start=\"1575\" data-end=\"1599\">Kraujodaros funkcija<\/strong> \u2013 vitaminas B6 ir vitaminas B12 padeda palaikyti normal\u0173 raudon\u0173j\u0173 kraujo k\u016bneli\u0173 susidarym\u0105, foliatai \u2013 normali\u0105 kraujodar\u0105<\/p>\n<p data-start=\"1726\" data-end=\"1893\"><strong data-start=\"1726\" data-end=\"1771\">Cisteino sintez\u0117 ir homocisteino apykaita<\/strong> \u2013 vitaminas B6 padeda palaikyti normali\u0105 cisteino sintez\u0119, vitaminas B6, B12 ir foliatai \u2013 normali\u0105 homocisteino apykait\u0105<\/p>\n<p data-start=\"1895\" data-end=\"2007\"><strong data-start=\"1895\" data-end=\"1914\">Imunin\u0117 sistema<\/strong> \u2013 vitaminas B6, vitaminas B12 ir foliatai padeda palaikyti normali\u0105 imunin\u0117s sistemos veikl\u0105<\/p>\n<p data-start=\"2009\" data-end=\"2083\"><strong data-start=\"2009\" data-end=\"2033\">Hormon\u0173 reguliavimas<\/strong> \u2013 vitaminas B6 padeda reguliuoti hormon\u0173 aktyvum\u0105<\/p>\n<p data-start=\"2085\" data-end=\"2208\"><strong data-start=\"2085\" data-end=\"2119\">Gele\u017eies apykaita ir reg\u0117jimas<\/strong> \u2013 riboflavinas padeda palaikyti normali\u0105 gele\u017eies apykait\u0105 ir i\u0161saugoti normal\u0173 reg\u0117jim\u0105<\/p>\n<hr \/>\n<p data-start=\"2562\" data-end=\"2683\"><strong data-start=\"2562\" data-end=\"2683\">Atraskite B grup\u0117s vitamin\u0173 naud\u0105 ir pasir\u016bpinkite savo energija, nerv\u0173 sistema bei psichologine pusiausvyra kasdien!<\/strong><\/p>\n","protected":false},"excerpt":{"rendered":"<p>B grup\u0117s vitamin\u0173 kompleksas Maisto papildas | 90 table\u010di\u0173 B grup\u0117s vitamin\u0173 kompleksas \u2013 maisto papildas, skirtas kasdien papildyti mityb\u0105 ir suteikti visapusi\u0161k\u0105 param\u0105 energijai, nerv\u0173 sistemai, psichologinei funkcijai, kraujodaros procesams, odos bei gleivini\u0173 b\u016bklei, hormon\u0173 reguliavimui ir bendram organizmo atsparumui. Kasdien\u0117 parama organizmui: Nerv\u0173 sistemos veikla \u2013 riboflavinas, tiaminas, niacinas, vitaminas B6, vitaminas B12 [&hellip;]<\/p>\n","protected":false},"featured_media":111,"comment_status":"open","ping_status":"closed","template":"","meta":[],"product_brand":[],"product_cat":[403,372,391,395,278,279,396,280,375,276,277,404,257,275,377,33,40,243,244,245,247,248,249,250,252,20,21,26,143,32,172,25,171,54,55,142,165,28,29,23,31,30,34,62,63,69,95],"product_tag":[],"class_list":{"0":"post-84","1":"product","2":"type-product","3":"status-publish","4":"has-post-thumbnail","6":"product_cat-11-viskam","7":"product_cat-akims-pagrindines-kategorijos","8":"product_cat-atminciai-2","9":"product_cat-b-grupes","10":"product_cat-energijos-apykaitai","11":"product_cat-hormonu-reguliavimui-privalumai","12":"product_cat-itampai-nusiraminimui","13":"product_cat-medziagu-apykaitai-privalumai","14":"product_cat-menesio-prekes","15":"product_cat-nervu-sistemai-privalumai","16":"product_cat-nuovargio-mazinimui-privalumai","17":"product_cat-papildai-susikaupimui-ir-protinei-veiklai","18":"product_cat-privalumai","19":"product_cat-protinei-veiklai-privalumai","20":"product_cat-savaites-top-pasiulymai","21":"product_cat-maisto-papildo-forma","22":"product_cat-tabletes","23":"product_cat-pagrindines-kategorijos","24":"product_cat-moterims","25":"product_cat-vyrams","26":"product_cat-energijai-pagrindines-kategorijos","27":"product_cat-imunitetui-pagrindines-kategorijos","28":"product_cat-nervu-sistemai-pagrindines-kategorijos","29":"product_cat-sirdziai","30":"product_cat-odai-pagrindines-kategorijos","31":"product_cat-paskirtis","32":"product_cat-akims","33":"product_cat-energijai","34":"product_cat-hormonu-reguliavimui","35":"product_cat-imunitetui","36":"product_cat-medziagu-apykaitai","37":"product_cat-nervu-sistemai","38":"product_cat-nuovargio-mazinimui","39":"product_cat-odai","40":"product_cat-plaukams","41":"product_cat-protinei-veiklai","42":"product_cat-psichologinei-funkcijai","43":"product_cat-sirdziai-paskirtis","44":"product_cat-moterys","45":"product_cat-paaugliai","46":"product_cat-senjorai","47":"product_cat-vyrai","48":"product_cat-veiklioji-medziaga","49":"product_cat-antioksidantai","50":"product_cat-biotinas","51":"product_cat-folio-rugstis","52":"product_cat-vitaminas-b","54":"first","55":"instock","56":"shipping-taxable","57":"purchasable","58":"product-type-simple"},"yoast_head":"<!-- This site is optimized with the Yoast SEO plugin v26.6 - https:\/\/yoast.com\/wordpress\/plugins\/seo\/ -->\n<title>B grup\u0117s vitamin\u0173 kompleksas N90 - Vitaminai ir maisto papildai internetu | Vitaminai.lt<\/title>\n<meta name=\"robots\" content=\"index, follow, max-snippet:-1, max-image-preview:large, max-video-preview:-1\" \/>\n<link rel=\"canonical\" href=\"https:\/\/vitaminai.lt\/produktas\/b-grupes-vitaminu-kompleksas-n90\/\" \/>\n<meta property=\"og:locale\" content=\"en_US\" \/>\n<meta property=\"og:type\" content=\"article\" \/>\n<meta property=\"og:title\" content=\"B grup\u0117s vitamin\u0173 kompleksas N90 - Vitaminai ir maisto papildai internetu | Vitaminai.lt\" \/>\n<meta property=\"og:description\" content=\"B grup\u0117s vitamin\u0173 kompleksas Maisto papildas | 90 table\u010di\u0173 B grup\u0117s vitamin\u0173 kompleksas \u2013 maisto papildas, skirtas kasdien papildyti mityb\u0105 ir suteikti visapusi\u0161k\u0105 param\u0105 energijai, nerv\u0173 sistemai, psichologinei funkcijai, kraujodaros procesams, odos bei gleivini\u0173 b\u016bklei, hormon\u0173 reguliavimui ir bendram organizmo atsparumui. Kasdien\u0117 parama organizmui: Nerv\u0173 sistemos veikla \u2013 riboflavinas, tiaminas, niacinas, vitaminas B6, vitaminas B12 [&hellip;]\" \/>\n<meta property=\"og:url\" content=\"https:\/\/vitaminai.lt\/produktas\/b-grupes-vitaminu-kompleksas-n90\/\" \/>\n<meta property=\"og:site_name\" content=\"Vitaminai ir maisto papildai internetu | Vitaminai.lt\" \/>\n<meta property=\"article:publisher\" content=\"https:\/\/www.facebook.com\/vitaminai\/\" \/>\n<meta property=\"article:modified_time\" content=\"2026-04-08T08:25:20+00:00\" \/>\n<meta property=\"og:image\" content=\"https:\/\/vitaminai.lt\/wp-content\/uploads\/2024\/06\/B-grupes-kompleksas.png\" \/>\n\t<meta property=\"og:image:width\" content=\"3001\" \/>\n\t<meta property=\"og:image:height\" content=\"2928\" \/>\n\t<meta property=\"og:image:type\" content=\"image\/png\" \/>\n<meta name=\"twitter:card\" content=\"summary_large_image\" \/>\n<meta name=\"twitter:label1\" content=\"Est. reading time\" \/>\n\t<meta name=\"twitter:data1\" content=\"2 minutes\" \/>\n<script type=\"application\/ld+json\" class=\"yoast-schema-graph\">{\"@context\":\"https:\/\/schema.org\",\"@graph\":[{\"@type\":\"WebPage\",\"@id\":\"https:\/\/vitaminai.lt\/produktas\/b-grupes-vitaminu-kompleksas-n90\/\",\"url\":\"https:\/\/vitaminai.lt\/produktas\/b-grupes-vitaminu-kompleksas-n90\/\",\"name\":\"B grup\u0117s vitamin\u0173 kompleksas N90 - Vitaminai ir maisto papildai internetu | Vitaminai.lt\",\"isPartOf\":{\"@id\":\"https:\/\/vitaminai.lt\/#website\"},\"primaryImageOfPage\":{\"@id\":\"https:\/\/vitaminai.lt\/produktas\/b-grupes-vitaminu-kompleksas-n90\/#primaryimage\"},\"image\":{\"@id\":\"https:\/\/vitaminai.lt\/produktas\/b-grupes-vitaminu-kompleksas-n90\/#primaryimage\"},\"thumbnailUrl\":\"https:\/\/vitaminai.lt\/wp-content\/uploads\/2024\/06\/B-grupes-kompleksas.png\",\"datePublished\":\"2024-06-05T06:10:11+00:00\",\"dateModified\":\"2026-04-08T08:25:20+00:00\",\"breadcrumb\":{\"@id\":\"https:\/\/vitaminai.lt\/produktas\/b-grupes-vitaminu-kompleksas-n90\/#breadcrumb\"},\"inLanguage\":\"en-US\",\"potentialAction\":[{\"@type\":\"ReadAction\",\"target\":[\"https:\/\/vitaminai.lt\/produktas\/b-grupes-vitaminu-kompleksas-n90\/\"]}]},{\"@type\":\"ImageObject\",\"inLanguage\":\"en-US\",\"@id\":\"https:\/\/vitaminai.lt\/produktas\/b-grupes-vitaminu-kompleksas-n90\/#primaryimage\",\"url\":\"https:\/\/vitaminai.lt\/wp-content\/uploads\/2024\/06\/B-grupes-kompleksas.png\",\"contentUrl\":\"https:\/\/vitaminai.lt\/wp-content\/uploads\/2024\/06\/B-grupes-kompleksas.png\",\"width\":3001,\"height\":2928},{\"@type\":\"BreadcrumbList\",\"@id\":\"https:\/\/vitaminai.lt\/produktas\/b-grupes-vitaminu-kompleksas-n90\/#breadcrumb\",\"itemListElement\":[{\"@type\":\"ListItem\",\"position\":1,\"name\":\"Home\",\"item\":\"https:\/\/vitaminai.lt\/\"},{\"@type\":\"ListItem\",\"position\":2,\"name\":\"Produktai\",\"item\":\"https:\/\/vitaminai.lt\/produktai\/\"},{\"@type\":\"ListItem\",\"position\":3,\"name\":\"B grup\u0117s vitamin\u0173 kompleksas N90\"}]},{\"@type\":\"WebSite\",\"@id\":\"https:\/\/vitaminai.lt\/#website\",\"url\":\"https:\/\/vitaminai.lt\/\",\"name\":\"Vitaminai ir maisto papildai internetu | Vitaminai.lt\",\"description\":\"\",\"publisher\":{\"@id\":\"https:\/\/vitaminai.lt\/#organization\"},\"potentialAction\":[{\"@type\":\"SearchAction\",\"target\":{\"@type\":\"EntryPoint\",\"urlTemplate\":\"https:\/\/vitaminai.lt\/?s={search_term_string}\"},\"query-input\":{\"@type\":\"PropertyValueSpecification\",\"valueRequired\":true,\"valueName\":\"search_term_string\"}}],\"inLanguage\":\"en-US\"},{\"@type\":\"Organization\",\"@id\":\"https:\/\/vitaminai.lt\/#organization\",\"name\":\"Vitaminai ir maisto papildai internetu | Vitaminai.lt\",\"url\":\"https:\/\/vitaminai.lt\/\",\"logo\":{\"@type\":\"ImageObject\",\"inLanguage\":\"en-US\",\"@id\":\"https:\/\/vitaminai.lt\/#\/schema\/logo\/image\/\",\"url\":\"https:\/\/vitaminai.lt\/wp-content\/uploads\/2025\/01\/g212.png\",\"contentUrl\":\"https:\/\/vitaminai.lt\/wp-content\/uploads\/2025\/01\/g212.png\",\"width\":313,\"height\":74,\"caption\":\"Vitaminai ir maisto papildai internetu | Vitaminai.lt\"},\"image\":{\"@id\":\"https:\/\/vitaminai.lt\/#\/schema\/logo\/image\/\"},\"sameAs\":[\"https:\/\/www.facebook.com\/vitaminai\/\"]}]}<\/script>\n<!-- \/ Yoast SEO plugin. -->","yoast_head_json":{"title":"B grup\u0117s vitamin\u0173 kompleksas N90 - Vitaminai ir maisto papildai internetu | Vitaminai.lt","robots":{"index":"index","follow":"follow","max-snippet":"max-snippet:-1","max-image-preview":"max-image-preview:large","max-video-preview":"max-video-preview:-1"},"canonical":"https:\/\/vitaminai.lt\/produktas\/b-grupes-vitaminu-kompleksas-n90\/","og_locale":"en_US","og_type":"article","og_title":"B grup\u0117s vitamin\u0173 kompleksas N90 - Vitaminai ir maisto papildai internetu | Vitaminai.lt","og_description":"B grup\u0117s vitamin\u0173 kompleksas Maisto papildas | 90 table\u010di\u0173 B grup\u0117s vitamin\u0173 kompleksas \u2013 maisto papildas, skirtas kasdien papildyti mityb\u0105 ir suteikti visapusi\u0161k\u0105 param\u0105 energijai, nerv\u0173 sistemai, psichologinei funkcijai, kraujodaros procesams, odos bei gleivini\u0173 b\u016bklei, hormon\u0173 reguliavimui ir bendram organizmo atsparumui. Kasdien\u0117 parama organizmui: Nerv\u0173 sistemos veikla \u2013 riboflavinas, tiaminas, niacinas, vitaminas B6, vitaminas B12 [&hellip;]","og_url":"https:\/\/vitaminai.lt\/produktas\/b-grupes-vitaminu-kompleksas-n90\/","og_site_name":"Vitaminai ir maisto papildai internetu | Vitaminai.lt","article_publisher":"https:\/\/www.facebook.com\/vitaminai\/","article_modified_time":"2026-04-08T08:25:20+00:00","og_image":[{"width":3001,"height":2928,"url":"https:\/\/vitaminai.lt\/wp-content\/uploads\/2024\/06\/B-grupes-kompleksas.png","type":"image\/png"}],"twitter_card":"summary_large_image","twitter_misc":{"Est. reading time":"2 minutes"},"schema":{"@context":"https:\/\/schema.org","@graph":[{"@type":"WebPage","@id":"https:\/\/vitaminai.lt\/produktas\/b-grupes-vitaminu-kompleksas-n90\/","url":"https:\/\/vitaminai.lt\/produktas\/b-grupes-vitaminu-kompleksas-n90\/","name":"B grup\u0117s vitamin\u0173 kompleksas N90 - Vitaminai ir maisto papildai internetu | Vitaminai.lt","isPartOf":{"@id":"https:\/\/vitaminai.lt\/#website"},"primaryImageOfPage":{"@id":"https:\/\/vitaminai.lt\/produktas\/b-grupes-vitaminu-kompleksas-n90\/#primaryimage"},"image":{"@id":"https:\/\/vitaminai.lt\/produktas\/b-grupes-vitaminu-kompleksas-n90\/#primaryimage"},"thumbnailUrl":"https:\/\/vitaminai.lt\/wp-content\/uploads\/2024\/06\/B-grupes-kompleksas.png","datePublished":"2024-06-05T06:10:11+00:00","dateModified":"2026-04-08T08:25:20+00:00","breadcrumb":{"@id":"https:\/\/vitaminai.lt\/produktas\/b-grupes-vitaminu-kompleksas-n90\/#breadcrumb"},"inLanguage":"en-US","potentialAction":[{"@type":"ReadAction","target":["https:\/\/vitaminai.lt\/produktas\/b-grupes-vitaminu-kompleksas-n90\/"]}]},{"@type":"ImageObject","inLanguage":"en-US","@id":"https:\/\/vitaminai.lt\/produktas\/b-grupes-vitaminu-kompleksas-n90\/#primaryimage","url":"https:\/\/vitaminai.lt\/wp-content\/uploads\/2024\/06\/B-grupes-kompleksas.png","contentUrl":"https:\/\/vitaminai.lt\/wp-content\/uploads\/2024\/06\/B-grupes-kompleksas.png","width":3001,"height":2928},{"@type":"BreadcrumbList","@id":"https:\/\/vitaminai.lt\/produktas\/b-grupes-vitaminu-kompleksas-n90\/#breadcrumb","itemListElement":[{"@type":"ListItem","position":1,"name":"Home","item":"https:\/\/vitaminai.lt\/"},{"@type":"ListItem","position":2,"name":"Produktai","item":"https:\/\/vitaminai.lt\/produktai\/"},{"@type":"ListItem","position":3,"name":"B grup\u0117s vitamin\u0173 kompleksas N90"}]},{"@type":"WebSite","@id":"https:\/\/vitaminai.lt\/#website","url":"https:\/\/vitaminai.lt\/","name":"Vitaminai ir maisto papildai internetu | Vitaminai.lt","description":"","publisher":{"@id":"https:\/\/vitaminai.lt\/#organization"},"potentialAction":[{"@type":"SearchAction","target":{"@type":"EntryPoint","urlTemplate":"https:\/\/vitaminai.lt\/?s={search_term_string}"},"query-input":{"@type":"PropertyValueSpecification","valueRequired":true,"valueName":"search_term_string"}}],"inLanguage":"en-US"},{"@type":"Organization","@id":"https:\/\/vitaminai.lt\/#organization","name":"Vitaminai ir maisto papildai internetu | Vitaminai.lt","url":"https:\/\/vitaminai.lt\/","logo":{"@type":"ImageObject","inLanguage":"en-US","@id":"https:\/\/vitaminai.lt\/#\/schema\/logo\/image\/","url":"https:\/\/vitaminai.lt\/wp-content\/uploads\/2025\/01\/g212.png","contentUrl":"https:\/\/vitaminai.lt\/wp-content\/uploads\/2025\/01\/g212.png","width":313,"height":74,"caption":"Vitaminai ir maisto papildai internetu | Vitaminai.lt"},"image":{"@id":"https:\/\/vitaminai.lt\/#\/schema\/logo\/image\/"},"sameAs":["https:\/\/www.facebook.com\/vitaminai\/"]}]}},"_links":{"self":[{"href":"https:\/\/vitaminai.lt\/en\/wp-json\/wp\/v2\/product\/84","targetHints":{"allow":["GET"]}}],"collection":[{"href":"https:\/\/vitaminai.lt\/en\/wp-json\/wp\/v2\/product"}],"about":[{"href":"https:\/\/vitaminai.lt\/en\/wp-json\/wp\/v2\/types\/product"}],"replies":[{"embeddable":true,"href":"https:\/\/vitaminai.lt\/en\/wp-json\/wp\/v2\/comments?post=84"}],"wp:featuredmedia":[{"embeddable":true,"href":"https:\/\/vitaminai.lt\/en\/wp-json\/wp\/v2\/media\/111"}],"wp:attachment":[{"href":"https:\/\/vitaminai.lt\/en\/wp-json\/wp\/v2\/media?parent=84"}],"wp:term":[{"taxonomy":"product_brand","embeddable":true,"href":"https:\/\/vitaminai.lt\/en\/wp-json\/wp\/v2\/product_brand?post=84"},{"taxonomy":"product_cat","embeddable":true,"href":"https:\/\/vitaminai.lt\/en\/wp-json\/wp\/v2\/product_cat?post=84"},{"taxonomy":"product_tag","embeddable":true,"href":"https:\/\/vitaminai.lt\/en\/wp-json\/wp\/v2\/product_tag?post=84"}],"curies":[{"name":"wp","href":"https:\/\/api.w.org\/{rel}","templated":true}]}}