{"id":9214,"date":"2026-01-22T15:42:27","date_gmt":"2026-01-22T13:42:27","guid":{"rendered":"https:\/\/vitaminai.lt\/?post_type=product&#038;p=9214"},"modified":"2026-04-07T13:08:12","modified_gmt":"2026-04-07T11:08:12","slug":"jurinis-kolagenas-peptan-12-000-su-biotinu-vysniu-skonio","status":"publish","type":"product","link":"https:\/\/vitaminai.lt\/en\/produktas\/jurinis-kolagenas-peptan-12-000-su-biotinu-vysniu-skonio\/","title":{"rendered":"J\u016brinis kolagenas PEPTAN\u00ae 12 000 su biotinu \u2013 vy\u0161ni\u0173 skonio"},"content":{"rendered":"<h3 data-start=\"174\" data-end=\"222\">J\u016aRINIS KOLAGENAS PEPTAN\u00ae 12000 SU BIOTINU<\/h3>\n<p><strong>Maisto papildas | \u00a015 dien\u0173 pakuot\u0117 | Vy\u0161ni\u0173 skonio\u00a0<\/strong><\/p>\n<p data-start=\"217\" data-end=\"277\"><strong>Auk\u0161tos klas\u0117s formul\u0117 odai, plaukams, s\u0105nariams ir kaulams.<\/strong><\/p>\n<hr \/>\n<p><strong>\u201eJ\u016brinis Peptan\u00ae kolagenas 12 000 su biotinu\u201c \u2013 <\/strong>tirp\u016bs vy\u0161ni\u0173 skonio kolageno milteliai, be dirbtini\u0173 da\u017eikli\u0173 ir dirbtini\u0173 kvapi\u0173j\u0173 med\u017eiag\u0173, sukurti J\u016bs\u0173 gro\u017eiui bei s\u0105nari\u0173 funkcionalumui palaikyti. \u0160is maisto papildas apjungia kolageno, hialurono r\u016bg\u0161ties, biotino ir vitamino C naud\u0105, kad J\u016bs\u0173 oda, plaukai, s\u0105nariai bei viso organizmo gera savijauta b\u016bt\u0173 tinkamai puosel\u0117jama kiekvien\u0105 dien\u0105.<\/p>\n<p data-start=\"662\" data-end=\"908\">Formul\u0117je esantis j\u016brin\u0117s kilm\u0117s kolagenas\u00a0<strong>PEPTAN\u00ae<\/strong>\u00a0(12 000 mg vienoje porcijoje) i\u0161gaunamas pa\u017eangia fermentin\u0117s hidroliz\u0117s technologija, kuri leid\u017eia gauti ma\u017eos molekulin\u0117s mas\u0117s kolageno peptidus \u2013 greitai ir efektyviai \u012fsisavinamus organizmo.<\/p>\n<p data-start=\"910\" data-end=\"1042\">\u0160velnus nat\u016bralus <strong>vy\u0161ni\u0173\u00a0skonis<\/strong> suteikia gaiv\u0173 vartojimo poj\u016bt\u012f, o sud\u0117tis be dirbtini\u0173 kvapi\u0173j\u0173 med\u017eiag\u0173, dirbtini\u0173 da\u017eikli\u0173 atspindi auk\u0161t\u0105 kokyb\u0119.<\/p>\n<hr \/>\n<p><strong>Pagrindin\u0117s sudedamosios dalys ir j\u0173 poveikis:<\/strong><\/p>\n<p data-start=\"1096\" data-end=\"1137\"><strong data-start=\"1096\" data-end=\"1137\">J\u016brinis kolagenas PEPTAN\u00ae (12 000 mg)<\/strong><\/p>\n<p data-start=\"1139\" data-end=\"1335\">Nat\u016bralios kilm\u0117s<strong>\u00a0I ir III tipo<\/strong>\u00a0kolagenas, i\u0161gaunamas pa\u017eangia fermentin\u0117s hidroliz\u0117s technologija, kuri leid\u017eia gauti ma\u017eos molekulin\u0117s mas\u0117s kolageno peptidus, efektyviau \u012fsisavinamus organizme.<\/p>\n<p data-start=\"1337\" data-end=\"1541\"><strong>Kolagenas<\/strong>\u00a0\u2013 tai baltymas, sudarantis didel\u0119 dal\u012f \u017emogaus organizmo jungiam\u0173j\u0173 audini\u0173.\u00a0<strong>I tipo<\/strong>\u00a0kolagenas daugiausia aptinkamas kauluose, odoje ir sausgysl\u0117se, o\u00a0<strong>III tipo<\/strong>\u00a0kolagenas \u2013 odoje ir kraujagysl\u0117se.<\/p>\n<p data-start=\"1543\" data-end=\"1825\">Su am\u017eiumi, da\u017eniausiai nuo ma\u017edaug 25 met\u0173, nat\u016brali kolageno sintez\u0117 organizme palaipsniui ma\u017e\u0117ja. D\u0117l \u0161i\u0173 poky\u010di\u0173 oda laikui b\u0117gant gali prarasti elastingum\u0105, tapti sausesn\u0117, atsirasti rauk\u0161li\u0173, o s\u0105nariai ir kaulai \u2013 tapti trapesni, kartais pasirei\u0161kia ir jud\u0117jimo diskomfortas.<\/p>\n<hr \/>\n<p data-start=\"1827\" data-end=\"1854\"><strong data-start=\"1827\" data-end=\"1854\">Biotinas (vitaminas B7)<\/strong><\/p>\n<p data-start=\"1856\" data-end=\"1948\">Da\u017enai vadinamas \u201egro\u017eio vitaminu\u201c, b\u016btinas odos, plauk\u0173 ir nag\u0173 normaliai b\u016bklei palaikyti.<\/p>\n<p data-start=\"1950\" data-end=\"2130\">Palaiko normali\u0105 odos ir plauk\u0173 b\u016bkl\u0119.<\/p>\n<p data-start=\"1950\" data-end=\"2130\">Prisideda prie energijos gamybos ir med\u017eiag\u0173 apykaitos proces\u0173.<\/p>\n<p data-start=\"1950\" data-end=\"2130\">Padeda palaikyti normali\u0105 nerv\u0173 sistemos veikl\u0105 ir psichologin\u0119 funkcij\u0105.<\/p>\n<hr \/>\n<p data-start=\"2132\" data-end=\"2147\"><strong data-start=\"2132\" data-end=\"2147\">Vitaminas C<\/strong><\/p>\n<p data-start=\"2149\" data-end=\"2222\">Esminis vitaminas, b\u016btinas kolageno sintezei ir antioksidacinei apsaugai.<\/p>\n<p data-start=\"2149\" data-end=\"2222\">Padeda gamintis kolagenui, reikalingam odos, kraujagysli\u0173 ir kremzli\u0173 funkcijai.<\/p>\n<p data-start=\"2149\" data-end=\"2222\">Saugo l\u0105steles nuo oksidacinio streso ir ma\u017eina nuovarg\u012f.<\/p>\n<p data-start=\"2149\" data-end=\"2222\">Padeda palaikyti normali\u0105 imunin\u0119 sistem\u0105 ir bendr\u0105 organizmo atsparum\u0105.<\/p>\n<hr \/>\n<p data-start=\"2441\" data-end=\"2462\"><strong data-start=\"2441\" data-end=\"2462\">Hialurono r\u016bg\u0161tis<\/strong><\/p>\n<p data-start=\"2464\" data-end=\"2628\">Tai nat\u016braliai \u017emogaus organizme randama med\u017eiaga, priklausanti polisacharid\u0173 (gliukozaminoglikan\u0173) grupei ir\u00a0<strong>pasi\u017eyminti geb\u0117jimu pritraukti bei sulaikyti vanden\u012f.<\/strong><\/p>\n<p data-start=\"2630\" data-end=\"2746\">Did\u017eiausi hialurono r\u016bg\u0161ties kiekiai organizme aptinkami odoje, kremzl\u0117se, jungiamuosiuose audiniuose ir s\u0105nariuose.<\/p>\n<p data-start=\"2748\" data-end=\"3023\">Su am\u017eiumi, taip pat veikiant hormoniniams poky\u010diams ar nevisavertei mitybai, hialurono r\u016bg\u0161ties kiekis organizme gali palaipsniui ma\u017e\u0117ti. D\u0117l \u0161i\u0173 poky\u010di\u0173 oda gali tapti sausesn\u0117, suma\u017e\u0117ti jos elastingumas, o s\u0105nariai tapti standesni, kartais pasirei\u0161kia diskomfortas judant.<\/p>\n<hr \/>\n<p data-start=\"3025\" data-end=\"3049\"><strong data-start=\"3025\" data-end=\"3049\">Kod\u0117l verta rinktis?<\/strong><\/p>\n<p data-start=\"3051\" data-end=\"3463\">Auk\u0161tos kokyb\u0117s j\u016brinis kolagenas PEPTAN\u00ae<\/p>\n<p data-start=\"3051\" data-end=\"3463\">Didel\u0117 veikli\u0173j\u0173 med\u017eiag\u0173 koncentracija \u2013 12 000 mg kolageno vienoje porcijoje.<\/p>\n<p data-start=\"3051\" data-end=\"3463\">Be dirbtini\u0173 da\u017eikli\u0173, dirbtini\u0173 kvapi\u0173j\u0173 med\u017eiag\u0173, laktoz\u0117s ir GMO \u2013 kruop\u0161\u010diai atrinkti ingredientai.<\/p>\n<p data-start=\"3051\" data-end=\"3463\">Gaivus vy\u0161ni\u0173 skonis \u2013 malonus vartoti kasdien.<\/p>\n<p data-start=\"3051\" data-end=\"3463\">Lengvai tirpstantys milteliai \u2013 patogu naudoti su vandeniu ar sultimis.<\/p>\n<p data-start=\"3051\" data-end=\"3463\">Pagaminta ES, laikantis auk\u0161\u010diausi\u0173 kokyb\u0117s ir saugumo standart\u0173 (ISO, HACCP, GMP).<\/p>\n","protected":false},"excerpt":{"rendered":"<p>J\u016aRINIS KOLAGENAS PEPTAN\u00ae 12000 SU BIOTINU Maisto papildas | \u00a015 dien\u0173 pakuot\u0117 | Vy\u0161ni\u0173 skonio\u00a0 Auk\u0161tos klas\u0117s formul\u0117 odai, plaukams, s\u0105nariams ir kaulams. \u201eJ\u016brinis Peptan\u00ae kolagenas 12 000 su biotinu\u201c \u2013 tirp\u016bs vy\u0161ni\u0173 skonio kolageno milteliai, be dirbtini\u0173 da\u017eikli\u0173 ir dirbtini\u0173 kvapi\u0173j\u0173 med\u017eiag\u0173, sukurti J\u016bs\u0173 gro\u017eiui bei s\u0105nari\u0173 funkcionalumui palaikyti. \u0160is maisto papildas apjungia kolageno, [&hellip;]<\/p>\n","protected":false},"featured_media":10269,"comment_status":"open","ping_status":"closed","template":"","meta":[],"product_brand":[],"product_cat":[263,295,398,283,316,257,367,368,15,33,42,243,244,245,246,247,252,253,20,26,47,147,177,193,52,54,174,55,56,57,18,29,23,31,30,34,138,63,73,237,238,149,157,80],"product_tag":[],"class_list":{"0":"post-9214","1":"product","2":"type-product","3":"status-publish","4":"has-post-thumbnail","6":"product_cat-groziui-privalumai","7":"product_cat-judejimui","8":"product_cat-kolagenai","9":"product_cat-odos-buklei","10":"product_cat-organizmo-apsaugai-privalumai","11":"product_cat-privalumai","12":"product_cat-sanariams-pagrindines-kategorijos","13":"product_cat-sportuojantiems-pagrindines-kategorijos","14":"product_cat-uncategorized","15":"product_cat-maisto-papildo-forma","16":"product_cat-milteliai","17":"product_cat-pagrindines-kategorijos","18":"product_cat-moterims","19":"product_cat-vyrams","20":"product_cat-groziui-2","21":"product_cat-energijai-pagrindines-kategorijos","22":"product_cat-odai-pagrindines-kategorijos","23":"product_cat-plaukams-pagrindines-kategorijos","24":"product_cat-paskirtis","25":"product_cat-energijai","26":"product_cat-groziui","27":"product_cat-kolageno-sintezei","28":"product_cat-kolageno-susidarymui","29":"product_cat-kraujodarai","30":"product_cat-nagams","31":"product_cat-odai","32":"product_cat-organizmo-apsaugai","33":"product_cat-plaukams","34":"product_cat-raumenims","35":"product_cat-sanariams","36":"product_cat-vartotojas","37":"product_cat-moterys","38":"product_cat-paaugliai","39":"product_cat-senjorai","40":"product_cat-vyrai","41":"product_cat-veiklioji-medziaga","42":"product_cat-acerola-vysniu-ekstraktas","43":"product_cat-biotinas","44":"product_cat-hialurono-rugst","45":"product_cat-hidrolizuotas-i-tipo-kolagenas","46":"product_cat-hidrolizuotas-ii-tipo-kolagenas","47":"product_cat-hidrolizuotas-jurinis-kolagenas","48":"product_cat-hidrolizuotas-zuvu-kolagenas","49":"product_cat-kolagenas","51":"first","52":"instock","53":"shipping-taxable","54":"purchasable","55":"product-type-simple"},"yoast_head":"<!-- This site is optimized with the Yoast SEO plugin v26.6 - https:\/\/yoast.com\/wordpress\/plugins\/seo\/ -->\n<title>J\u016brinis kolagenas PEPTAN\u00ae 12 000 su biotinu \u2013 vy\u0161ni\u0173 skonio - Vitaminai ir maisto papildai internetu | Vitaminai.lt<\/title>\n<meta name=\"robots\" content=\"index, follow, max-snippet:-1, max-image-preview:large, max-video-preview:-1\" \/>\n<link rel=\"canonical\" href=\"https:\/\/vitaminai.lt\/produktas\/jurinis-kolagenas-peptan-12-000-su-biotinu-vysniu-skonio\/\" \/>\n<meta property=\"og:locale\" content=\"en_US\" \/>\n<meta property=\"og:type\" content=\"article\" \/>\n<meta property=\"og:title\" content=\"J\u016brinis kolagenas PEPTAN\u00ae 12 000 su biotinu \u2013 vy\u0161ni\u0173 skonio - Vitaminai ir maisto papildai internetu | Vitaminai.lt\" \/>\n<meta property=\"og:description\" content=\"J\u016aRINIS KOLAGENAS PEPTAN\u00ae 12000 SU BIOTINU Maisto papildas | \u00a015 dien\u0173 pakuot\u0117 | Vy\u0161ni\u0173 skonio\u00a0 Auk\u0161tos klas\u0117s formul\u0117 odai, plaukams, s\u0105nariams ir kaulams. \u201eJ\u016brinis Peptan\u00ae kolagenas 12 000 su biotinu\u201c \u2013 tirp\u016bs vy\u0161ni\u0173 skonio kolageno milteliai, be dirbtini\u0173 da\u017eikli\u0173 ir dirbtini\u0173 kvapi\u0173j\u0173 med\u017eiag\u0173, sukurti J\u016bs\u0173 gro\u017eiui bei s\u0105nari\u0173 funkcionalumui palaikyti. \u0160is maisto papildas apjungia kolageno, [&hellip;]\" \/>\n<meta property=\"og:url\" content=\"https:\/\/vitaminai.lt\/produktas\/jurinis-kolagenas-peptan-12-000-su-biotinu-vysniu-skonio\/\" \/>\n<meta property=\"og:site_name\" content=\"Vitaminai ir maisto papildai internetu | Vitaminai.lt\" \/>\n<meta property=\"article:publisher\" content=\"https:\/\/www.facebook.com\/vitaminai\/\" \/>\n<meta property=\"article:modified_time\" content=\"2026-04-07T11:08:12+00:00\" \/>\n<meta property=\"og:image\" content=\"https:\/\/vitaminai.lt\/wp-content\/uploads\/2026\/01\/Collagen-12-000_vysnia-priekis_03_05.png\" \/>\n\t<meta property=\"og:image:width\" content=\"1500\" \/>\n\t<meta property=\"og:image:height\" content=\"1455\" \/>\n\t<meta property=\"og:image:type\" content=\"image\/png\" \/>\n<meta name=\"twitter:card\" content=\"summary_large_image\" \/>\n<meta name=\"twitter:label1\" content=\"Est. reading time\" \/>\n\t<meta name=\"twitter:data1\" content=\"3 minutes\" \/>\n<script type=\"application\/ld+json\" class=\"yoast-schema-graph\">{\"@context\":\"https:\/\/schema.org\",\"@graph\":[{\"@type\":\"WebPage\",\"@id\":\"https:\/\/vitaminai.lt\/produktas\/jurinis-kolagenas-peptan-12-000-su-biotinu-vysniu-skonio\/\",\"url\":\"https:\/\/vitaminai.lt\/produktas\/jurinis-kolagenas-peptan-12-000-su-biotinu-vysniu-skonio\/\",\"name\":\"J\u016brinis kolagenas PEPTAN\u00ae 12 000 su biotinu \u2013 vy\u0161ni\u0173 skonio - Vitaminai ir maisto papildai internetu | Vitaminai.lt\",\"isPartOf\":{\"@id\":\"https:\/\/vitaminai.lt\/#website\"},\"primaryImageOfPage\":{\"@id\":\"https:\/\/vitaminai.lt\/produktas\/jurinis-kolagenas-peptan-12-000-su-biotinu-vysniu-skonio\/#primaryimage\"},\"image\":{\"@id\":\"https:\/\/vitaminai.lt\/produktas\/jurinis-kolagenas-peptan-12-000-su-biotinu-vysniu-skonio\/#primaryimage\"},\"thumbnailUrl\":\"https:\/\/vitaminai.lt\/wp-content\/uploads\/2026\/01\/Collagen-12-000_vysnia-priekis_03_05.png\",\"datePublished\":\"2026-01-22T13:42:27+00:00\",\"dateModified\":\"2026-04-07T11:08:12+00:00\",\"breadcrumb\":{\"@id\":\"https:\/\/vitaminai.lt\/produktas\/jurinis-kolagenas-peptan-12-000-su-biotinu-vysniu-skonio\/#breadcrumb\"},\"inLanguage\":\"en-US\",\"potentialAction\":[{\"@type\":\"ReadAction\",\"target\":[\"https:\/\/vitaminai.lt\/produktas\/jurinis-kolagenas-peptan-12-000-su-biotinu-vysniu-skonio\/\"]}]},{\"@type\":\"ImageObject\",\"inLanguage\":\"en-US\",\"@id\":\"https:\/\/vitaminai.lt\/produktas\/jurinis-kolagenas-peptan-12-000-su-biotinu-vysniu-skonio\/#primaryimage\",\"url\":\"https:\/\/vitaminai.lt\/wp-content\/uploads\/2026\/01\/Collagen-12-000_vysnia-priekis_03_05.png\",\"contentUrl\":\"https:\/\/vitaminai.lt\/wp-content\/uploads\/2026\/01\/Collagen-12-000_vysnia-priekis_03_05.png\",\"width\":1500,\"height\":1455},{\"@type\":\"BreadcrumbList\",\"@id\":\"https:\/\/vitaminai.lt\/produktas\/jurinis-kolagenas-peptan-12-000-su-biotinu-vysniu-skonio\/#breadcrumb\",\"itemListElement\":[{\"@type\":\"ListItem\",\"position\":1,\"name\":\"Home\",\"item\":\"https:\/\/vitaminai.lt\/\"},{\"@type\":\"ListItem\",\"position\":2,\"name\":\"Produktai\",\"item\":\"https:\/\/vitaminai.lt\/produktai\/\"},{\"@type\":\"ListItem\",\"position\":3,\"name\":\"J\u016brinis kolagenas PEPTAN\u00ae 12 000 su biotinu \u2013 vy\u0161ni\u0173 skonio\"}]},{\"@type\":\"WebSite\",\"@id\":\"https:\/\/vitaminai.lt\/#website\",\"url\":\"https:\/\/vitaminai.lt\/\",\"name\":\"Vitaminai ir maisto papildai internetu | Vitaminai.lt\",\"description\":\"\",\"publisher\":{\"@id\":\"https:\/\/vitaminai.lt\/#organization\"},\"potentialAction\":[{\"@type\":\"SearchAction\",\"target\":{\"@type\":\"EntryPoint\",\"urlTemplate\":\"https:\/\/vitaminai.lt\/?s={search_term_string}\"},\"query-input\":{\"@type\":\"PropertyValueSpecification\",\"valueRequired\":true,\"valueName\":\"search_term_string\"}}],\"inLanguage\":\"en-US\"},{\"@type\":\"Organization\",\"@id\":\"https:\/\/vitaminai.lt\/#organization\",\"name\":\"Vitaminai ir maisto papildai internetu | Vitaminai.lt\",\"url\":\"https:\/\/vitaminai.lt\/\",\"logo\":{\"@type\":\"ImageObject\",\"inLanguage\":\"en-US\",\"@id\":\"https:\/\/vitaminai.lt\/#\/schema\/logo\/image\/\",\"url\":\"https:\/\/vitaminai.lt\/wp-content\/uploads\/2025\/01\/g212.png\",\"contentUrl\":\"https:\/\/vitaminai.lt\/wp-content\/uploads\/2025\/01\/g212.png\",\"width\":313,\"height\":74,\"caption\":\"Vitaminai ir maisto papildai internetu | Vitaminai.lt\"},\"image\":{\"@id\":\"https:\/\/vitaminai.lt\/#\/schema\/logo\/image\/\"},\"sameAs\":[\"https:\/\/www.facebook.com\/vitaminai\/\"]}]}<\/script>\n<!-- \/ Yoast SEO plugin. -->","yoast_head_json":{"title":"J\u016brinis kolagenas PEPTAN\u00ae 12 000 su biotinu \u2013 vy\u0161ni\u0173 skonio - Vitaminai ir maisto papildai internetu | Vitaminai.lt","robots":{"index":"index","follow":"follow","max-snippet":"max-snippet:-1","max-image-preview":"max-image-preview:large","max-video-preview":"max-video-preview:-1"},"canonical":"https:\/\/vitaminai.lt\/produktas\/jurinis-kolagenas-peptan-12-000-su-biotinu-vysniu-skonio\/","og_locale":"en_US","og_type":"article","og_title":"J\u016brinis kolagenas PEPTAN\u00ae 12 000 su biotinu \u2013 vy\u0161ni\u0173 skonio - Vitaminai ir maisto papildai internetu | Vitaminai.lt","og_description":"J\u016aRINIS KOLAGENAS PEPTAN\u00ae 12000 SU BIOTINU Maisto papildas | \u00a015 dien\u0173 pakuot\u0117 | Vy\u0161ni\u0173 skonio\u00a0 Auk\u0161tos klas\u0117s formul\u0117 odai, plaukams, s\u0105nariams ir kaulams. \u201eJ\u016brinis Peptan\u00ae kolagenas 12 000 su biotinu\u201c \u2013 tirp\u016bs vy\u0161ni\u0173 skonio kolageno milteliai, be dirbtini\u0173 da\u017eikli\u0173 ir dirbtini\u0173 kvapi\u0173j\u0173 med\u017eiag\u0173, sukurti J\u016bs\u0173 gro\u017eiui bei s\u0105nari\u0173 funkcionalumui palaikyti. \u0160is maisto papildas apjungia kolageno, [&hellip;]","og_url":"https:\/\/vitaminai.lt\/produktas\/jurinis-kolagenas-peptan-12-000-su-biotinu-vysniu-skonio\/","og_site_name":"Vitaminai ir maisto papildai internetu | Vitaminai.lt","article_publisher":"https:\/\/www.facebook.com\/vitaminai\/","article_modified_time":"2026-04-07T11:08:12+00:00","og_image":[{"width":1500,"height":1455,"url":"https:\/\/vitaminai.lt\/wp-content\/uploads\/2026\/01\/Collagen-12-000_vysnia-priekis_03_05.png","type":"image\/png"}],"twitter_card":"summary_large_image","twitter_misc":{"Est. reading time":"3 minutes"},"schema":{"@context":"https:\/\/schema.org","@graph":[{"@type":"WebPage","@id":"https:\/\/vitaminai.lt\/produktas\/jurinis-kolagenas-peptan-12-000-su-biotinu-vysniu-skonio\/","url":"https:\/\/vitaminai.lt\/produktas\/jurinis-kolagenas-peptan-12-000-su-biotinu-vysniu-skonio\/","name":"J\u016brinis kolagenas PEPTAN\u00ae 12 000 su biotinu \u2013 vy\u0161ni\u0173 skonio - Vitaminai ir maisto papildai internetu | Vitaminai.lt","isPartOf":{"@id":"https:\/\/vitaminai.lt\/#website"},"primaryImageOfPage":{"@id":"https:\/\/vitaminai.lt\/produktas\/jurinis-kolagenas-peptan-12-000-su-biotinu-vysniu-skonio\/#primaryimage"},"image":{"@id":"https:\/\/vitaminai.lt\/produktas\/jurinis-kolagenas-peptan-12-000-su-biotinu-vysniu-skonio\/#primaryimage"},"thumbnailUrl":"https:\/\/vitaminai.lt\/wp-content\/uploads\/2026\/01\/Collagen-12-000_vysnia-priekis_03_05.png","datePublished":"2026-01-22T13:42:27+00:00","dateModified":"2026-04-07T11:08:12+00:00","breadcrumb":{"@id":"https:\/\/vitaminai.lt\/produktas\/jurinis-kolagenas-peptan-12-000-su-biotinu-vysniu-skonio\/#breadcrumb"},"inLanguage":"en-US","potentialAction":[{"@type":"ReadAction","target":["https:\/\/vitaminai.lt\/produktas\/jurinis-kolagenas-peptan-12-000-su-biotinu-vysniu-skonio\/"]}]},{"@type":"ImageObject","inLanguage":"en-US","@id":"https:\/\/vitaminai.lt\/produktas\/jurinis-kolagenas-peptan-12-000-su-biotinu-vysniu-skonio\/#primaryimage","url":"https:\/\/vitaminai.lt\/wp-content\/uploads\/2026\/01\/Collagen-12-000_vysnia-priekis_03_05.png","contentUrl":"https:\/\/vitaminai.lt\/wp-content\/uploads\/2026\/01\/Collagen-12-000_vysnia-priekis_03_05.png","width":1500,"height":1455},{"@type":"BreadcrumbList","@id":"https:\/\/vitaminai.lt\/produktas\/jurinis-kolagenas-peptan-12-000-su-biotinu-vysniu-skonio\/#breadcrumb","itemListElement":[{"@type":"ListItem","position":1,"name":"Home","item":"https:\/\/vitaminai.lt\/"},{"@type":"ListItem","position":2,"name":"Produktai","item":"https:\/\/vitaminai.lt\/produktai\/"},{"@type":"ListItem","position":3,"name":"J\u016brinis kolagenas PEPTAN\u00ae 12 000 su biotinu \u2013 vy\u0161ni\u0173 skonio"}]},{"@type":"WebSite","@id":"https:\/\/vitaminai.lt\/#website","url":"https:\/\/vitaminai.lt\/","name":"Vitaminai ir maisto papildai internetu | Vitaminai.lt","description":"","publisher":{"@id":"https:\/\/vitaminai.lt\/#organization"},"potentialAction":[{"@type":"SearchAction","target":{"@type":"EntryPoint","urlTemplate":"https:\/\/vitaminai.lt\/?s={search_term_string}"},"query-input":{"@type":"PropertyValueSpecification","valueRequired":true,"valueName":"search_term_string"}}],"inLanguage":"en-US"},{"@type":"Organization","@id":"https:\/\/vitaminai.lt\/#organization","name":"Vitaminai ir maisto papildai internetu | Vitaminai.lt","url":"https:\/\/vitaminai.lt\/","logo":{"@type":"ImageObject","inLanguage":"en-US","@id":"https:\/\/vitaminai.lt\/#\/schema\/logo\/image\/","url":"https:\/\/vitaminai.lt\/wp-content\/uploads\/2025\/01\/g212.png","contentUrl":"https:\/\/vitaminai.lt\/wp-content\/uploads\/2025\/01\/g212.png","width":313,"height":74,"caption":"Vitaminai ir maisto papildai internetu | Vitaminai.lt"},"image":{"@id":"https:\/\/vitaminai.lt\/#\/schema\/logo\/image\/"},"sameAs":["https:\/\/www.facebook.com\/vitaminai\/"]}]}},"_links":{"self":[{"href":"https:\/\/vitaminai.lt\/en\/wp-json\/wp\/v2\/product\/9214","targetHints":{"allow":["GET"]}}],"collection":[{"href":"https:\/\/vitaminai.lt\/en\/wp-json\/wp\/v2\/product"}],"about":[{"href":"https:\/\/vitaminai.lt\/en\/wp-json\/wp\/v2\/types\/product"}],"replies":[{"embeddable":true,"href":"https:\/\/vitaminai.lt\/en\/wp-json\/wp\/v2\/comments?post=9214"}],"wp:featuredmedia":[{"embeddable":true,"href":"https:\/\/vitaminai.lt\/en\/wp-json\/wp\/v2\/media\/10269"}],"wp:attachment":[{"href":"https:\/\/vitaminai.lt\/en\/wp-json\/wp\/v2\/media?parent=9214"}],"wp:term":[{"taxonomy":"product_brand","embeddable":true,"href":"https:\/\/vitaminai.lt\/en\/wp-json\/wp\/v2\/product_brand?post=9214"},{"taxonomy":"product_cat","embeddable":true,"href":"https:\/\/vitaminai.lt\/en\/wp-json\/wp\/v2\/product_cat?post=9214"},{"taxonomy":"product_tag","embeddable":true,"href":"https:\/\/vitaminai.lt\/en\/wp-json\/wp\/v2\/product_tag?post=9214"}],"curies":[{"name":"wp","href":"https:\/\/api.w.org\/{rel}","templated":true}]}}