{"id":9215,"date":"2026-01-22T16:16:00","date_gmt":"2026-01-22T14:16:00","guid":{"rendered":"https:\/\/vitaminai.lt\/?post_type=product&#038;p=9215"},"modified":"2026-04-07T13:06:43","modified_gmt":"2026-04-07T11:06:43","slug":"hidrolizuotas-kolagenas-collinstant-15-000-su-biotinu-be-saldiklio-kriausiu-skonio","status":"publish","type":"product","link":"https:\/\/vitaminai.lt\/en\/produktas\/hidrolizuotas-kolagenas-collinstant-15-000-su-biotinu-be-saldiklio-kriausiu-skonio\/","title":{"rendered":"Hidrolizuotas kolagenas PEPTAN\u00ae 15 000 su biotinu &#8211; kriau\u0161i\u0173 skonio"},"content":{"rendered":"<h3 data-start=\"102\" data-end=\"162\">HIDROLIZUOTAS KOLAGENAS PEPTAN\u00ae 15 000\u00a0 SU BIOTINU<\/h3>\n<p data-start=\"163\" data-end=\"234\"><strong data-start=\"163\" data-end=\"234\">Maisto papildas | Kriau\u0161i\u0173 skonio\u00a0<\/strong><\/p>\n<hr \/>\n<p><strong>\u201eHidrolizuotas Peptan\u00ae kolagenas 15 000 su biotinu\u201c \u2013<\/strong> tirp\u016bs kriau\u0161i\u0173 skonio kolageno milteliai, be dirbtini\u0173 da\u017eikli\u0173 ir dirbtini\u0173 kvapi\u0173j\u0173 med\u017eiag\u0173, sukurti J\u016bs\u0173 gro\u017eiui bei s\u0105nari\u0173 funkcionalumui palaikyti. \u0160is maisto papildas apjungia kolageno, hialurono r\u016bg\u0161ties, biotino ir vitamino C naud\u0105, kad J\u016bs\u0173 oda, plaukai, s\u0105nariai bei viso organizmo gera savijauta b\u016bt\u0173 tinkamai puosel\u0117jama kiekvien\u0105 dien\u0105.<\/p>\n<p data-start=\"537\" data-end=\"935\">Produktas pasi\u017eymi ypatingai dideliu\u00a0<strong data-start=\"574\" data-end=\"649\">I ir III tipo kolageno peptid\u0173 kiekiu \u2013 net 15 000 mg vienoje porcijoje. <\/strong>Hidrolizuotas kolagenas <strong>Peptan\u00ae<\/strong> i\u0161gaunamas inovatyvia fermentin\u0117s hidroliz\u0117s technologija, u\u017etikrinan\u010dia itin ma\u017e\u0105 peptid\u0173 molekulin\u0119 mas\u0119 (apie 2 000 Da), kurie pasi\u017eymi <strong data-start=\"1275\" data-end=\"1291\">geru tirpumu<\/strong>.<\/p>\n<p data-start=\"937\" data-end=\"1182\">Papildas praturtintas\u00a0<strong data-start=\"959\" data-end=\"981\">hialurono r\u016bg\u0161timi<\/strong>,\u00a0<strong data-start=\"983\" data-end=\"994\">biotinu<\/strong>\u00a0ir\u00a0<strong data-start=\"998\" data-end=\"1025\">acerolos uog\u0173 ekstraktu<\/strong>, kuris yra nat\u016bralus\u00a0<strong data-start=\"1047\" data-end=\"1061\">vitamino C<\/strong>\u00a0\u0161altinis \u2013 tai trys komponentai, b\u016btini nat\u016braliai kolageno sintezei, odos dr\u0117gmei ir l\u0105steli\u0173 regeneracijai palaikyti.<\/p>\n<hr \/>\n<p data-start=\"517\" data-end=\"555\"><strong>Pagrindin\u0117s sudedamosios dalys:<\/strong><\/p>\n<p data-start=\"1485\" data-end=\"1529\"><strong data-start=\"1490\" data-end=\"1529\">Hidrolizuotas kolagenas (15 000 mg)<\/strong><\/p>\n<p data-start=\"1337\" data-end=\"1541\"><strong>Kolagenas<\/strong>\u00a0\u2013 tai baltymas, sudarantis didel\u0119 dal\u012f \u017emogaus organizmo jungiam\u0173j\u0173 audini\u0173.\u00a0<strong>I tipo<\/strong>\u00a0kolagenas daugiausia aptinkamas kauluose, odoje ir sausgysl\u0117se, o\u00a0<strong>III tipo<\/strong>\u00a0kolagenas \u2013 odoje ir kraujagysl\u0117se.<\/p>\n<p data-start=\"1543\" data-end=\"1825\">Su am\u017eiumi, da\u017eniausiai nuo ma\u017edaug 25 met\u0173, nat\u016brali kolageno sintez\u0117 organizme palaipsniui ma\u017e\u0117ja. D\u0117l \u0161i\u0173 poky\u010di\u0173 oda laikui b\u0117gant gali prarasti elastingum\u0105, tapti sausesn\u0117, atsirasti rauk\u0161li\u0173, o s\u0105nariai ir kaulai \u2013 tapti trapesni, kartais pasirei\u0161kia ir jud\u0117jimo diskomfortas.<\/p>\n<hr \/>\n<p data-start=\"1834\" data-end=\"1860\"><strong data-start=\"1839\" data-end=\"1860\">Hialurono r\u016bg\u0161tis<\/strong><\/p>\n<p data-start=\"2464\" data-end=\"2628\">Tai nat\u016braliai \u017emogaus organizme randama med\u017eiaga, priklausanti polisacharid\u0173 (gliukozaminoglikan\u0173) grupei ir\u00a0<strong>pasi\u017eyminti geb\u0117jimu pritraukti bei sulaikyti vanden\u012f.<\/strong><\/p>\n<p data-start=\"2630\" data-end=\"2746\">Did\u017eiausi hialurono r\u016bg\u0161ties kiekiai organizme aptinkami odoje, kremzl\u0117se, jungiamuosiuose audiniuose ir s\u0105nariuose.<\/p>\n<p data-start=\"2748\" data-end=\"3023\">Su am\u017eiumi, taip pat veikiant hormoniniams poky\u010diams ar nevisavertei mitybai, hialurono r\u016bg\u0161ties kiekis organizme gali palaipsniui ma\u017e\u0117ti. D\u0117l \u0161i\u0173 poky\u010di\u0173 oda gali tapti sausesn\u0117, suma\u017e\u0117ti jos elastingumas, o s\u0105nariai tapti standesni, kartais pasirei\u0161kia diskomfortas judant.<\/p>\n<hr \/>\n<p data-start=\"2095\" data-end=\"2127\"><strong data-start=\"2100\" data-end=\"2127\">Biotinas (vitaminas B7)<\/strong><\/p>\n<p data-start=\"1856\" data-end=\"1948\">Da\u017enai vadinamas \u201egro\u017eio vitaminu\u201c, b\u016btinas odos, plauk\u0173 ir nag\u0173 normaliai b\u016bklei palaikyti.<\/p>\n<p data-start=\"1950\" data-end=\"2130\">Palaiko normali\u0105 odos ir plauk\u0173 b\u016bkl\u0119.<\/p>\n<p data-start=\"1950\" data-end=\"2130\">Prisideda prie energijos gamybos ir med\u017eiag\u0173 apykaitos proces\u0173.<\/p>\n<p data-start=\"1950\" data-end=\"2130\">Padeda palaikyti normali\u0105 nerv\u0173 sistemos veikl\u0105 ir psichologin\u0119 funkcij\u0105.<\/p>\n<hr \/>\n<p data-start=\"2341\" data-end=\"2401\"><strong data-start=\"2346\" data-end=\"2401\">Vitamino C<\/strong><\/p>\n<p data-start=\"2149\" data-end=\"2222\">Esminis vitaminas, b\u016btinas kolageno sintezei ir antioksidacinei apsaugai.<\/p>\n<p data-start=\"2149\" data-end=\"2222\">Padeda gamintis kolagenui, reikalingam odos, kraujagysli\u0173 ir kremzli\u0173 funkcijai.<\/p>\n<p data-start=\"2149\" data-end=\"2222\">Saugo l\u0105steles nuo oksidacinio streso ir ma\u017eina nuovarg\u012f.<\/p>\n<p data-start=\"2149\" data-end=\"2222\">Padeda palaikyti normali\u0105 imunin\u0119 sistem\u0105 ir bendr\u0105 organizmo atsparum\u0105.<\/p>\n<hr data-start=\"822\" data-end=\"825\" \/>\n<p data-start=\"3069\" data-end=\"3087\"><strong data-start=\"3025\" data-end=\"3049\">Kod\u0117l verta rinktis?<\/strong><\/p>\n<p data-start=\"3091\" data-end=\"3181\">Itin\u00a0<strong data-start=\"3096\" data-end=\"3139\">didel\u0117 veikli\u0173j\u0173 med\u017eiag\u0173 koncentracija<\/strong>\u00a0\u2013 15 000 mg kolageno vienoje porcijoje.<\/p>\n<p data-start=\"3184\" data-end=\"3264\"><strong data-start=\"3184\" data-end=\"3221\">Inovatyvi hidroliz\u0117s technologija<\/strong>\u00a0\u2013 maksimali absorbcija ir veiksmingumas.<\/p>\n<p data-start=\"3267\" data-end=\"3330\"><strong data-start=\"3267\" data-end=\"3287\">\u0160vari sud\u0117tis<\/strong> \u2013 be dirbtini\u0173 da\u017eikli\u0173 ir dirbtini\u0173 kvapi\u0173j\u0173 med\u017eiag\u0173, laktoz\u0117s, GMO.<\/p>\n<p data-start=\"3333\" data-end=\"3411\"><strong data-start=\"3333\" data-end=\"3361\">Malonus nat\u016bralus skonis<\/strong> \u2013 kriau\u0161i\u0173 aromatas.<\/p>\n<p data-start=\"3414\" data-end=\"3501\"><strong data-start=\"3414\" data-end=\"3455\">Lengvai tirpstantis milteli\u0173 formatas<\/strong>\u00a0\u2013 greitas paruo\u0161imas ir patogus vartojimas.<\/p>\n<p data-start=\"3414\" data-end=\"3501\"><strong data-start=\"4463\" data-end=\"4479\">Pagaminta ES<\/strong>\u00a0pagal auk\u0161\u010diausius kokyb\u0117s ir saugumo standartus (ISO, HACCP, GMP).<\/p>\n","protected":false},"excerpt":{"rendered":"<p>HIDROLIZUOTAS KOLAGENAS PEPTAN\u00ae 15 000\u00a0 SU BIOTINU Maisto papildas | Kriau\u0161i\u0173 skonio\u00a0 \u201eHidrolizuotas Peptan\u00ae kolagenas 15 000 su biotinu\u201c \u2013 tirp\u016bs kriau\u0161i\u0173 skonio kolageno milteliai, be dirbtini\u0173 da\u017eikli\u0173 ir dirbtini\u0173 kvapi\u0173j\u0173 med\u017eiag\u0173, sukurti J\u016bs\u0173 gro\u017eiui bei s\u0105nari\u0173 funkcionalumui palaikyti. \u0160is maisto papildas apjungia kolageno, hialurono r\u016bg\u0161ties, biotino ir vitamino C naud\u0105, kad J\u016bs\u0173 oda, plaukai, [&hellip;]<\/p>\n","protected":false},"featured_media":10237,"comment_status":"open","ping_status":"closed","template":"","meta":[],"product_brand":[],"product_cat":[295,398,261,371,262,314,257,367,368,15,33,42,243,244,245,246,247,252,253,26,47,52,54,174,55,56,57,59,18,29,23,31,30,63,73,237,238,80],"product_tag":[],"class_list":{"0":"post-9215","1":"product","2":"type-product","3":"status-publish","4":"has-post-thumbnail","6":"product_cat-judejimui","7":"product_cat-kolagenai","8":"product_cat-nagams-privalumai","9":"product_cat-nagams-pagrindines-kategorijos","10":"product_cat-odai-privalumai","11":"product_cat-plaukams-privalumai","12":"product_cat-privalumai","13":"product_cat-sanariams-pagrindines-kategorijos","14":"product_cat-sportuojantiems-pagrindines-kategorijos","15":"product_cat-uncategorized","16":"product_cat-maisto-papildo-forma","17":"product_cat-milteliai","18":"product_cat-pagrindines-kategorijos","19":"product_cat-moterims","20":"product_cat-vyrams","21":"product_cat-groziui-2","22":"product_cat-energijai-pagrindines-kategorijos","23":"product_cat-odai-pagrindines-kategorijos","24":"product_cat-plaukams-pagrindines-kategorijos","25":"product_cat-energijai","26":"product_cat-groziui","27":"product_cat-nagams","28":"product_cat-odai","29":"product_cat-organizmo-apsaugai","30":"product_cat-plaukams","31":"product_cat-raumenims","32":"product_cat-sanariams","33":"product_cat-sportuojantiems","34":"product_cat-vartotojas","35":"product_cat-moterys","36":"product_cat-paaugliai","37":"product_cat-senjorai","38":"product_cat-vyrai","39":"product_cat-biotinas","40":"product_cat-hialurono-rugst","41":"product_cat-hidrolizuotas-i-tipo-kolagenas","42":"product_cat-hidrolizuotas-ii-tipo-kolagenas","43":"product_cat-kolagenas","45":"first","46":"instock","47":"shipping-taxable","48":"purchasable","49":"product-type-simple"},"yoast_head":"<!-- This site is optimized with the Yoast SEO plugin v26.6 - https:\/\/yoast.com\/wordpress\/plugins\/seo\/ -->\n<title>Hidrolizuotas kolagenas PEPTAN\u00ae 15 000 su biotinu - kriau\u0161i\u0173 skonio - Vitaminai ir maisto papildai internetu | Vitaminai.lt<\/title>\n<meta name=\"robots\" content=\"index, follow, max-snippet:-1, max-image-preview:large, max-video-preview:-1\" \/>\n<link rel=\"canonical\" href=\"https:\/\/vitaminai.lt\/produktas\/hidrolizuotas-kolagenas-collinstant-15-000-su-biotinu-be-saldiklio-kriausiu-skonio\/\" \/>\n<meta property=\"og:locale\" content=\"en_US\" \/>\n<meta property=\"og:type\" content=\"article\" \/>\n<meta property=\"og:title\" content=\"Hidrolizuotas kolagenas PEPTAN\u00ae 15 000 su biotinu - kriau\u0161i\u0173 skonio - Vitaminai ir maisto papildai internetu | Vitaminai.lt\" \/>\n<meta property=\"og:description\" content=\"HIDROLIZUOTAS KOLAGENAS PEPTAN\u00ae 15 000\u00a0 SU BIOTINU Maisto papildas | Kriau\u0161i\u0173 skonio\u00a0 \u201eHidrolizuotas Peptan\u00ae kolagenas 15 000 su biotinu\u201c \u2013 tirp\u016bs kriau\u0161i\u0173 skonio kolageno milteliai, be dirbtini\u0173 da\u017eikli\u0173 ir dirbtini\u0173 kvapi\u0173j\u0173 med\u017eiag\u0173, sukurti J\u016bs\u0173 gro\u017eiui bei s\u0105nari\u0173 funkcionalumui palaikyti. \u0160is maisto papildas apjungia kolageno, hialurono r\u016bg\u0161ties, biotino ir vitamino C naud\u0105, kad J\u016bs\u0173 oda, plaukai, [&hellip;]\" \/>\n<meta property=\"og:url\" content=\"https:\/\/vitaminai.lt\/produktas\/hidrolizuotas-kolagenas-collinstant-15-000-su-biotinu-be-saldiklio-kriausiu-skonio\/\" \/>\n<meta property=\"og:site_name\" content=\"Vitaminai ir maisto papildai internetu | Vitaminai.lt\" \/>\n<meta property=\"article:publisher\" content=\"https:\/\/www.facebook.com\/vitaminai\/\" \/>\n<meta property=\"article:modified_time\" content=\"2026-04-07T11:06:43+00:00\" \/>\n<meta property=\"og:image\" content=\"https:\/\/vitaminai.lt\/wp-content\/uploads\/2026\/01\/Collagen-12-000_kriause-priekis_03_05.png\" \/>\n\t<meta property=\"og:image:width\" content=\"1500\" \/>\n\t<meta property=\"og:image:height\" content=\"1455\" \/>\n\t<meta property=\"og:image:type\" content=\"image\/png\" \/>\n<meta name=\"twitter:card\" content=\"summary_large_image\" \/>\n<meta name=\"twitter:label1\" content=\"Est. reading time\" \/>\n\t<meta name=\"twitter:data1\" content=\"3 minutes\" \/>\n<script type=\"application\/ld+json\" class=\"yoast-schema-graph\">{\"@context\":\"https:\/\/schema.org\",\"@graph\":[{\"@type\":\"WebPage\",\"@id\":\"https:\/\/vitaminai.lt\/produktas\/hidrolizuotas-kolagenas-collinstant-15-000-su-biotinu-be-saldiklio-kriausiu-skonio\/\",\"url\":\"https:\/\/vitaminai.lt\/produktas\/hidrolizuotas-kolagenas-collinstant-15-000-su-biotinu-be-saldiklio-kriausiu-skonio\/\",\"name\":\"Hidrolizuotas kolagenas PEPTAN\u00ae 15 000 su biotinu - kriau\u0161i\u0173 skonio - Vitaminai ir maisto papildai internetu | Vitaminai.lt\",\"isPartOf\":{\"@id\":\"https:\/\/vitaminai.lt\/#website\"},\"primaryImageOfPage\":{\"@id\":\"https:\/\/vitaminai.lt\/produktas\/hidrolizuotas-kolagenas-collinstant-15-000-su-biotinu-be-saldiklio-kriausiu-skonio\/#primaryimage\"},\"image\":{\"@id\":\"https:\/\/vitaminai.lt\/produktas\/hidrolizuotas-kolagenas-collinstant-15-000-su-biotinu-be-saldiklio-kriausiu-skonio\/#primaryimage\"},\"thumbnailUrl\":\"https:\/\/vitaminai.lt\/wp-content\/uploads\/2026\/01\/Collagen-12-000_kriause-priekis_03_05.png\",\"datePublished\":\"2026-01-22T14:16:00+00:00\",\"dateModified\":\"2026-04-07T11:06:43+00:00\",\"breadcrumb\":{\"@id\":\"https:\/\/vitaminai.lt\/produktas\/hidrolizuotas-kolagenas-collinstant-15-000-su-biotinu-be-saldiklio-kriausiu-skonio\/#breadcrumb\"},\"inLanguage\":\"en-US\",\"potentialAction\":[{\"@type\":\"ReadAction\",\"target\":[\"https:\/\/vitaminai.lt\/produktas\/hidrolizuotas-kolagenas-collinstant-15-000-su-biotinu-be-saldiklio-kriausiu-skonio\/\"]}]},{\"@type\":\"ImageObject\",\"inLanguage\":\"en-US\",\"@id\":\"https:\/\/vitaminai.lt\/produktas\/hidrolizuotas-kolagenas-collinstant-15-000-su-biotinu-be-saldiklio-kriausiu-skonio\/#primaryimage\",\"url\":\"https:\/\/vitaminai.lt\/wp-content\/uploads\/2026\/01\/Collagen-12-000_kriause-priekis_03_05.png\",\"contentUrl\":\"https:\/\/vitaminai.lt\/wp-content\/uploads\/2026\/01\/Collagen-12-000_kriause-priekis_03_05.png\",\"width\":1500,\"height\":1455},{\"@type\":\"BreadcrumbList\",\"@id\":\"https:\/\/vitaminai.lt\/produktas\/hidrolizuotas-kolagenas-collinstant-15-000-su-biotinu-be-saldiklio-kriausiu-skonio\/#breadcrumb\",\"itemListElement\":[{\"@type\":\"ListItem\",\"position\":1,\"name\":\"Home\",\"item\":\"https:\/\/vitaminai.lt\/\"},{\"@type\":\"ListItem\",\"position\":2,\"name\":\"Produktai\",\"item\":\"https:\/\/vitaminai.lt\/produktai\/\"},{\"@type\":\"ListItem\",\"position\":3,\"name\":\"Hidrolizuotas kolagenas PEPTAN\u00ae 15 000 su biotinu &#8211; kriau\u0161i\u0173 skonio\"}]},{\"@type\":\"WebSite\",\"@id\":\"https:\/\/vitaminai.lt\/#website\",\"url\":\"https:\/\/vitaminai.lt\/\",\"name\":\"Vitaminai ir maisto papildai internetu | Vitaminai.lt\",\"description\":\"\",\"publisher\":{\"@id\":\"https:\/\/vitaminai.lt\/#organization\"},\"potentialAction\":[{\"@type\":\"SearchAction\",\"target\":{\"@type\":\"EntryPoint\",\"urlTemplate\":\"https:\/\/vitaminai.lt\/?s={search_term_string}\"},\"query-input\":{\"@type\":\"PropertyValueSpecification\",\"valueRequired\":true,\"valueName\":\"search_term_string\"}}],\"inLanguage\":\"en-US\"},{\"@type\":\"Organization\",\"@id\":\"https:\/\/vitaminai.lt\/#organization\",\"name\":\"Vitaminai ir maisto papildai internetu | Vitaminai.lt\",\"url\":\"https:\/\/vitaminai.lt\/\",\"logo\":{\"@type\":\"ImageObject\",\"inLanguage\":\"en-US\",\"@id\":\"https:\/\/vitaminai.lt\/#\/schema\/logo\/image\/\",\"url\":\"https:\/\/vitaminai.lt\/wp-content\/uploads\/2025\/01\/g212.png\",\"contentUrl\":\"https:\/\/vitaminai.lt\/wp-content\/uploads\/2025\/01\/g212.png\",\"width\":313,\"height\":74,\"caption\":\"Vitaminai ir maisto papildai internetu | Vitaminai.lt\"},\"image\":{\"@id\":\"https:\/\/vitaminai.lt\/#\/schema\/logo\/image\/\"},\"sameAs\":[\"https:\/\/www.facebook.com\/vitaminai\/\"]}]}<\/script>\n<!-- \/ Yoast SEO plugin. -->","yoast_head_json":{"title":"Hidrolizuotas kolagenas PEPTAN\u00ae 15 000 su biotinu - kriau\u0161i\u0173 skonio - Vitaminai ir maisto papildai internetu | Vitaminai.lt","robots":{"index":"index","follow":"follow","max-snippet":"max-snippet:-1","max-image-preview":"max-image-preview:large","max-video-preview":"max-video-preview:-1"},"canonical":"https:\/\/vitaminai.lt\/produktas\/hidrolizuotas-kolagenas-collinstant-15-000-su-biotinu-be-saldiklio-kriausiu-skonio\/","og_locale":"en_US","og_type":"article","og_title":"Hidrolizuotas kolagenas PEPTAN\u00ae 15 000 su biotinu - kriau\u0161i\u0173 skonio - Vitaminai ir maisto papildai internetu | Vitaminai.lt","og_description":"HIDROLIZUOTAS KOLAGENAS PEPTAN\u00ae 15 000\u00a0 SU BIOTINU Maisto papildas | Kriau\u0161i\u0173 skonio\u00a0 \u201eHidrolizuotas Peptan\u00ae kolagenas 15 000 su biotinu\u201c \u2013 tirp\u016bs kriau\u0161i\u0173 skonio kolageno milteliai, be dirbtini\u0173 da\u017eikli\u0173 ir dirbtini\u0173 kvapi\u0173j\u0173 med\u017eiag\u0173, sukurti J\u016bs\u0173 gro\u017eiui bei s\u0105nari\u0173 funkcionalumui palaikyti. \u0160is maisto papildas apjungia kolageno, hialurono r\u016bg\u0161ties, biotino ir vitamino C naud\u0105, kad J\u016bs\u0173 oda, plaukai, [&hellip;]","og_url":"https:\/\/vitaminai.lt\/produktas\/hidrolizuotas-kolagenas-collinstant-15-000-su-biotinu-be-saldiklio-kriausiu-skonio\/","og_site_name":"Vitaminai ir maisto papildai internetu | Vitaminai.lt","article_publisher":"https:\/\/www.facebook.com\/vitaminai\/","article_modified_time":"2026-04-07T11:06:43+00:00","og_image":[{"width":1500,"height":1455,"url":"https:\/\/vitaminai.lt\/wp-content\/uploads\/2026\/01\/Collagen-12-000_kriause-priekis_03_05.png","type":"image\/png"}],"twitter_card":"summary_large_image","twitter_misc":{"Est. reading time":"3 minutes"},"schema":{"@context":"https:\/\/schema.org","@graph":[{"@type":"WebPage","@id":"https:\/\/vitaminai.lt\/produktas\/hidrolizuotas-kolagenas-collinstant-15-000-su-biotinu-be-saldiklio-kriausiu-skonio\/","url":"https:\/\/vitaminai.lt\/produktas\/hidrolizuotas-kolagenas-collinstant-15-000-su-biotinu-be-saldiklio-kriausiu-skonio\/","name":"Hidrolizuotas kolagenas PEPTAN\u00ae 15 000 su biotinu - kriau\u0161i\u0173 skonio - Vitaminai ir maisto papildai internetu | Vitaminai.lt","isPartOf":{"@id":"https:\/\/vitaminai.lt\/#website"},"primaryImageOfPage":{"@id":"https:\/\/vitaminai.lt\/produktas\/hidrolizuotas-kolagenas-collinstant-15-000-su-biotinu-be-saldiklio-kriausiu-skonio\/#primaryimage"},"image":{"@id":"https:\/\/vitaminai.lt\/produktas\/hidrolizuotas-kolagenas-collinstant-15-000-su-biotinu-be-saldiklio-kriausiu-skonio\/#primaryimage"},"thumbnailUrl":"https:\/\/vitaminai.lt\/wp-content\/uploads\/2026\/01\/Collagen-12-000_kriause-priekis_03_05.png","datePublished":"2026-01-22T14:16:00+00:00","dateModified":"2026-04-07T11:06:43+00:00","breadcrumb":{"@id":"https:\/\/vitaminai.lt\/produktas\/hidrolizuotas-kolagenas-collinstant-15-000-su-biotinu-be-saldiklio-kriausiu-skonio\/#breadcrumb"},"inLanguage":"en-US","potentialAction":[{"@type":"ReadAction","target":["https:\/\/vitaminai.lt\/produktas\/hidrolizuotas-kolagenas-collinstant-15-000-su-biotinu-be-saldiklio-kriausiu-skonio\/"]}]},{"@type":"ImageObject","inLanguage":"en-US","@id":"https:\/\/vitaminai.lt\/produktas\/hidrolizuotas-kolagenas-collinstant-15-000-su-biotinu-be-saldiklio-kriausiu-skonio\/#primaryimage","url":"https:\/\/vitaminai.lt\/wp-content\/uploads\/2026\/01\/Collagen-12-000_kriause-priekis_03_05.png","contentUrl":"https:\/\/vitaminai.lt\/wp-content\/uploads\/2026\/01\/Collagen-12-000_kriause-priekis_03_05.png","width":1500,"height":1455},{"@type":"BreadcrumbList","@id":"https:\/\/vitaminai.lt\/produktas\/hidrolizuotas-kolagenas-collinstant-15-000-su-biotinu-be-saldiklio-kriausiu-skonio\/#breadcrumb","itemListElement":[{"@type":"ListItem","position":1,"name":"Home","item":"https:\/\/vitaminai.lt\/"},{"@type":"ListItem","position":2,"name":"Produktai","item":"https:\/\/vitaminai.lt\/produktai\/"},{"@type":"ListItem","position":3,"name":"Hidrolizuotas kolagenas PEPTAN\u00ae 15 000 su biotinu &#8211; kriau\u0161i\u0173 skonio"}]},{"@type":"WebSite","@id":"https:\/\/vitaminai.lt\/#website","url":"https:\/\/vitaminai.lt\/","name":"Vitaminai ir maisto papildai internetu | Vitaminai.lt","description":"","publisher":{"@id":"https:\/\/vitaminai.lt\/#organization"},"potentialAction":[{"@type":"SearchAction","target":{"@type":"EntryPoint","urlTemplate":"https:\/\/vitaminai.lt\/?s={search_term_string}"},"query-input":{"@type":"PropertyValueSpecification","valueRequired":true,"valueName":"search_term_string"}}],"inLanguage":"en-US"},{"@type":"Organization","@id":"https:\/\/vitaminai.lt\/#organization","name":"Vitaminai ir maisto papildai internetu | Vitaminai.lt","url":"https:\/\/vitaminai.lt\/","logo":{"@type":"ImageObject","inLanguage":"en-US","@id":"https:\/\/vitaminai.lt\/#\/schema\/logo\/image\/","url":"https:\/\/vitaminai.lt\/wp-content\/uploads\/2025\/01\/g212.png","contentUrl":"https:\/\/vitaminai.lt\/wp-content\/uploads\/2025\/01\/g212.png","width":313,"height":74,"caption":"Vitaminai ir maisto papildai internetu | Vitaminai.lt"},"image":{"@id":"https:\/\/vitaminai.lt\/#\/schema\/logo\/image\/"},"sameAs":["https:\/\/www.facebook.com\/vitaminai\/"]}]}},"_links":{"self":[{"href":"https:\/\/vitaminai.lt\/en\/wp-json\/wp\/v2\/product\/9215","targetHints":{"allow":["GET"]}}],"collection":[{"href":"https:\/\/vitaminai.lt\/en\/wp-json\/wp\/v2\/product"}],"about":[{"href":"https:\/\/vitaminai.lt\/en\/wp-json\/wp\/v2\/types\/product"}],"replies":[{"embeddable":true,"href":"https:\/\/vitaminai.lt\/en\/wp-json\/wp\/v2\/comments?post=9215"}],"wp:featuredmedia":[{"embeddable":true,"href":"https:\/\/vitaminai.lt\/en\/wp-json\/wp\/v2\/media\/10237"}],"wp:attachment":[{"href":"https:\/\/vitaminai.lt\/en\/wp-json\/wp\/v2\/media?parent=9215"}],"wp:term":[{"taxonomy":"product_brand","embeddable":true,"href":"https:\/\/vitaminai.lt\/en\/wp-json\/wp\/v2\/product_brand?post=9215"},{"taxonomy":"product_cat","embeddable":true,"href":"https:\/\/vitaminai.lt\/en\/wp-json\/wp\/v2\/product_cat?post=9215"},{"taxonomy":"product_tag","embeddable":true,"href":"https:\/\/vitaminai.lt\/en\/wp-json\/wp\/v2\/product_tag?post=9215"}],"curies":[{"name":"wp","href":"https:\/\/api.w.org\/{rel}","templated":true}]}}