{"id":9218,"date":"2026-01-23T09:23:13","date_gmt":"2026-01-23T07:23:13","guid":{"rendered":"https:\/\/vitaminai.lt\/?post_type=product&#038;p=9218"},"modified":"2026-04-07T13:07:24","modified_gmt":"2026-04-07T11:07:24","slug":"berberino-kompleksas-n60","status":"publish","type":"product","link":"https:\/\/vitaminai.lt\/en\/produktas\/berberino-kompleksas-n60\/","title":{"rendered":"Berberino kompleksas N60"},"content":{"rendered":"<h3 data-start=\"146\" data-end=\"192\">BERBERINO KOMPLEKSAS<\/h3>\n<p data-start=\"193\" data-end=\"234\"><strong data-start=\"193\" data-end=\"234\">Maisto papildas | 60 kapsuli\u0173<\/strong><\/p>\n<hr \/>\n<p data-start=\"117\" data-end=\"430\"><strong data-start=\"117\" data-end=\"143\">\u201eBerberino kompleksas\u201c<\/strong> \u2013 tai maisto papildas, kurio sud\u0117tyje yra akuotojo rauger\u0161kio (<em data-start=\"207\" data-end=\"226\">Berberis aristata<\/em>) \u0161akn\u0173 ir \u017eiev\u0117s saus\u0173j\u0173 ekstrakt\u0173, standartizuot\u0173 pagal veikli\u0105sias med\u017eiagas \u2013 berberino hidrochlorid\u0105 ir dihidroberberin\u0105 \u2013 redukuot\u0105 berberino form\u0105, kuri organizme gali b\u016bti efektyviau pasisavinama.<\/p>\n<hr \/>\n<p data-start=\"432\" data-end=\"455\"><strong>Kas yra berberinas?<\/strong><\/p>\n<p data-start=\"457\" data-end=\"752\">Berberinas \u2013 tai nat\u016bralus augalin\u0117s kilm\u0117s alkaloidas, randamas tokiuose augaluose kaip rauger\u0161kis. Jis jau daugel\u012f met\u0173 naudojamas tradicin\u0117je kin\u0173 ir ajurvedos medicinoje, kur vertinamas d\u0117l <strong>galimo poveikio kepen\u0173 funkcijai, \u0161irdies ir kraujagysli\u0173 sistemai bei gliukoz\u0117s ir lipid\u0173 apykaitai.<\/strong><\/p>\n<p data-start=\"754\" data-end=\"988\">Manoma, kad berberinas gali pad\u0117ti<strong> palaikyti normal\u0173 cukraus kiek\u012f kraujyje<\/strong>, prisid\u0117damas prie geresnio insulino jautrumo ir gliukoz\u0117s apykaitos reguliavimo, taip pat palaikyti med\u017eiag\u0173 apykaitos procesus, susijusius su<strong> kepen\u0173 veikla.<\/strong><\/p>\n<p data-start=\"990\" data-end=\"1225\">Taip pat tikima, kad berberinas gali tur\u0117ti \u012ftakos <strong>cholesterolio apykaitai<\/strong> ir normalaus <strong>kraujosp\u016bd\u017eio palaikymui<\/strong>. Akuotasis rauger\u0161kis pasi\u017eymi savyb\u0117mis, kurios gali prisid\u0117ti prie <strong>\u0161irdies ir kraujagysli\u0173 sistemos<\/strong> sveikatos palaikymo.<\/p>\n<hr \/>\n<p data-start=\"1227\" data-end=\"1266\"><strong>Kam gali b\u016bti naudingas berberinas?<\/strong><\/p>\n<p data-start=\"1268\" data-end=\"1428\">Berberinas gali b\u016bti naudingas \u017emon\u0117ms, siekiantiems palaikyti normali\u0105 gliukoz\u0117s apykait\u0105, cholesterolio balans\u0105 bei \u0161irdies ir kraujagysli\u0173 sistemos funkcij\u0105.<\/p>\n<p data-start=\"1430\" data-end=\"1612\">Taip pat jis gali b\u016bti aktualus tiems, kurie renkasi augalin\u0117s kilm\u0117s maisto papildus be dirbtini\u0173 da\u017eikli\u0173 ir konservant\u0173 bei siekia palaikyti bendr\u0105 med\u017eiag\u0173 apykaitos pusiausvyr\u0105.<\/p>\n","protected":false},"excerpt":{"rendered":"<p>BERBERINO KOMPLEKSAS Maisto papildas | 60 kapsuli\u0173 \u201eBerberino kompleksas\u201c \u2013 tai maisto papildas, kurio sud\u0117tyje yra akuotojo rauger\u0161kio (Berberis aristata) \u0161akn\u0173 ir \u017eiev\u0117s saus\u0173j\u0173 ekstrakt\u0173, standartizuot\u0173 pagal veikli\u0105sias med\u017eiagas \u2013 berberino hidrochlorid\u0105 ir dihidroberberin\u0105 \u2013 redukuot\u0105 berberino form\u0105, kuri organizme gali b\u016bti efektyviau pasisavinama. Kas yra berberinas? Berberinas \u2013 tai nat\u016bralus augalin\u0117s kilm\u0117s alkaloidas, randamas [&hellip;]<\/p>\n","protected":false},"featured_media":11041,"comment_status":"open","ping_status":"closed","template":"","meta":[],"product_brand":[],"product_cat":[315,293,316,348,281,397,369,310,15,244,245,250,45,173,172,174,28,60,139,18,29,31,30,34],"product_tag":[],"class_list":{"0":"post-9218","1":"product","2":"type-product","3":"status-publish","4":"has-post-thumbnail","6":"product_cat-cholesterolio-balansui","7":"product_cat-makromedziagu-apykaitai","8":"product_cat-organizmo-apsaugai-privalumai","9":"product_cat-riebalu-ir-lipidu-apykaitai","10":"product_cat-virskinimo-sistemai","11":"product_cat-virskinimui-2","12":"product_cat-virskinimui-pagrindines-kategorijos","13":"product_cat-zarnyno-veiklai","14":"product_cat-uncategorized","15":"product_cat-moterims","16":"product_cat-vyrams","17":"product_cat-sirdziai","18":"product_cat-cholesteroliui","19":"product_cat-lasteliu-apsaugai","20":"product_cat-medziagu-apykaitai","21":"product_cat-organizmo-apsaugai","22":"product_cat-sirdziai-paskirtis","23":"product_cat-virskinimui","24":"product_cat-zarnynui","25":"product_cat-vartotojas","26":"product_cat-moterys","27":"product_cat-senjorai","28":"product_cat-vyrai","29":"product_cat-veiklioji-medziaga","31":"first","32":"instock","33":"shipping-taxable","34":"purchasable","35":"product-type-simple"},"yoast_head":"<!-- This site is optimized with the Yoast SEO plugin v26.6 - https:\/\/yoast.com\/wordpress\/plugins\/seo\/ -->\n<title>Berberino kompleksas N60 - Vitaminai ir maisto papildai internetu | Vitaminai.lt<\/title>\n<meta name=\"robots\" content=\"index, follow, max-snippet:-1, max-image-preview:large, max-video-preview:-1\" \/>\n<link rel=\"canonical\" href=\"https:\/\/vitaminai.lt\/produktas\/berberino-kompleksas-n60\/\" \/>\n<meta property=\"og:locale\" content=\"en_US\" \/>\n<meta property=\"og:type\" content=\"article\" \/>\n<meta property=\"og:title\" content=\"Berberino kompleksas N60 - Vitaminai ir maisto papildai internetu | Vitaminai.lt\" \/>\n<meta property=\"og:description\" content=\"BERBERINO KOMPLEKSAS Maisto papildas | 60 kapsuli\u0173 \u201eBerberino kompleksas\u201c \u2013 tai maisto papildas, kurio sud\u0117tyje yra akuotojo rauger\u0161kio (Berberis aristata) \u0161akn\u0173 ir \u017eiev\u0117s saus\u0173j\u0173 ekstrakt\u0173, standartizuot\u0173 pagal veikli\u0105sias med\u017eiagas \u2013 berberino hidrochlorid\u0105 ir dihidroberberin\u0105 \u2013 redukuot\u0105 berberino form\u0105, kuri organizme gali b\u016bti efektyviau pasisavinama. Kas yra berberinas? Berberinas \u2013 tai nat\u016bralus augalin\u0117s kilm\u0117s alkaloidas, randamas [&hellip;]\" \/>\n<meta property=\"og:url\" content=\"https:\/\/vitaminai.lt\/produktas\/berberino-kompleksas-n60\/\" \/>\n<meta property=\"og:site_name\" content=\"Vitaminai ir maisto papildai internetu | Vitaminai.lt\" \/>\n<meta property=\"article:publisher\" content=\"https:\/\/www.facebook.com\/vitaminai\/\" \/>\n<meta property=\"article:modified_time\" content=\"2026-04-07T11:07:24+00:00\" \/>\n<meta property=\"og:image\" content=\"https:\/\/vitaminai.lt\/wp-content\/uploads\/2026\/01\/Barberino-kompleksas_priekis-scaled.png\" \/>\n\t<meta property=\"og:image:width\" content=\"2560\" \/>\n\t<meta property=\"og:image:height\" content=\"2498\" \/>\n\t<meta property=\"og:image:type\" content=\"image\/png\" \/>\n<meta name=\"twitter:card\" content=\"summary_large_image\" \/>\n<meta name=\"twitter:label1\" content=\"Est. reading time\" \/>\n\t<meta name=\"twitter:data1\" content=\"2 minutes\" \/>\n<script type=\"application\/ld+json\" class=\"yoast-schema-graph\">{\"@context\":\"https:\/\/schema.org\",\"@graph\":[{\"@type\":\"WebPage\",\"@id\":\"https:\/\/vitaminai.lt\/produktas\/berberino-kompleksas-n60\/\",\"url\":\"https:\/\/vitaminai.lt\/produktas\/berberino-kompleksas-n60\/\",\"name\":\"Berberino kompleksas N60 - Vitaminai ir maisto papildai internetu | Vitaminai.lt\",\"isPartOf\":{\"@id\":\"https:\/\/vitaminai.lt\/#website\"},\"primaryImageOfPage\":{\"@id\":\"https:\/\/vitaminai.lt\/produktas\/berberino-kompleksas-n60\/#primaryimage\"},\"image\":{\"@id\":\"https:\/\/vitaminai.lt\/produktas\/berberino-kompleksas-n60\/#primaryimage\"},\"thumbnailUrl\":\"https:\/\/vitaminai.lt\/wp-content\/uploads\/2026\/01\/Barberino-kompleksas_priekis-scaled.png\",\"datePublished\":\"2026-01-23T07:23:13+00:00\",\"dateModified\":\"2026-04-07T11:07:24+00:00\",\"breadcrumb\":{\"@id\":\"https:\/\/vitaminai.lt\/produktas\/berberino-kompleksas-n60\/#breadcrumb\"},\"inLanguage\":\"en-US\",\"potentialAction\":[{\"@type\":\"ReadAction\",\"target\":[\"https:\/\/vitaminai.lt\/produktas\/berberino-kompleksas-n60\/\"]}]},{\"@type\":\"ImageObject\",\"inLanguage\":\"en-US\",\"@id\":\"https:\/\/vitaminai.lt\/produktas\/berberino-kompleksas-n60\/#primaryimage\",\"url\":\"https:\/\/vitaminai.lt\/wp-content\/uploads\/2026\/01\/Barberino-kompleksas_priekis-scaled.png\",\"contentUrl\":\"https:\/\/vitaminai.lt\/wp-content\/uploads\/2026\/01\/Barberino-kompleksas_priekis-scaled.png\",\"width\":2560,\"height\":2498},{\"@type\":\"BreadcrumbList\",\"@id\":\"https:\/\/vitaminai.lt\/produktas\/berberino-kompleksas-n60\/#breadcrumb\",\"itemListElement\":[{\"@type\":\"ListItem\",\"position\":1,\"name\":\"Home\",\"item\":\"https:\/\/vitaminai.lt\/\"},{\"@type\":\"ListItem\",\"position\":2,\"name\":\"Produktai\",\"item\":\"https:\/\/vitaminai.lt\/produktai\/\"},{\"@type\":\"ListItem\",\"position\":3,\"name\":\"Berberino kompleksas N60\"}]},{\"@type\":\"WebSite\",\"@id\":\"https:\/\/vitaminai.lt\/#website\",\"url\":\"https:\/\/vitaminai.lt\/\",\"name\":\"Vitaminai ir maisto papildai internetu | Vitaminai.lt\",\"description\":\"\",\"publisher\":{\"@id\":\"https:\/\/vitaminai.lt\/#organization\"},\"potentialAction\":[{\"@type\":\"SearchAction\",\"target\":{\"@type\":\"EntryPoint\",\"urlTemplate\":\"https:\/\/vitaminai.lt\/?s={search_term_string}\"},\"query-input\":{\"@type\":\"PropertyValueSpecification\",\"valueRequired\":true,\"valueName\":\"search_term_string\"}}],\"inLanguage\":\"en-US\"},{\"@type\":\"Organization\",\"@id\":\"https:\/\/vitaminai.lt\/#organization\",\"name\":\"Vitaminai ir maisto papildai internetu | Vitaminai.lt\",\"url\":\"https:\/\/vitaminai.lt\/\",\"logo\":{\"@type\":\"ImageObject\",\"inLanguage\":\"en-US\",\"@id\":\"https:\/\/vitaminai.lt\/#\/schema\/logo\/image\/\",\"url\":\"https:\/\/vitaminai.lt\/wp-content\/uploads\/2025\/01\/g212.png\",\"contentUrl\":\"https:\/\/vitaminai.lt\/wp-content\/uploads\/2025\/01\/g212.png\",\"width\":313,\"height\":74,\"caption\":\"Vitaminai ir maisto papildai internetu | Vitaminai.lt\"},\"image\":{\"@id\":\"https:\/\/vitaminai.lt\/#\/schema\/logo\/image\/\"},\"sameAs\":[\"https:\/\/www.facebook.com\/vitaminai\/\"]}]}<\/script>\n<!-- \/ Yoast SEO plugin. -->","yoast_head_json":{"title":"Berberino kompleksas N60 - Vitaminai ir maisto papildai internetu | Vitaminai.lt","robots":{"index":"index","follow":"follow","max-snippet":"max-snippet:-1","max-image-preview":"max-image-preview:large","max-video-preview":"max-video-preview:-1"},"canonical":"https:\/\/vitaminai.lt\/produktas\/berberino-kompleksas-n60\/","og_locale":"en_US","og_type":"article","og_title":"Berberino kompleksas N60 - Vitaminai ir maisto papildai internetu | Vitaminai.lt","og_description":"BERBERINO KOMPLEKSAS Maisto papildas | 60 kapsuli\u0173 \u201eBerberino kompleksas\u201c \u2013 tai maisto papildas, kurio sud\u0117tyje yra akuotojo rauger\u0161kio (Berberis aristata) \u0161akn\u0173 ir \u017eiev\u0117s saus\u0173j\u0173 ekstrakt\u0173, standartizuot\u0173 pagal veikli\u0105sias med\u017eiagas \u2013 berberino hidrochlorid\u0105 ir dihidroberberin\u0105 \u2013 redukuot\u0105 berberino form\u0105, kuri organizme gali b\u016bti efektyviau pasisavinama. Kas yra berberinas? Berberinas \u2013 tai nat\u016bralus augalin\u0117s kilm\u0117s alkaloidas, randamas [&hellip;]","og_url":"https:\/\/vitaminai.lt\/produktas\/berberino-kompleksas-n60\/","og_site_name":"Vitaminai ir maisto papildai internetu | Vitaminai.lt","article_publisher":"https:\/\/www.facebook.com\/vitaminai\/","article_modified_time":"2026-04-07T11:07:24+00:00","og_image":[{"width":2560,"height":2498,"url":"https:\/\/vitaminai.lt\/wp-content\/uploads\/2026\/01\/Barberino-kompleksas_priekis-scaled.png","type":"image\/png"}],"twitter_card":"summary_large_image","twitter_misc":{"Est. reading time":"2 minutes"},"schema":{"@context":"https:\/\/schema.org","@graph":[{"@type":"WebPage","@id":"https:\/\/vitaminai.lt\/produktas\/berberino-kompleksas-n60\/","url":"https:\/\/vitaminai.lt\/produktas\/berberino-kompleksas-n60\/","name":"Berberino kompleksas N60 - Vitaminai ir maisto papildai internetu | Vitaminai.lt","isPartOf":{"@id":"https:\/\/vitaminai.lt\/#website"},"primaryImageOfPage":{"@id":"https:\/\/vitaminai.lt\/produktas\/berberino-kompleksas-n60\/#primaryimage"},"image":{"@id":"https:\/\/vitaminai.lt\/produktas\/berberino-kompleksas-n60\/#primaryimage"},"thumbnailUrl":"https:\/\/vitaminai.lt\/wp-content\/uploads\/2026\/01\/Barberino-kompleksas_priekis-scaled.png","datePublished":"2026-01-23T07:23:13+00:00","dateModified":"2026-04-07T11:07:24+00:00","breadcrumb":{"@id":"https:\/\/vitaminai.lt\/produktas\/berberino-kompleksas-n60\/#breadcrumb"},"inLanguage":"en-US","potentialAction":[{"@type":"ReadAction","target":["https:\/\/vitaminai.lt\/produktas\/berberino-kompleksas-n60\/"]}]},{"@type":"ImageObject","inLanguage":"en-US","@id":"https:\/\/vitaminai.lt\/produktas\/berberino-kompleksas-n60\/#primaryimage","url":"https:\/\/vitaminai.lt\/wp-content\/uploads\/2026\/01\/Barberino-kompleksas_priekis-scaled.png","contentUrl":"https:\/\/vitaminai.lt\/wp-content\/uploads\/2026\/01\/Barberino-kompleksas_priekis-scaled.png","width":2560,"height":2498},{"@type":"BreadcrumbList","@id":"https:\/\/vitaminai.lt\/produktas\/berberino-kompleksas-n60\/#breadcrumb","itemListElement":[{"@type":"ListItem","position":1,"name":"Home","item":"https:\/\/vitaminai.lt\/"},{"@type":"ListItem","position":2,"name":"Produktai","item":"https:\/\/vitaminai.lt\/produktai\/"},{"@type":"ListItem","position":3,"name":"Berberino kompleksas N60"}]},{"@type":"WebSite","@id":"https:\/\/vitaminai.lt\/#website","url":"https:\/\/vitaminai.lt\/","name":"Vitaminai ir maisto papildai internetu | Vitaminai.lt","description":"","publisher":{"@id":"https:\/\/vitaminai.lt\/#organization"},"potentialAction":[{"@type":"SearchAction","target":{"@type":"EntryPoint","urlTemplate":"https:\/\/vitaminai.lt\/?s={search_term_string}"},"query-input":{"@type":"PropertyValueSpecification","valueRequired":true,"valueName":"search_term_string"}}],"inLanguage":"en-US"},{"@type":"Organization","@id":"https:\/\/vitaminai.lt\/#organization","name":"Vitaminai ir maisto papildai internetu | Vitaminai.lt","url":"https:\/\/vitaminai.lt\/","logo":{"@type":"ImageObject","inLanguage":"en-US","@id":"https:\/\/vitaminai.lt\/#\/schema\/logo\/image\/","url":"https:\/\/vitaminai.lt\/wp-content\/uploads\/2025\/01\/g212.png","contentUrl":"https:\/\/vitaminai.lt\/wp-content\/uploads\/2025\/01\/g212.png","width":313,"height":74,"caption":"Vitaminai ir maisto papildai internetu | Vitaminai.lt"},"image":{"@id":"https:\/\/vitaminai.lt\/#\/schema\/logo\/image\/"},"sameAs":["https:\/\/www.facebook.com\/vitaminai\/"]}]}},"_links":{"self":[{"href":"https:\/\/vitaminai.lt\/en\/wp-json\/wp\/v2\/product\/9218","targetHints":{"allow":["GET"]}}],"collection":[{"href":"https:\/\/vitaminai.lt\/en\/wp-json\/wp\/v2\/product"}],"about":[{"href":"https:\/\/vitaminai.lt\/en\/wp-json\/wp\/v2\/types\/product"}],"replies":[{"embeddable":true,"href":"https:\/\/vitaminai.lt\/en\/wp-json\/wp\/v2\/comments?post=9218"}],"wp:featuredmedia":[{"embeddable":true,"href":"https:\/\/vitaminai.lt\/en\/wp-json\/wp\/v2\/media\/11041"}],"wp:attachment":[{"href":"https:\/\/vitaminai.lt\/en\/wp-json\/wp\/v2\/media?parent=9218"}],"wp:term":[{"taxonomy":"product_brand","embeddable":true,"href":"https:\/\/vitaminai.lt\/en\/wp-json\/wp\/v2\/product_brand?post=9218"},{"taxonomy":"product_cat","embeddable":true,"href":"https:\/\/vitaminai.lt\/en\/wp-json\/wp\/v2\/product_cat?post=9218"},{"taxonomy":"product_tag","embeddable":true,"href":"https:\/\/vitaminai.lt\/en\/wp-json\/wp\/v2\/product_tag?post=9218"}],"curies":[{"name":"wp","href":"https:\/\/api.w.org\/{rel}","templated":true}]}}