{"id":9228,"date":"2026-01-23T12:01:36","date_gmt":"2026-01-23T10:01:36","guid":{"rendered":"https:\/\/vitaminai.lt\/?post_type=product&#038;p=9228"},"modified":"2026-04-08T10:25:19","modified_gmt":"2026-04-08T08:25:19","slug":"multivitaminai-vyrams-n60","status":"publish","type":"product","link":"https:\/\/vitaminai.lt\/en\/produktas\/multivitaminai-vyrams-n60\/","title":{"rendered":"MULTIVITAMINAI VYRAMS N60"},"content":{"rendered":"<h3><strong>MULTIVITAMINAI VYRAMS N60<\/strong><\/h3>\n<p><strong data-start=\"193\" data-end=\"234\">Maisto papildas | 60 kapsuli\u0173<\/strong><\/p>\n<hr \/>\n<p data-start=\"248\" data-end=\"676\"><strong data-start=\"248\" data-end=\"676\">\u201eMultivitaminai vyrams\u201c \u2013<\/strong> tai kompleksinis, plataus veikimo maisto papildas, skirtas <strong>bendrai organizmo b\u016bklei<\/strong> palaikyti. Jis apr\u016bpina organizm\u0105 pagrindiniais vitaminais ir mineralais, padeda <strong>energijos apykaitai<\/strong>, <strong>nerv\u0173 sistemai ir imunitetui<\/strong>, o d\u0117l sud\u0117tyje esan\u010di\u0173 aminor\u016bg\u0161\u010di\u0173 (L-karnitino, L-arginino) ir adaptogeno eleuterokoko gali prisid\u0117ti prie <strong>nuovargio ma\u017einimo, fizinio ir protinio darbingumo<\/strong> bei <strong>atsparumo stresui.<\/strong><\/p>\n<hr \/>\n<p data-start=\"678\" data-end=\"733\"><strong>Pagrindin\u0117s sudedamosios dalys ir nauda organizmui:<\/strong><\/p>\n<p data-start=\"735\" data-end=\"887\"><strong data-start=\"735\" data-end=\"752\">Folio r\u016bg\u0161tis<\/strong> padeda palaikyti normali\u0105 energijos apykait\u0105, normali\u0105 imunin\u0117s sistemos veikl\u0105, taip pat padeda ma\u017einti pavargimo jausm\u0105 ir nuovarg\u012f.<\/p>\n<p data-start=\"889\" data-end=\"1045\"><strong data-start=\"889\" data-end=\"899\">Cinkas<\/strong> padeda palaikyti normali\u0105 DNR sintez\u0119, normal\u0173 vaisingum\u0105 ir reprodukcij\u0105, normali\u0105 kaul\u0173 b\u016bkl\u0119 bei normali\u0105 testosterono koncentracij\u0105 kraujyje.<\/p>\n<p data-start=\"1047\" data-end=\"1213\"><strong data-start=\"1047\" data-end=\"1062\">Vitaminas C<\/strong> padeda palaikyti normali\u0105 imunin\u0117s sistemos veikl\u0105 intensyvaus fizinio kr\u016bvio metu ir po jo, taip pat padeda palaikyti normali\u0105 psichologin\u0119 funkcij\u0105.<\/p>\n<p data-start=\"1215\" data-end=\"1372\"><strong data-start=\"1215\" data-end=\"1231\">Vitaminas B6<\/strong> padeda palaikyti normali\u0105 baltym\u0173 ir glikogeno apykait\u0105, normal\u0173 raudon\u0173j\u0173 kraujo k\u016bneli\u0173 susidarym\u0105 bei padeda reguliuoti hormon\u0173 aktyvum\u0105.<\/p>\n<p data-start=\"1374\" data-end=\"1479\"><strong data-start=\"1374\" data-end=\"1389\">Vitaminas D<\/strong> padeda palaikyti normali\u0105 kaul\u0173 b\u016bkl\u0119, normali\u0105 raumen\u0173 funkcij\u0105 ir normali\u0105 dant\u0173 b\u016bkl\u0119.<\/p>\n<p data-start=\"1481\" data-end=\"1620\"><strong data-start=\"1481\" data-end=\"1492\">Selenas<\/strong> padeda palaikyti normali\u0105 spermatogenez\u0119, normali\u0105 plauk\u0173 ir nag\u0173 b\u016bkl\u0119 bei padeda apsaugoti l\u0105steles nuo oksidacin\u0117s pa\u017eaidos.<\/p>\n<hr \/>\n<p data-start=\"1622\" data-end=\"1658\"><strong>Kam skirtas \u0161is maisto papildas?<\/strong><\/p>\n<p data-start=\"1660\" data-end=\"1864\"><strong data-start=\"1660\" data-end=\"1670\">Vyrams<\/strong>, kuriems reikalinga kompleksin\u0117 organizmo palaikymo priemon\u0117, ypa\u010d palaikant aktyv\u0173 gyvenimo b\u016bd\u0105, esant dideliam fiziniam ar protiniam kr\u016bviui, silpnam imunitetui, jau\u010diant nuovarg\u012f ar stres\u0105.<\/p>\n","protected":false},"excerpt":{"rendered":"<p>MULTIVITAMINAI VYRAMS N60 Maisto papildas | 60 kapsuli\u0173 \u201eMultivitaminai vyrams\u201c \u2013 tai kompleksinis, plataus veikimo maisto papildas, skirtas bendrai organizmo b\u016bklei palaikyti. Jis apr\u016bpina organizm\u0105 pagrindiniais vitaminais ir mineralais, padeda energijos apykaitai, nerv\u0173 sistemai ir imunitetui, o d\u0117l sud\u0117tyje esan\u010di\u0173 aminor\u016bg\u0161\u010di\u0173 (L-karnitino, L-arginino) ir adaptogeno eleuterokoko gali prisid\u0117ti prie nuovargio ma\u017einimo, fizinio ir protinio darbingumo [&hellip;]<\/p>\n","protected":false},"featured_media":9231,"comment_status":"open","ping_status":"closed","template":"","meta":[],"product_brand":[],"product_cat":[278,260,396,276,277,404,257,294,318,368,15,37,245,247,248,249,179,229,26,143,48,144,59,186,61,30,66,69,92,95,96,97],"product_tag":[],"class_list":{"0":"post-9228","1":"product","2":"type-product","3":"status-publish","4":"has-post-thumbnail","6":"product_cat-energijos-apykaitai","7":"product_cat-imunitetui-privalumai","8":"product_cat-itampai-nusiraminimui","9":"product_cat-nervu-sistemai-privalumai","10":"product_cat-nuovargio-mazinimui-privalumai","11":"product_cat-papildai-susikaupimui-ir-protinei-veiklai","12":"product_cat-privalumai","13":"product_cat-psichologinei-funkcijai-privalumai","14":"product_cat-raumenims-privalumai-2","15":"product_cat-sportuojantiems-pagrindines-kategorijos","16":"product_cat-uncategorized","17":"product_cat-kapsules","18":"product_cat-vyrams","19":"product_cat-energijai-pagrindines-kategorijos","20":"product_cat-imunitetui-pagrindines-kategorijos","21":"product_cat-nervu-sistemai-pagrindines-kategorijos","22":"product_cat-dantims","23":"product_cat-emocinei-pusiausvyrai","24":"product_cat-energijai","25":"product_cat-hormonu-reguliavimui","26":"product_cat-kaulams","27":"product_cat-smegenu-veiklai","28":"product_cat-sportuojantiems","29":"product_cat-vyriskumo-palaikymui","30":"product_cat-vyriskumui","31":"product_cat-vyrai","32":"product_cat-cinkas","33":"product_cat-folio-rugstis","34":"product_cat-selenas","35":"product_cat-vitaminas-b","36":"product_cat-vitaminas-c","37":"product_cat-vitaminas-d","39":"first","40":"instock","41":"shipping-taxable","42":"purchasable","43":"product-type-simple"},"yoast_head":"<!-- This site is optimized with the Yoast SEO plugin v26.6 - https:\/\/yoast.com\/wordpress\/plugins\/seo\/ -->\n<title>MULTIVITAMINAI VYRAMS N60 - Vitaminai ir maisto papildai internetu | Vitaminai.lt<\/title>\n<meta name=\"robots\" content=\"index, follow, max-snippet:-1, max-image-preview:large, max-video-preview:-1\" \/>\n<link rel=\"canonical\" href=\"https:\/\/vitaminai.lt\/produktas\/multivitaminai-vyrams-n60\/\" \/>\n<meta property=\"og:locale\" content=\"en_US\" \/>\n<meta property=\"og:type\" content=\"article\" \/>\n<meta property=\"og:title\" content=\"MULTIVITAMINAI VYRAMS N60 - Vitaminai ir maisto papildai internetu | Vitaminai.lt\" \/>\n<meta property=\"og:description\" content=\"MULTIVITAMINAI VYRAMS N60 Maisto papildas | 60 kapsuli\u0173 \u201eMultivitaminai vyrams\u201c \u2013 tai kompleksinis, plataus veikimo maisto papildas, skirtas bendrai organizmo b\u016bklei palaikyti. Jis apr\u016bpina organizm\u0105 pagrindiniais vitaminais ir mineralais, padeda energijos apykaitai, nerv\u0173 sistemai ir imunitetui, o d\u0117l sud\u0117tyje esan\u010di\u0173 aminor\u016bg\u0161\u010di\u0173 (L-karnitino, L-arginino) ir adaptogeno eleuterokoko gali prisid\u0117ti prie nuovargio ma\u017einimo, fizinio ir protinio darbingumo [&hellip;]\" \/>\n<meta property=\"og:url\" content=\"https:\/\/vitaminai.lt\/produktas\/multivitaminai-vyrams-n60\/\" \/>\n<meta property=\"og:site_name\" content=\"Vitaminai ir maisto papildai internetu | Vitaminai.lt\" \/>\n<meta property=\"article:publisher\" content=\"https:\/\/www.facebook.com\/vitaminai\/\" \/>\n<meta property=\"article:modified_time\" content=\"2026-04-08T08:25:19+00:00\" \/>\n<meta property=\"og:image\" content=\"https:\/\/vitaminai.lt\/wp-content\/uploads\/2026\/01\/Multivit-vyrams_priekis-scaled.png\" \/>\n\t<meta property=\"og:image:width\" content=\"2560\" \/>\n\t<meta property=\"og:image:height\" content=\"2498\" \/>\n\t<meta property=\"og:image:type\" content=\"image\/png\" \/>\n<meta name=\"twitter:card\" content=\"summary_large_image\" \/>\n<meta name=\"twitter:label1\" content=\"Est. reading time\" \/>\n\t<meta name=\"twitter:data1\" content=\"2 minutes\" \/>\n<script type=\"application\/ld+json\" class=\"yoast-schema-graph\">{\"@context\":\"https:\/\/schema.org\",\"@graph\":[{\"@type\":\"WebPage\",\"@id\":\"https:\/\/vitaminai.lt\/produktas\/multivitaminai-vyrams-n60\/\",\"url\":\"https:\/\/vitaminai.lt\/produktas\/multivitaminai-vyrams-n60\/\",\"name\":\"MULTIVITAMINAI VYRAMS N60 - Vitaminai ir maisto papildai internetu | Vitaminai.lt\",\"isPartOf\":{\"@id\":\"https:\/\/vitaminai.lt\/#website\"},\"primaryImageOfPage\":{\"@id\":\"https:\/\/vitaminai.lt\/produktas\/multivitaminai-vyrams-n60\/#primaryimage\"},\"image\":{\"@id\":\"https:\/\/vitaminai.lt\/produktas\/multivitaminai-vyrams-n60\/#primaryimage\"},\"thumbnailUrl\":\"https:\/\/vitaminai.lt\/wp-content\/uploads\/2026\/01\/Multivit-vyrams_priekis-scaled.png\",\"datePublished\":\"2026-01-23T10:01:36+00:00\",\"dateModified\":\"2026-04-08T08:25:19+00:00\",\"breadcrumb\":{\"@id\":\"https:\/\/vitaminai.lt\/produktas\/multivitaminai-vyrams-n60\/#breadcrumb\"},\"inLanguage\":\"en-US\",\"potentialAction\":[{\"@type\":\"ReadAction\",\"target\":[\"https:\/\/vitaminai.lt\/produktas\/multivitaminai-vyrams-n60\/\"]}]},{\"@type\":\"ImageObject\",\"inLanguage\":\"en-US\",\"@id\":\"https:\/\/vitaminai.lt\/produktas\/multivitaminai-vyrams-n60\/#primaryimage\",\"url\":\"https:\/\/vitaminai.lt\/wp-content\/uploads\/2026\/01\/Multivit-vyrams_priekis-scaled.png\",\"contentUrl\":\"https:\/\/vitaminai.lt\/wp-content\/uploads\/2026\/01\/Multivit-vyrams_priekis-scaled.png\",\"width\":2560,\"height\":2498},{\"@type\":\"BreadcrumbList\",\"@id\":\"https:\/\/vitaminai.lt\/produktas\/multivitaminai-vyrams-n60\/#breadcrumb\",\"itemListElement\":[{\"@type\":\"ListItem\",\"position\":1,\"name\":\"Home\",\"item\":\"https:\/\/vitaminai.lt\/\"},{\"@type\":\"ListItem\",\"position\":2,\"name\":\"Produktai\",\"item\":\"https:\/\/vitaminai.lt\/produktai\/\"},{\"@type\":\"ListItem\",\"position\":3,\"name\":\"MULTIVITAMINAI VYRAMS N60\"}]},{\"@type\":\"WebSite\",\"@id\":\"https:\/\/vitaminai.lt\/#website\",\"url\":\"https:\/\/vitaminai.lt\/\",\"name\":\"Vitaminai ir maisto papildai internetu | Vitaminai.lt\",\"description\":\"\",\"publisher\":{\"@id\":\"https:\/\/vitaminai.lt\/#organization\"},\"potentialAction\":[{\"@type\":\"SearchAction\",\"target\":{\"@type\":\"EntryPoint\",\"urlTemplate\":\"https:\/\/vitaminai.lt\/?s={search_term_string}\"},\"query-input\":{\"@type\":\"PropertyValueSpecification\",\"valueRequired\":true,\"valueName\":\"search_term_string\"}}],\"inLanguage\":\"en-US\"},{\"@type\":\"Organization\",\"@id\":\"https:\/\/vitaminai.lt\/#organization\",\"name\":\"Vitaminai ir maisto papildai internetu | Vitaminai.lt\",\"url\":\"https:\/\/vitaminai.lt\/\",\"logo\":{\"@type\":\"ImageObject\",\"inLanguage\":\"en-US\",\"@id\":\"https:\/\/vitaminai.lt\/#\/schema\/logo\/image\/\",\"url\":\"https:\/\/vitaminai.lt\/wp-content\/uploads\/2025\/01\/g212.png\",\"contentUrl\":\"https:\/\/vitaminai.lt\/wp-content\/uploads\/2025\/01\/g212.png\",\"width\":313,\"height\":74,\"caption\":\"Vitaminai ir maisto papildai internetu | Vitaminai.lt\"},\"image\":{\"@id\":\"https:\/\/vitaminai.lt\/#\/schema\/logo\/image\/\"},\"sameAs\":[\"https:\/\/www.facebook.com\/vitaminai\/\"]}]}<\/script>\n<!-- \/ Yoast SEO plugin. -->","yoast_head_json":{"title":"MULTIVITAMINAI VYRAMS N60 - Vitaminai ir maisto papildai internetu | Vitaminai.lt","robots":{"index":"index","follow":"follow","max-snippet":"max-snippet:-1","max-image-preview":"max-image-preview:large","max-video-preview":"max-video-preview:-1"},"canonical":"https:\/\/vitaminai.lt\/produktas\/multivitaminai-vyrams-n60\/","og_locale":"en_US","og_type":"article","og_title":"MULTIVITAMINAI VYRAMS N60 - Vitaminai ir maisto papildai internetu | Vitaminai.lt","og_description":"MULTIVITAMINAI VYRAMS N60 Maisto papildas | 60 kapsuli\u0173 \u201eMultivitaminai vyrams\u201c \u2013 tai kompleksinis, plataus veikimo maisto papildas, skirtas bendrai organizmo b\u016bklei palaikyti. Jis apr\u016bpina organizm\u0105 pagrindiniais vitaminais ir mineralais, padeda energijos apykaitai, nerv\u0173 sistemai ir imunitetui, o d\u0117l sud\u0117tyje esan\u010di\u0173 aminor\u016bg\u0161\u010di\u0173 (L-karnitino, L-arginino) ir adaptogeno eleuterokoko gali prisid\u0117ti prie nuovargio ma\u017einimo, fizinio ir protinio darbingumo [&hellip;]","og_url":"https:\/\/vitaminai.lt\/produktas\/multivitaminai-vyrams-n60\/","og_site_name":"Vitaminai ir maisto papildai internetu | Vitaminai.lt","article_publisher":"https:\/\/www.facebook.com\/vitaminai\/","article_modified_time":"2026-04-08T08:25:19+00:00","og_image":[{"width":2560,"height":2498,"url":"https:\/\/vitaminai.lt\/wp-content\/uploads\/2026\/01\/Multivit-vyrams_priekis-scaled.png","type":"image\/png"}],"twitter_card":"summary_large_image","twitter_misc":{"Est. reading time":"2 minutes"},"schema":{"@context":"https:\/\/schema.org","@graph":[{"@type":"WebPage","@id":"https:\/\/vitaminai.lt\/produktas\/multivitaminai-vyrams-n60\/","url":"https:\/\/vitaminai.lt\/produktas\/multivitaminai-vyrams-n60\/","name":"MULTIVITAMINAI VYRAMS N60 - Vitaminai ir maisto papildai internetu | Vitaminai.lt","isPartOf":{"@id":"https:\/\/vitaminai.lt\/#website"},"primaryImageOfPage":{"@id":"https:\/\/vitaminai.lt\/produktas\/multivitaminai-vyrams-n60\/#primaryimage"},"image":{"@id":"https:\/\/vitaminai.lt\/produktas\/multivitaminai-vyrams-n60\/#primaryimage"},"thumbnailUrl":"https:\/\/vitaminai.lt\/wp-content\/uploads\/2026\/01\/Multivit-vyrams_priekis-scaled.png","datePublished":"2026-01-23T10:01:36+00:00","dateModified":"2026-04-08T08:25:19+00:00","breadcrumb":{"@id":"https:\/\/vitaminai.lt\/produktas\/multivitaminai-vyrams-n60\/#breadcrumb"},"inLanguage":"en-US","potentialAction":[{"@type":"ReadAction","target":["https:\/\/vitaminai.lt\/produktas\/multivitaminai-vyrams-n60\/"]}]},{"@type":"ImageObject","inLanguage":"en-US","@id":"https:\/\/vitaminai.lt\/produktas\/multivitaminai-vyrams-n60\/#primaryimage","url":"https:\/\/vitaminai.lt\/wp-content\/uploads\/2026\/01\/Multivit-vyrams_priekis-scaled.png","contentUrl":"https:\/\/vitaminai.lt\/wp-content\/uploads\/2026\/01\/Multivit-vyrams_priekis-scaled.png","width":2560,"height":2498},{"@type":"BreadcrumbList","@id":"https:\/\/vitaminai.lt\/produktas\/multivitaminai-vyrams-n60\/#breadcrumb","itemListElement":[{"@type":"ListItem","position":1,"name":"Home","item":"https:\/\/vitaminai.lt\/"},{"@type":"ListItem","position":2,"name":"Produktai","item":"https:\/\/vitaminai.lt\/produktai\/"},{"@type":"ListItem","position":3,"name":"MULTIVITAMINAI VYRAMS N60"}]},{"@type":"WebSite","@id":"https:\/\/vitaminai.lt\/#website","url":"https:\/\/vitaminai.lt\/","name":"Vitaminai ir maisto papildai internetu | Vitaminai.lt","description":"","publisher":{"@id":"https:\/\/vitaminai.lt\/#organization"},"potentialAction":[{"@type":"SearchAction","target":{"@type":"EntryPoint","urlTemplate":"https:\/\/vitaminai.lt\/?s={search_term_string}"},"query-input":{"@type":"PropertyValueSpecification","valueRequired":true,"valueName":"search_term_string"}}],"inLanguage":"en-US"},{"@type":"Organization","@id":"https:\/\/vitaminai.lt\/#organization","name":"Vitaminai ir maisto papildai internetu | Vitaminai.lt","url":"https:\/\/vitaminai.lt\/","logo":{"@type":"ImageObject","inLanguage":"en-US","@id":"https:\/\/vitaminai.lt\/#\/schema\/logo\/image\/","url":"https:\/\/vitaminai.lt\/wp-content\/uploads\/2025\/01\/g212.png","contentUrl":"https:\/\/vitaminai.lt\/wp-content\/uploads\/2025\/01\/g212.png","width":313,"height":74,"caption":"Vitaminai ir maisto papildai internetu | Vitaminai.lt"},"image":{"@id":"https:\/\/vitaminai.lt\/#\/schema\/logo\/image\/"},"sameAs":["https:\/\/www.facebook.com\/vitaminai\/"]}]}},"_links":{"self":[{"href":"https:\/\/vitaminai.lt\/en\/wp-json\/wp\/v2\/product\/9228","targetHints":{"allow":["GET"]}}],"collection":[{"href":"https:\/\/vitaminai.lt\/en\/wp-json\/wp\/v2\/product"}],"about":[{"href":"https:\/\/vitaminai.lt\/en\/wp-json\/wp\/v2\/types\/product"}],"replies":[{"embeddable":true,"href":"https:\/\/vitaminai.lt\/en\/wp-json\/wp\/v2\/comments?post=9228"}],"wp:featuredmedia":[{"embeddable":true,"href":"https:\/\/vitaminai.lt\/en\/wp-json\/wp\/v2\/media\/9231"}],"wp:attachment":[{"href":"https:\/\/vitaminai.lt\/en\/wp-json\/wp\/v2\/media?parent=9228"}],"wp:term":[{"taxonomy":"product_brand","embeddable":true,"href":"https:\/\/vitaminai.lt\/en\/wp-json\/wp\/v2\/product_brand?post=9228"},{"taxonomy":"product_cat","embeddable":true,"href":"https:\/\/vitaminai.lt\/en\/wp-json\/wp\/v2\/product_cat?post=9228"},{"taxonomy":"product_tag","embeddable":true,"href":"https:\/\/vitaminai.lt\/en\/wp-json\/wp\/v2\/product_tag?post=9228"}],"curies":[{"name":"wp","href":"https:\/\/api.w.org\/{rel}","templated":true}]}}